{"id":245777,"date":"2025-07-06T10:54:10","date_gmt":"2025-07-06T17:54:10","guid":{"rendered":"https:\/\/kdexpress.ca\/?page_id=245777"},"modified":"2025-07-06T10:54:10","modified_gmt":"2025-07-06T17:54:10","slug":"check-out-service-agreement","status":"publish","type":"page","link":"https:\/\/kdexpress.ca\/vi\/check-out-service-agreement\/","title":{"rendered":"Check-out Service Agreement"},"content":{"rendered":"<p><strong>Mail box\/Check out service agreement<\/strong><\/p>\n<p>This Mailbox Service Agreement (the &#8220;Agreement&#8221;) is entered between the Parties herein identified as the Customer identified by name on this form and KDExpress, a company duly registered and doing business in British Columbia, Canada, with its principal place of business at 4450 Juneau St, Burnaby, BC V5C4C8 or at one of its agent\u2019s address. (hereinafter referred to as the &#8220;Provider&#8221;).<\/p>\n<p>WHEREAS, the Customer seeks to avail mailbox services from KDExpress for the management and receipt of mail and parcels; and<\/p>\n<p>WHEREAS, KDExpress is willing to provide mailbox services to the Customer, subject to the terms and conditions set forth herein.<\/p>\n<p>NOW, THEREFORE, in consideration of the mutual promises and covenants contained in this Agreement, the parties hereby agree as follows:<\/p>\n<p>1. Mailbox Services<br \/>\nKDExpress agrees to allocate a mailbox to the Customer and assign a mailbox code. The mailbox shall be used for the reception of mail and parcels delivered via Canada Post and Private Courier Companies.<\/p>\n<p>2. Compliance with Applicable Laws<br \/>\nThe Customer shall make use of the mailbox services provided by KDExpress in full compliance with all pertinent federal, provincial, and local laws and regulations. The Customer shall not employ the mailbox for any unlawful or unauthorized purposes as prohibited by the governing laws.<\/p>\n<p>3. Receipt of Shipments<br \/>\nKDExpress, functioning solely as an agent for the acceptance of mail and parcel deliveries, is authorized to acknowledge receipt of all shipments addressed to the Customer or any authorized joint holder as specified in this Agreement. The Customer acknowledges that KDExpress may not receive mail or parcel deliveries on behalf of individuals who are not explicitly listed in this Agreement. Additional names may be added to this Agreement upon the Customer&#8217;s written request.<\/p>\n<p>4. Confidentiality<br \/>\nKDExpress undertakes to preserve the confidentiality of all information provided by the Customer and will not disclose such information except as required by legal compulsion or when demanded by law enforcement or government authorities.<\/p>\n<p>5. Termination of Agreement<br \/>\nThe Customer recognizes that KDExpress holds the right to terminate or cancel this Agreement for cause at any time without prior notice.<\/p>\n<p>6. Prohibited Actions<br \/>\nThe Customer is strictly prohibited from engaging in the following activities in connection with the use of the mailbox and KDExpress&#8217;s services:<\/p>\n<p>a. Listing the mailbox address as a business location on Google My Business or any similar service without a &#8220;Mailing Address&#8221; qualification.<br \/>\nb. Using the mailbox address on official documentation as the Customer&#8217;s business location.<br \/>\nc. Using the mailbox address for merchant accounts.<br \/>\nd. Creating the impression that the mailbox address is an actual office location or place of business for the Customer&#8217;s company.<br \/>\ne. Using the mailbox address to receive materials, substances, or content that violate courier guidelines and restrictions.<br \/>\nf. Using the mailbox address to receive illegal or prohibited materials, including but not limited to illegal substances and child pornography.<br \/>\ng. Using the mailbox address in any attempt to deceive, defraud, harass, threaten, blackmail, traffic in illegal goods, or engage in any illegal activities.<\/p>\n<p>7. Liability<br \/>\nKDExpress shall not be held liable for any claims, demands, or causes of action arising from the use or possession of items, including mail and parcels, or for the damage to or loss of mailbox contents, except in cases of gross negligence or willful misconduct.<\/p>\n<p>8. Limitation of Liability<br \/>\nThe total liability of KDExpress for all claims is limited to $200 regardless of the nature of the claim.<\/p>\n<p>9. Governing Law<br \/>\nThis Agreement shall be governed by and interpreted in accordance with the laws of the province of British Columbia, Canada.<\/p>\n<p>10. Entire Agreement<br \/>\nThis Agreement constitutes the entire understanding between the parties and supersedes all previous agreements, understandings, and representations.<\/p>\n<p>&nbsp;<\/p>\n<p>H\u1ee3p \u0110\u1ed3ng D\u1ecbch V\u1ee5 H\u1ed9p Th\u01b0\/Check-out<\/p>\n<p>H\u1ee3p \u0111\u1ed3ng D\u1ecbch v\u1ee5 H\u1ed9p th\u01b0 n\u00e0y (g\u1ecdi t\u1eaft l\u00e0 &#8220;H\u1ee3p \u0111\u1ed3ng&#8221;) \u0111\u01b0\u1ee3c k\u00fd k\u1ebft Kh\u00e1ch H\u00e0ng c\u00f3 t\u00ean trong form n\u00e0y (g\u1ecdi t\u1eaft l\u00e0 Kh\u00e1ch H\u00e0ng&#8221;), v\u00e0 KDExpress, m\u1ed9t c\u00f4ng ty \u0111\u00e3 \u0111\u0103ng k\u00fd v\u00e0 ho\u1ea1t \u0111\u1ed9ng t\u1ea1i t\u1ec9nh British Columbia, Canada, v\u1edbi tr\u1ee5 s\u1edf ch\u00ednh t\u1ea1i 4450 Juneau St, Burnaby, BC V5C4C8 v\u00e0 c\u00e1c \u0111\u1ecba ch\u1ec9 \u0111\u1ea1i l\u00fd kh\u00e1c c\u1ee7a KDExpress (g\u1ecdi t\u1eaft l\u00e0 &#8220;Nh\u00e0 Cung C\u1ea5p&#8221;).<\/p>\n<p>X\u00c9T R\u1eb0NG, Kh\u00e1ch H\u00e0ng mong mu\u1ed1n s\u1eed d\u1ee5ng d\u1ecbch v\u1ee5 h\u1ed9p th\u01b0 t\u1eeb KDExpress \u0111\u1ec3 qu\u1ea3n l\u00fd v\u00e0 nh\u1eadn th\u01b0 v\u00e0 b\u01b0u ki\u1ec7n; v\u00e0<\/p>\n<p>X\u00c9T R\u1eb0NG, KDExpress s\u1eb5n s\u00e0ng cung c\u1ea5p d\u1ecbch v\u1ee5 h\u1ed9p th\u01b0 cho Kh\u00e1ch H\u00e0ng, tu\u00e2n theo c\u00e1c \u0111i\u1ec1u kho\u1ea3n v\u00e0 \u0111i\u1ec1u ki\u1ec7n quy \u0111\u1ecbnh d\u01b0\u1edbi \u0111\u00e2y.<\/p>\n<p>B\u00c2Y GI\u1edc, D\u1ef0A TR\u00caN CAM K\u1ebeT L\u1eaaN NHAU CH\u1ee8A TRONG H\u1ee2P \u0110\u1ed2NG N\u00c0Y, C\u00c1C B\u00caN TH\u1ed0NG NH\u1ea4T \u0110\u1ed2NG \u00dd NH\u01af SAU:<\/p>\n<p>1. D\u1ecbch V\u1ee5 H\u1ed9p Th\u01b0<br \/>\nKDExpress \u0111\u1ed3ng \u00fd g\u00e1n m\u1ed9t h\u1ed9p th\u01b0 cho Kh\u00e1ch H\u00e0ng, \u0111\u01b0\u1ee3c \u0111\u1ecbnh danh l\u00e0 [S\u1ed1 H\u1ed9p Th\u01b0]. H\u1ed9p th\u01b0 n\u00e0y s\u1ebd \u0111\u01b0\u1ee3c s\u1eed d\u1ee5ng \u0111\u1ec3 nh\u1eadn th\u01b0 v\u00e0 b\u01b0u ki\u1ec7n \u0111\u01b0\u1ee3c g\u1eedi qua Canada Post v\u00e0 C\u00e1c C\u00f4ng Ty D\u1ecbch V\u1ee5 H\u00e0ng H\u00f3a Ri\u00eang.<\/p>\n<p>2. Tu\u00e2n Th\u1ee7 Lu\u1eadt Ph\u00e1p<br \/>\nKh\u00e1ch H\u00e0ng ph\u1ea3i s\u1eed d\u1ee5ng d\u1ecbch v\u1ee5 h\u1ed9p th\u01b0 \u0111\u01b0\u1ee3c cung c\u1ea5p b\u1edfi KDExpress tu\u00e2n theo t\u1ea5t c\u1ea3 c\u00e1c lu\u1eadt ph\u00e1p li\u00ean quan c\u1ee7a li\u00ean bang, t\u1ec9nh v\u00e0 \u0111\u1ecba ph\u01b0\u01a1ng. Kh\u00e1ch H\u00e0ng kh\u00f4ng \u0111\u01b0\u1ee3c s\u1eed d\u1ee5ng h\u1ed9p th\u01b0 cho b\u1ea5t k\u1ef3 m\u1ee5c \u0111\u00edch b\u1ea5t h\u1ee3p ph\u00e1p ho\u1eb7c kh\u00f4ng \u0111\u01b0\u1ee3c \u1ee7y nhi\u1ec7m theo lu\u1eadt.<\/p>\n<p>3. Ti\u1ebfp Nh\u1eadn H\u00e0ng H\u00f3a<br \/>\nKDExpress, ch\u1ec9 ho\u1ea1t \u0111\u1ed9ng nh\u01b0 m\u1ed9t \u0111\u1ea1i l\u00fd \u0111\u1ec3 ti\u1ebfp nh\u1eadn th\u01b0 v\u00e0 h\u00e0ng h\u00f3a, \u0111\u01b0\u1ee3c \u1ee7y quy\u1ec1n \u0111\u1ec3 k\u00fd nh\u1eadn t\u1ea5t c\u1ea3 c\u00e1c l\u00f4 h\u00e0ng g\u1eedi \u0111\u1ebfn Kh\u00e1ch H\u00e0ng ho\u1eb7c b\u1ea5t k\u1ef3 ng\u01b0\u1eddi n\u1eafm gi\u1eef chung n\u00e0o \u0111\u01b0\u1ee3c x\u00e1c \u0111\u1ecbnh trong H\u1ee3p \u0110\u1ed3ng n\u00e0y. Kh\u00e1ch H\u00e0ng th\u1eeba nh\u1eadn r\u1eb1ng KDExpress c\u00f3 th\u1ec3 kh\u00f4ng ti\u1ebfp nh\u1eadn th\u01b0 ho\u1eb7c h\u00e0ng h\u00f3a g\u1eedi \u0111\u1ebfn nh\u1eefng ng\u01b0\u1eddi kh\u00f4ng \u0111\u01b0\u1ee3c ghi r\u00f5 trong H\u1ee3p \u0110\u1ed3ng. T\u00ean c\u1ee7a ng\u01b0\u1eddi \u0111\u01b0\u1ee3c ph\u00e9p \u0111\u01b0\u1ee3c th\u00eam v\u00e0o H\u1ee3p \u0110\u1ed3ng sau khi Kh\u00e1ch H\u00e0ng y\u00eau c\u1ea7u b\u1eb1ng v\u0103n b\u1ea3n.<\/p>\n<p>4. B\u1ea3o M\u1eadt Th\u00f4ng Tin<br \/>\nKDExpress cam k\u1ebft b\u1ea3o qu\u1ea3n t\u00ednh b\u00ed m\u1eadt c\u1ee7a t\u1ea5t c\u1ea3 th\u00f4ng tin m\u00e0 Kh\u00e1ch H\u00e0ng cung c\u1ea5p v\u00e0 s\u1ebd kh\u00f4ng ti\u1ebft l\u1ed9 th\u00f4ng tin \u0111\u00f3 ngo\u1ea1i tr\u1eeb khi b\u1ecb b\u1eaft bu\u1ed9c b\u1edfi lu\u1eadt ph\u00e1p ho\u1eb7c theo y\u00eau c\u1ea7u c\u1ee7a c\u01a1 quan th\u1ef1c thi ph\u00e1p lu\u1eadt ho\u1eb7c ch\u00ednh quy\u1ec1n.<\/p>\n<p>5. Ch\u1ea5m D\u1ee9t H\u1ee3p \u0110\u1ed3ng<br \/>\nKh\u00e1ch H\u00e0ng th\u1eeba nh\u1eadn r\u1eb1ng KDExpress c\u00f3 quy\u1ec1n ch\u1ea5m d\u1ee9t ho\u1eb7c h\u1ee7y b\u1ecf H\u1ee3p \u0110\u1ed3ng n\u00e0y v\u00ec l\u00fd do n\u00e0o \u0111\u00f3 m\u00e0 kh\u00f4ng c\u1ea7n th\u00f4ng b\u00e1o tr\u01b0\u1edbc.<\/p>\n<p>6. H\u00e0nh Vi C\u1ea5m<br \/>\nKh\u00e1ch H\u00e0ng nghi\u00eam c\u1ea5m th\u1ef1c hi\u1ec7n c\u00e1c h\u00e0nh vi sau \u0111\u00e2y trong qu\u00e1 tr\u00ecnh s\u1eed d\u1ee5ng h\u1ed9p th\u01b0 v\u00e0 d\u1ecbch v\u1ee5 c\u1ee7a KDExpress:<\/p>\n<p>a. Li\u1ec7t k\u00ea \u0111\u1ecba ch\u1ec9 h\u1ed9p th\u01b0 tr\u00ean Google My Business ho\u1eb7c b\u1ea5t k\u1ef3 d\u1ecbch v\u1ee5 t\u01b0\u01a1ng t\u1ef1 n\u00e0o m\u00e0 kh\u00f4ng c\u00f3 &#8220;\u0110\u1ecba Ch\u1ec9 Th\u01b0&#8221; l\u00e0m m\u1ee5c ti\u00eau.<br \/>\nb. S\u1eed d\u1ee5ng \u0111\u1ecba ch\u1ec9 h\u1ed9p th\u01b0 tr\u00ean t\u00e0i li\u1ec7u ch\u00ednh th\u1ee9c l\u00e0 \u0111\u1ecba \u0111i\u1ec3m kinh doanh c\u1ee7a Kh\u00e1ch H\u00e0ng.<br \/>\nc. S\u1eed d\u1ee5ng \u0111\u1ecba ch\u1ec9 h\u1ed9p th\u01b0 cho c\u00e1c t\u00e0i kho\u1ea3n th\u01b0\u01a1ng gia.<br \/>\nd. T\u1ea1o \u1ea5n t\u01b0\u1ee3ng r\u1eb1ng \u0111\u1ecba ch\u1ec9 h\u1ed9p th\u01b0 l\u00e0 m\u1ed9t \u0111\u1ecba \u0111i\u1ec3m v\u0103n ph\u00f2ng th\u1ef1c s\u1ef1 ho\u1eb7c \u0111\u1ecba \u0111i\u1ec3m kinh doanh th\u1ef1c c\u1ee7a c\u00f4ng ty c\u1ee7a Kh\u00e1ch H\u00e0ng.<br \/>\ne. S\u1eed d\u1ee5ng \u0111\u1ecba ch\u1ec9 h\u1ed9p th\u01b0 \u0111\u1ec3 nh\u1eadn c\u00e1c t\u00e0i li\u1ec7u, ch\u1ea5t li\u1ec7u ho\u1eb7c n\u1ed9i dung vi ph\u1ea1m c\u00e1c h\u01b0\u1edbng d\u1eabn v\u00e0 h\u1ea1n ch\u1ebf c\u1ee7a d\u1ecbch v\u1ee5 giao h\u00e0ng.<br \/>\nf. S\u1eed d\u1ee5ng \u0111\u1ecba ch\u1ec9 h\u1ed9p th\u01b0 \u0111\u1ec3 nh\u1eadn c\u00e1c t\u00e0i li\u1ec7u vi ph\u1ea1m lu\u1eadt, bao g\u1ed3m nh\u01b0ng kh\u00f4ng gi\u1edbi h\u1ea1n trong vi\u1ec7c g\u1eedi c\u00e1c ch\u1ea5t li\u1ec7u vi ph\u1ea1m ho\u1eb7c n\u1ed9i dung b\u1ea5t h\u1ee3p ph\u00e1p nh\u01b0 ch\u1ea5t c\u1ea5m v\u00e0 n\u1ed9i dung vi ph\u1ea1m quy \u0111\u1ecbnh lu\u1eadt ph\u00e1p.<br \/>\ng. S\u1eed d\u1ee5ng \u0111\u1ecba ch\u1ec9 h\u1ed9p th\u01b0 cho m\u1ee5c \u0111\u00edch l\u1eeba d\u1ed1i, l\u1eeba g\u1ea1t, qu\u1ea5y r\u1ed1i, \u0111e d\u1ecda, t\u1ed1ng ti\u1ec1n, bu\u00f4n b\u00e1n h\u00e0ng h\u00f3a b\u1ea5t h\u1ee3p ph\u00e1p ho\u1eb7c tham gia v\u00e0o b\u1ea5t k\u1ef3 ho\u1ea1t \u0111\u1ed9ng b\u1ea5t h\u1ee3p ph\u00e1p n\u00e0o.<\/p>\n<p>7. Tr\u00e1ch Nhi\u1ec7m<br \/>\nKDExpress s\u1ebd kh\u00f4ng ch\u1ecbu tr\u00e1ch nhi\u1ec7m \u0111\u1ed1i v\u1edbi b\u1ea5t k\u1ef3 y\u00eau s\u00e1ch, \u0111\u00f2i h\u1ecfi ho\u1eb7c nguy\u00ean nh\u00e2n g\u00e2y ra t\u1eeb vi\u1ec7c s\u1eed d\u1ee5ng ho\u1eb7c s\u1edf h\u1eefu c\u00e1c t\u00e0i li\u1ec7u, bao g\u1ed3m th\u01b0 v\u00e0 h\u00e0ng h\u00f3a, ho\u1eb7c t\u1eeb vi\u1ec7c thi\u1ec7t h\u1ea1i ho\u1eb7c m\u1ea5t m\u00e1t n\u1ed9i dung trong h\u1ed9p th\u01b0, tr\u1eeb tr\u01b0\u1eddng h\u1ee3p c\u00f3 s\u1ef1 c\u1ea9u th\u1ea3 ho\u1eb7c c\u1ed1 \u00fd.<\/p>\n<p>8. Gi\u1edbi H\u1ea1n Tr\u00e1ch Nhi\u1ec7m<br \/>\nT\u1ed5ng tr\u00e1ch nhi\u1ec7m c\u1ee7a KDExpress \u0111\u1ed1i v\u1edbi m\u1ecdi y\u00eau s\u00e1ch \u0111\u01b0\u1ee3c gi\u1edbi h\u1ea1n t\u1ea1i [S\u1ed1 Ti\u1ec1n \u0110\u00f4 la], b\u1ea5t k\u1ec3 t\u00ednh ch\u1ea5t c\u1ee7a y\u00eau s\u00e1ch.<\/p>\n<p>9. Lu\u1eadt \u00c1p D\u1ee5ng<br \/>\nH\u1ee3p \u0110\u1ed3ng n\u00e0y s\u1ebd tu\u00e2n theo v\u00e0 \u0111\u01b0\u1ee3c hi\u1ec3u theo lu\u1eadt ph\u00e1p c\u1ee7a t\u1ec9nh British Columbia, Canada.<\/p>\n<p>10. To\u00e0n B\u1ed9 H\u1ee3p \u0110\u1ed3ng<br \/>\nH\u1ee3p \u0110\u1ed3ng n\u00e0y t\u1ea1o th\u00e0nh th\u1ecfa thu\u1eadn to\u00e0n b\u1ed9 gi\u1eefa c\u00e1c b\u00ean v\u00e0 thay th\u1ebf t\u1ea5t c\u1ea3 c\u00e1c th\u1ecfa thu\u1eadn, hi\u1ec3u bi\u1ebft v\u00e0 tuy\u00ean b\u1ed1 tr\u01b0\u1edbc \u0111\u00e2y.<\/p>","protected":false},"excerpt":{"rendered":"<p>Mail box\/Check out service agreement This Mailbox Service Agreement (the &#8220;Agreement&#8221;) is entered between the Parties herein identified as the Customer identified by name on this form and KDExpress, a company duly registered and doing business in British Columbia, Canada, with its principal place of business at 4450 Juneau St, Burnaby, BC V5C4C8 or at [&hellip;]<\/p>","protected":false},"author":58,"featured_media":0,"parent":0,"menu_order":0,"comment_status":"closed","ping_status":"closed","template":"","meta":{"site-sidebar-layout":"default","site-content-layout":"","ast-site-content-layout":"default","site-content-style":"default","site-sidebar-style":"default","ast-global-header-display":"","ast-banner-title-visibility":"","ast-main-header-display":"","ast-hfb-above-header-display":"","ast-hfb-below-header-display":"","ast-hfb-mobile-header-display":"","site-post-title":"","ast-breadcrumbs-content":"","ast-featured-img":"","footer-sml-layout":"","theme-transparent-header-meta":"default","adv-header-id-meta":"","stick-header-meta":"","header-above-stick-meta":"","header-main-stick-meta":"","header-below-stick-meta":"","astra-migrate-meta-layouts":"set","ast-page-background-enabled":"default","ast-page-background-meta":{"desktop":{"background-color":"var(--ast-global-color-4)","background-image":"","background-repeat":"repeat","background-position":"center center","background-size":"auto","background-attachment":"scroll","background-type":"","background-media":"","overlay-type":"","overlay-color":"","overlay-opacity":"","overlay-gradient":""},"tablet":{"background-color":"","background-image":"","background-repeat":"repeat","background-position":"center center","background-size":"auto","background-attachment":"scroll","background-type":"","background-media":"","overlay-type":"","overlay-color":"","overlay-opacity":"","overlay-gradient":""},"mobile":{"background-color":"","background-image":"","background-repeat":"repeat","background-position":"center center","background-size":"auto","background-attachment":"scroll","background-type":"","background-media":"","overlay-type":"","overlay-color":"","overlay-opacity":"","overlay-gradient":""}},"ast-content-background-meta":{"desktop":{"background-color":"var(--ast-global-color-5)","background-image":"","background-repeat":"repeat","background-position":"center center","background-size":"auto","background-attachment":"scroll","background-type":"","background-media":"","overlay-type":"","overlay-color":"","overlay-opacity":"","overlay-gradient":""},"tablet":{"background-color":"var(--ast-global-color-5)","background-image":"","background-repeat":"repeat","background-position":"center center","background-size":"auto","background-attachment":"scroll","background-type":"","background-media":"","overlay-type":"","overlay-color":"","overlay-opacity":"","overlay-gradient":""},"mobile":{"background-color":"var(--ast-global-color-5)","background-image":"","background-repeat":"repeat","background-position":"center center","background-size":"auto","background-attachment":"scroll","background-type":"","background-media":"","overlay-type":"","overlay-color":"","overlay-opacity":"","overlay-gradient":""}},"footnotes":""},"class_list":["post-245777","page","type-page","status-publish","hentry"],"_links":{"self":[{"href":"https:\/\/kdexpress.ca\/vi\/wp-json\/wp\/v2\/pages\/245777","targetHints":{"allow":["GET"]}}],"collection":[{"href":"https:\/\/kdexpress.ca\/vi\/wp-json\/wp\/v2\/pages"}],"about":[{"href":"https:\/\/kdexpress.ca\/vi\/wp-json\/wp\/v2\/types\/page"}],"author":[{"embeddable":true,"href":"https:\/\/kdexpress.ca\/vi\/wp-json\/wp\/v2\/users\/58"}],"replies":[{"embeddable":true,"href":"https:\/\/kdexpress.ca\/vi\/wp-json\/wp\/v2\/comments?post=245777"}],"version-history":[{"count":0,"href":"https:\/\/kdexpress.ca\/vi\/wp-json\/wp\/v2\/pages\/245777\/revisions"}],"wp:attachment":[{"href":"https:\/\/kdexpress.ca\/vi\/wp-json\/wp\/v2\/media?parent=245777"}],"curies":[{"name":"wp","href":"https:\/\/api.w.org\/{rel}","templated":true}]}}