{"id":2313,"date":"2023-03-28T01:41:31","date_gmt":"2023-03-28T01:41:31","guid":{"rendered":"https:\/\/dev.kdexpress.ca\/?page_id=2313"},"modified":"2023-10-05T17:33:50","modified_gmt":"2023-10-06T00:33:50","slug":"ecommerce-dropshipping","status":"publish","type":"page","link":"https:\/\/kdexpress.ca\/vi\/ecommerce-dropshipping\/","title":{"rendered":"Ecommerce: Dropshipping"},"content":{"rendered":"<div data-elementor-type=\"wp-page\" data-elementor-id=\"2313\" class=\"elementor elementor-2313\">\n\t\t\t\t\t\t<section class=\"elementor-section elementor-top-section elementor-element elementor-element-a763ed4 elementor-section-full_width elementor-section-height-min-height elementor-section-stretched elementor-section-height-default elementor-section-items-middle\" data-id=\"a763ed4\" data-element_type=\"section\" data-settings=\"{&quot;stretch_section&quot;:&quot;section-stretched&quot;,&quot;background_background&quot;:&quot;classic&quot;}\">\n\t\t\t\t\t\t\t<div class=\"elementor-background-overlay\"><\/div>\n\t\t\t\t\t\t\t<div class=\"elementor-container elementor-column-gap-default\">\n\t\t\t\t\t<div class=\"elementor-column elementor-col-100 elementor-top-column elementor-element elementor-element-7ee5ba7\" data-id=\"7ee5ba7\" data-element_type=\"column\">\n\t\t\t<div class=\"elementor-widget-wrap elementor-element-populated\">\n\t\t\t\t\t\t<div class=\"elementor-element elementor-element-6c974f6 elementor-widget elementor-widget-heading\" data-id=\"6c974f6\" data-element_type=\"widget\" data-widget_type=\"heading.default\">\n\t\t\t\t<div class=\"elementor-widget-container\">\n\t\t\t\t\t<h2 class=\"elementor-heading-title elementor-size-default\">E-commerce<br>D\u1ecbch V\u1ee5 Dropshipping<\/h2>\t\t\t\t<\/div>\n\t\t\t\t<\/div>\n\t\t\t\t<section class=\"elementor-section elementor-inner-section elementor-element elementor-element-65777ae elementor-section-boxed elementor-section-height-default elementor-section-height-default\" data-id=\"65777ae\" data-element_type=\"section\">\n\t\t\t\t\t\t<div class=\"elementor-container elementor-column-gap-default\">\n\t\t\t\t\t<div class=\"elementor-column elementor-col-100 elementor-inner-column elementor-element elementor-element-9036f73\" data-id=\"9036f73\" data-element_type=\"column\">\n\t\t\t<div class=\"elementor-widget-wrap elementor-element-populated\">\n\t\t\t\t\t\t<div class=\"elementor-element elementor-element-46806ce elementor-align-center elementor-widget elementor-widget-button\" data-id=\"46806ce\" data-element_type=\"widget\" data-widget_type=\"button.default\">\n\t\t\t\t<div class=\"elementor-widget-container\">\n\t\t\t\t\t\t\t\t\t<div class=\"elementor-button-wrapper\">\n\t\t\t\t\t<a class=\"elementor-button elementor-button-link elementor-size-md\" href=\"\/vi\/contact-us\/\">\n\t\t\t\t\t\t<span class=\"elementor-button-content-wrapper\">\n\t\t\t\t\t\t<span class=\"elementor-button-icon\">\n\t\t\t\t<i aria-hidden=\"true\" class=\"fas fa-angle-double-right\"><\/i>\t\t\t<\/span>\n\t\t\t\t\t\t\t\t\t<span class=\"elementor-button-text\">Li\u00ean h\u1ec7 ngay<\/span>\n\t\t\t\t\t<\/span>\n\t\t\t\t\t<\/a>\n\t\t\t\t<\/div>\n\t\t\t\t\t\t\t\t<\/div>\n\t\t\t\t<\/div>\n\t\t\t\t\t<\/div>\n\t\t<\/div>\n\t\t\t\t\t<\/div>\n\t\t<\/section>\n\t\t\t\t\t<\/div>\n\t\t<\/div>\n\t\t\t\t\t<\/div>\n\t\t<\/section>\n\t\t\t\t<section class=\"elementor-section elementor-top-section elementor-element elementor-element-77b3489 elementor-section-boxed elementor-section-height-default elementor-section-height-default\" data-id=\"77b3489\" data-element_type=\"section\">\n\t\t\t\t\t\t<div class=\"elementor-container elementor-column-gap-default\">\n\t\t\t\t\t<div class=\"elementor-column elementor-col-100 elementor-top-column elementor-element elementor-element-be0a156\" data-id=\"be0a156\" data-element_type=\"column\">\n\t\t\t<div class=\"elementor-widget-wrap elementor-element-populated\">\n\t\t\t\t\t\t<div class=\"elementor-element elementor-element-05554b9 elementor-widget elementor-widget-heading\" data-id=\"05554b9\" data-element_type=\"widget\" data-widget_type=\"heading.default\">\n\t\t\t\t<div class=\"elementor-widget-container\">\n\t\t\t\t\t<h2 class=\"elementor-heading-title elementor-size-default\">D\u1ecbch V\u1ee5 Dropshipping<br>T\u1ed1i \u01afu H\u00f3a Chi Ph\u00ed Doanh Nghi\u1ec7p<\/h2>\t\t\t\t<\/div>\n\t\t\t\t<\/div>\n\t\t\t\t<div class=\"elementor-element elementor-element-5c1105c elementor-widget elementor-widget-heading\" data-id=\"5c1105c\" data-element_type=\"widget\" data-widget_type=\"heading.default\">\n\t\t\t\t<div class=\"elementor-widget-container\">\n\t\t\t\t\t<h2 class=\"elementor-heading-title elementor-size-default\">D\u1ecbch v\u1ee5 Dropshipping mang \u0111\u1ebfn gi\u1ea3i ph\u00e1p m\u1edbi \u0111\u1ec3 kinh doanh tr\u1ef1c tuy\u1ebfn m\u1ed9t c\u00e1ch ti\u1ec7n l\u1ee3i v\u00e0 hi\u1ec7u qu\u1ea3. Ch\u00fang t\u00f4i cung c\u1ea5p nh\u1eefng gi\u1ea3i ph\u00e1p to\u00e0n di\u1ec7n cho c\u00e1 nh\u00e2n v\u00e0 doanh nghi\u1ec7p mu\u1ed1n b\u1eaft \u0111\u1ea7u kinh doanh tr\u1ef1c tuy\u1ebfn m\u00e0 kh\u00f4ng c\u1ea7n qu\u1ea3n l\u00fd s\u1ea3n ph\u1ea9m, c\u1eeda h\u00e0ng hay v\u1eadn chuy\u1ec3n h\u00e0ng h\u00f3a.<\/h2>\t\t\t\t<\/div>\n\t\t\t\t<\/div>\n\t\t\t\t\t<\/div>\n\t\t<\/div>\n\t\t\t\t\t<\/div>\n\t\t<\/section>\n\t\t\t\t<section class=\"elementor-section elementor-top-section elementor-element elementor-element-40c2243 elementor-section-boxed elementor-section-height-default elementor-section-height-default\" data-id=\"40c2243\" data-element_type=\"section\">\n\t\t\t\t\t\t<div class=\"elementor-container elementor-column-gap-default\">\n\t\t\t\t\t<div class=\"elementor-column elementor-col-100 elementor-top-column elementor-element elementor-element-6a76c9e\" data-id=\"6a76c9e\" data-element_type=\"column\">\n\t\t\t<div class=\"elementor-widget-wrap elementor-element-populated\">\n\t\t\t\t\t\t<div class=\"elementor-element elementor-element-e351150 elementor-widget elementor-widget-heading\" data-id=\"e351150\" data-element_type=\"widget\" data-widget_type=\"heading.default\">\n\t\t\t\t<div class=\"elementor-widget-container\">\n\t\t\t\t\t<h2 class=\"elementor-heading-title elementor-size-default\"><b>C\u00e1ch V\u1eadn H\u00e0nh<\/b><\/h2>\t\t\t\t<\/div>\n\t\t\t\t<\/div>\n\t\t\t\t<div class=\"elementor-element elementor-element-395e230 elementor-widget__width-inherit elementor-widget elementor-widget-text-editor\" data-id=\"395e230\" data-element_type=\"widget\" data-widget_type=\"text-editor.default\">\n\t\t\t\t<div class=\"elementor-widget-container\">\n\t\t\t\t\t\t\t\t\t<p><b> H\u1ec7 th\u1ed1ng kho b\u00e3i t\u1ea1i Burnaby:<\/b><span style=\"font-weight: 400;\"> T\u1eadn h\u01b0\u1edfng l\u1ee3i \u00edch t\u1eeb c\u01a1 s\u1edf kho h\u00e0ng r\u1ed9ng l\u1edbn t\u1ecda l\u1ea1c t\u1ea1i Burnaby.<br><\/span><span style=\"font-size: 16px;\"><b>Qu\u00e1 tr\u00ecnh nh\u1eadn h\u00e0ng v\u00e0 theo d\u00f5i h\u00e0ng h\u00f3a hi\u1ec7u qu\u1ea3:<\/b><\/span><span style=\"font-size: 16px; font-weight: 400;\"> T\u1ed1i \u01b0u h\u00f3a ho\u1ea1t \u0111\u1ed9ng c\u1ee7a b\u1ea1n v\u1edbi s\u1ef1 h\u1ed7 tr\u1ee3 trong vi\u1ec7c nh\u1eadn h\u00e0ng v\u00e0 theo d\u00f5i kho h\u00e0ng.<br><\/span><span style=\"font-size: 16px;\"><b>V\u1eadn chuy\u1ec3n h\u00e0ng h\u00f3a tr\u00ean qu\u1ed1c t\u1ebf thu\u1eadn ti\u1ec7n:<\/b><\/span><span style=\"font-size: 16px; font-weight: 400;\"> D\u1ec5 d\u00e0ng qu\u1ea3n l\u00fd v\u1eadn chuy\u1ec3n h\u00e0ng h\u00f3a v\u00e0 d\u1ecbch v\u1ee5 logistics qu\u1ed1c t\u1ebf cho s\u1ea3n ph\u1ea9m c\u1ee7a b\u1ea1n.<br><\/span><span style=\"font-size: 16px;\"><b>M\u00e3 s\u1ed1 theo d\u00f5i minh b\u1ea1ch v\u00e0 ch\u00ednh x\u00e1c:<\/b><\/span><span style=\"font-size: 16px; font-weight: 400;\"> S\u1eed d\u1ee5ng h\u1ec7 th\u1ed1ng s\u1ed1 theo d\u00f5i cung c\u1ea5p t\u1ea7m nh\u00ecn th\u1eddi gian th\u1ef1c v\u00e0 c\u1eadp nh\u1eadt ch\u00ednh x\u00e1c v\u1ec1 t\u00ecnh tr\u1ea1ng c\u1ee7a l\u00f4 h\u00e0ng c\u1ee7a b\u1ea1n.<br><\/span><span style=\"font-size: 16px;\"><b>\u0110\u00f3ng g\u00f3i an to\u00e0n cho h\u00e0ng h\u00f3a:<\/b><\/span><span style=\"font-size: 16px; font-weight: 400;\"> \u0110\u1ea3m b\u1ea3o an to\u00e0n cho s\u1ea3n ph\u1ea9m c\u1ee7a b\u1ea1n v\u1edbi d\u1ecbch v\u1ee5 \u0111\u00f3ng g\u00f3i chuy\u00ean nghi\u1ec7p.<br><\/span><span style=\"font-size: 16px;\"><b>H\u1ed7 tr\u1ee3 thanh to\u00e1n qu\u1ed1c t\u1ebf:<\/b><\/span><span style=\"font-size: 16px; font-weight: 400;\"> \u0110\u01a1n gi\u1ea3n h\u00f3a qu\u00e1 tr\u00ecnh thanh to\u00e1n qu\u1ed1c t\u1ebf m\u00e0 kh\u00f4ng c\u1ea7n s\u1ef1 trung gian.<\/span><\/p>\t\t\t\t\t\t\t\t<\/div>\n\t\t\t\t<\/div>\n\t\t\t\t<div class=\"elementor-element elementor-element-558fce5 elementor-widget elementor-widget-spacer\" data-id=\"558fce5\" data-element_type=\"widget\" data-widget_type=\"spacer.default\">\n\t\t\t\t<div class=\"elementor-widget-container\">\n\t\t\t\t\t\t\t<div class=\"elementor-spacer\">\n\t\t\t<div class=\"elementor-spacer-inner\"><\/div>\n\t\t<\/div>\n\t\t\t\t\t\t<\/div>\n\t\t\t\t<\/div>\n\t\t\t\t\t<\/div>\n\t\t<\/div>\n\t\t\t\t\t<\/div>\n\t\t<\/section>\n\t\t\t\t<section class=\"elementor-section elementor-top-section elementor-element elementor-element-7c49299 elementor-section-boxed elementor-section-height-default elementor-section-height-default\" data-id=\"7c49299\" data-element_type=\"section\">\n\t\t\t\t\t\t<div class=\"elementor-container elementor-column-gap-default\">\n\t\t\t\t\t<div class=\"elementor-column elementor-col-100 elementor-top-column elementor-element elementor-element-b1e95d4\" data-id=\"b1e95d4\" data-element_type=\"column\">\n\t\t\t<div class=\"elementor-widget-wrap elementor-element-populated\">\n\t\t\t\t\t\t<div class=\"elementor-element elementor-element-e85ef84 elementor-widget elementor-widget-heading\" data-id=\"e85ef84\" data-element_type=\"widget\" data-widget_type=\"heading.default\">\n\t\t\t\t<div class=\"elementor-widget-container\">\n\t\t\t\t\t<h2 class=\"elementor-heading-title elementor-size-default\">T\u1ea1i Sao Ch\u1ecdn Ch\u00fang t\u00f4i?<\/h2>\t\t\t\t<\/div>\n\t\t\t\t<\/div>\n\t\t\t\t<section class=\"elementor-section elementor-inner-section elementor-element elementor-element-d15e151 elementor-section-boxed elementor-section-height-default elementor-section-height-default\" data-id=\"d15e151\" data-element_type=\"section\">\n\t\t\t\t\t\t<div class=\"elementor-container elementor-column-gap-default\">\n\t\t\t\t\t<div class=\"elementor-column elementor-col-33 elementor-inner-column elementor-element elementor-element-10a1fe5\" data-id=\"10a1fe5\" data-element_type=\"column\">\n\t\t\t<div class=\"elementor-widget-wrap elementor-element-populated\">\n\t\t\t\t\t\t<div class=\"elementor-element elementor-element-7017896 elementor-widget elementor-widget-heading\" data-id=\"7017896\" data-element_type=\"widget\" data-widget_type=\"heading.default\">\n\t\t\t\t<div class=\"elementor-widget-container\">\n\t\t\t\t\t<h2 class=\"elementor-heading-title elementor-size-default\">H\u1ed7 tr\u1ee3 24\/7<\/h2>\t\t\t\t<\/div>\n\t\t\t\t<\/div>\n\t\t\t\t<div class=\"elementor-element elementor-element-082ea6d elementor-widget elementor-widget-text-editor\" data-id=\"082ea6d\" data-element_type=\"widget\" data-widget_type=\"text-editor.default\">\n\t\t\t\t<div class=\"elementor-widget-container\">\n\t\t\t\t\t\t\t\t\t<p><span style=\"font-weight: 400;\">KDExpress h\u1ed7 tr\u1ee3 kh\u00e1ch h\u00e0ng 24\/7 nh\u1eb1m n\u00e2ng cao hi\u1ec7u qu\u1ea3 kinh doanh v\u00e0 t\u1ed1i \u01b0u h\u00f3a l\u1ee3i nhu\u1eadn.<\/span><\/p>\t\t\t\t\t\t\t\t<\/div>\n\t\t\t\t<\/div>\n\t\t\t\t<div class=\"elementor-element elementor-element-f1784f1 elementor-widget elementor-widget-heading\" data-id=\"f1784f1\" data-element_type=\"widget\" data-widget_type=\"heading.default\">\n\t\t\t\t<div class=\"elementor-widget-container\">\n\t\t\t\t\t<h2 class=\"elementor-heading-title elementor-size-default\">\u0110\u1ed9i ng\u0169 chuy\u00ean nghi\u1ec7p<\/h2>\t\t\t\t<\/div>\n\t\t\t\t<\/div>\n\t\t\t\t<div class=\"elementor-element elementor-element-bae7748 elementor-widget elementor-widget-text-editor\" data-id=\"bae7748\" data-element_type=\"widget\" data-widget_type=\"text-editor.default\">\n\t\t\t\t<div class=\"elementor-widget-container\">\n\t\t\t\t\t\t\t\t\t<p><span style=\"font-weight: 400;\">KDExpress cung c\u1ea5p c\u00e1c d\u1ecbch v\u1ee5 v\u1eadn chuy\u1ec3n t\u1eadn n\u01a1i \u0111\u00e1ng tin c\u1eady v\u00e0 hi\u1ec7u qu\u1ea3 \u0111\u01b0\u1ee3c h\u1ed7 tr\u1ee3 b\u1edfi \u0111\u1ed9i ng\u0169 chuy\u00ean gia uy t\u00edn, gi\u00e0u kinh nghi\u1ec7m v\u00e0 hi\u1ec3u bi\u1ebft.<\/span><\/p>\t\t\t\t\t\t\t\t<\/div>\n\t\t\t\t<\/div>\n\t\t\t\t<div class=\"elementor-element elementor-element-15e3d0b elementor-widget elementor-widget-heading\" data-id=\"15e3d0b\" data-element_type=\"widget\" data-widget_type=\"heading.default\">\n\t\t\t\t<div class=\"elementor-widget-container\">\n\t\t\t\t\t<h2 class=\"elementor-heading-title elementor-size-default\">Gi\u00e1 c\u1ea1nh tranh<\/h2>\t\t\t\t<\/div>\n\t\t\t\t<\/div>\n\t\t\t\t<div class=\"elementor-element elementor-element-641d499 elementor-widget elementor-widget-text-editor\" data-id=\"641d499\" data-element_type=\"widget\" data-widget_type=\"text-editor.default\">\n\t\t\t\t<div class=\"elementor-widget-container\">\n\t\t\t\t\t\t\t\t\t<p><span style=\"font-weight: 400;\">KDExpress kh\u00f4ng ng\u1eebng t\u00ecm ki\u1ebfm c\u00e1c gi\u1ea3i ph\u00e1p nh\u1eb1m t\u1ed1i \u01b0u h\u00f3a chi ph\u00ed cho c\u1ea3 kh\u00e1ch h\u00e0ng v\u00e0 doanh nghi\u1ec7p.<\/span><\/p>\t\t\t\t\t\t\t\t<\/div>\n\t\t\t\t<\/div>\n\t\t\t\t\t<\/div>\n\t\t<\/div>\n\t\t\t\t<div class=\"elementor-column elementor-col-33 elementor-inner-column elementor-element elementor-element-ec3b8f3\" data-id=\"ec3b8f3\" data-element_type=\"column\">\n\t\t\t<div class=\"elementor-widget-wrap elementor-element-populated\">\n\t\t\t\t\t\t<div class=\"elementor-element elementor-element-5979bb1 elementor-widget elementor-widget-image\" data-id=\"5979bb1\" data-element_type=\"widget\" data-widget_type=\"image.default\">\n\t\t\t\t<div class=\"elementor-widget-container\">\n\t\t\t\t\t\t\t\t\t\t\t\t\t\t\t<img fetchpriority=\"high\" decoding=\"async\" width=\"708\" height=\"708\" src=\"https:\/\/kdexpress.ca\/wp-content\/uploads\/2023\/09\/KDLogo.png\" class=\"attachment-large size-large wp-image-158036\" alt=\"\" srcset=\"https:\/\/kdexpress.ca\/wp-content\/uploads\/2023\/09\/KDLogo.png 708w, https:\/\/kdexpress.ca\/wp-content\/uploads\/2023\/09\/KDLogo-300x300.png 300w, https:\/\/kdexpress.ca\/wp-content\/uploads\/2023\/09\/KDLogo-150x150.png 150w, https:\/\/kdexpress.ca\/wp-content\/uploads\/2023\/09\/KDLogo-12x12.png 12w, https:\/\/kdexpress.ca\/wp-content\/uploads\/2023\/09\/KDLogo-600x600.png 600w, https:\/\/kdexpress.ca\/wp-content\/uploads\/2023\/09\/KDLogo-100x100.png 100w\" sizes=\"(max-width: 708px) 100vw, 708px\" \/>\t\t\t\t\t\t\t\t\t\t\t\t\t\t\t<\/div>\n\t\t\t\t<\/div>\n\t\t\t\t\t<\/div>\n\t\t<\/div>\n\t\t\t\t<div class=\"elementor-column elementor-col-33 elementor-inner-column elementor-element elementor-element-e90183d\" data-id=\"e90183d\" data-element_type=\"column\">\n\t\t\t<div class=\"elementor-widget-wrap elementor-element-populated\">\n\t\t\t\t\t\t<div class=\"elementor-element elementor-element-6663fcc elementor-widget elementor-widget-heading\" data-id=\"6663fcc\" data-element_type=\"widget\" data-widget_type=\"heading.default\">\n\t\t\t\t<div class=\"elementor-widget-container\">\n\t\t\t\t\t<h2 class=\"elementor-heading-title elementor-size-default\">H\u1ec7 th\u1ed1ng chi nh\u00e1nh r\u1ed9ng kh\u1eafp<\/h2>\t\t\t\t<\/div>\n\t\t\t\t<\/div>\n\t\t\t\t<div class=\"elementor-element elementor-element-2e73194 elementor-widget elementor-widget-text-editor\" data-id=\"2e73194\" data-element_type=\"widget\" data-widget_type=\"text-editor.default\">\n\t\t\t\t<div class=\"elementor-widget-container\">\n\t\t\t\t\t\t\t\t\t<p><span style=\"font-weight: 400;\">Tr\u1ea3i nghi\u1ec7m s\u1ef1 an t\u00e2m tuy\u1ec7t \u0111\u1ed1i khi s\u1eed d\u1ee5ng c\u00e1c gi\u1ea3i ph\u00e1p Logistic v\u00e0 th\u01b0\u01a1ng m\u1ea1i \u0111i\u1ec7n t\u1eed c\u1ee7a ch\u00fang t\u00f4i, c\u00f3 s\u1eb5n tr\u00ean m\u1ea1ng l\u01b0\u1edbi r\u1ed9ng kh\u1eafp h\u01a1n 50 \u0111\u1ecba \u0111i\u1ec3m c\u1ee7a ch\u00fang t\u00f4i.<\/span><\/p>\t\t\t\t\t\t\t\t<\/div>\n\t\t\t\t<\/div>\n\t\t\t\t<div class=\"elementor-element elementor-element-b0dd19f elementor-widget elementor-widget-heading\" data-id=\"b0dd19f\" data-element_type=\"widget\" data-widget_type=\"heading.default\">\n\t\t\t\t<div class=\"elementor-widget-container\">\n\t\t\t\t\t<h2 class=\"elementor-heading-title elementor-size-default\">H\u1ec7 th\u1ed1ng theo d\u00f5i<\/h2>\t\t\t\t<\/div>\n\t\t\t\t<\/div>\n\t\t\t\t<div class=\"elementor-element elementor-element-31e9275 elementor-widget elementor-widget-text-editor\" data-id=\"31e9275\" data-element_type=\"widget\" data-widget_type=\"text-editor.default\">\n\t\t\t\t<div class=\"elementor-widget-container\">\n\t\t\t\t\t\t\t\t\t<p><span style=\"font-weight: 400;\">H\u1ec7 th\u1ed1ng Theo d\u00f5i tr\u00ean trang web c\u1ee7a ch\u00fang t\u00f4i t\u00edch h\u1ee3p li\u1ec1n m\u1ea1ch \u0111\u1ec3 cho ph\u00e9p kh\u00e1ch h\u00e0ng theo d\u00f5i v\u00e0 truy c\u1eadp th\u00f4ng tin chi ti\u1ebft v\u1ec1 c\u00e1c \u0111\u01a1n h\u00e0ng c\u1ee7a h\u1ecd.<\/span><\/p>\t\t\t\t\t\t\t\t<\/div>\n\t\t\t\t<\/div>\n\t\t\t\t<div class=\"elementor-element elementor-element-b74aa46 elementor-widget elementor-widget-heading\" data-id=\"b74aa46\" data-element_type=\"widget\" data-widget_type=\"heading.default\">\n\t\t\t\t<div class=\"elementor-widget-container\">\n\t\t\t\t\t<h2 class=\"elementor-heading-title elementor-size-default\">Th\u1ee7 t\u1ee5c \u0111\u01a1n gi\u1ea3n<\/h2>\t\t\t\t<\/div>\n\t\t\t\t<\/div>\n\t\t\t\t<div class=\"elementor-element elementor-element-4eb4b59 elementor-widget elementor-widget-text-editor\" data-id=\"4eb4b59\" data-element_type=\"widget\" data-widget_type=\"text-editor.default\">\n\t\t\t\t<div class=\"elementor-widget-container\">\n\t\t\t\t\t\t\t\t\t<p><span style=\"font-weight: 400;\">Th\u1ee7 t\u1ee5c v\u1eadn chuy\u1ec3n \u0111\u01b0\u1ee3c qu\u1ea3n l\u00fd hi\u1ec7u qu\u1ea3, \u0111\u1ea3m b\u1ea3o x\u1eed l\u00fd nhanh ch\u00f3ng v\u00e0 h\u1ed7 tr\u1ee3 doanh nghi\u1ec7p gi\u1ea3m thi\u1ec3u c\u00e1c chi ph\u00ed kh\u00f4ng c\u1ea7n thi\u1ebft li\u00ean quan \u0111\u1ebfn nh\u1eadp kh\u1ea9u, xu\u1ea5t kh\u1ea9u v\u00e0 v\u1eadn chuy\u1ec3n.<\/span><\/p>\t\t\t\t\t\t\t\t<\/div>\n\t\t\t\t<\/div>\n\t\t\t\t\t<\/div>\n\t\t<\/div>\n\t\t\t\t\t<\/div>\n\t\t<\/section>\n\t\t\t\t\t<\/div>\n\t\t<\/div>\n\t\t\t\t\t<\/div>\n\t\t<\/section>\n\t\t\t\t<section class=\"elementor-section elementor-top-section elementor-element elementor-element-3fe5e66 elementor-section-boxed elementor-section-height-default elementor-section-height-default\" data-id=\"3fe5e66\" data-element_type=\"section\">\n\t\t\t\t\t\t<div class=\"elementor-container elementor-column-gap-default\">\n\t\t\t\t\t<div class=\"elementor-column elementor-col-100 elementor-top-column elementor-element elementor-element-b0f8e45\" data-id=\"b0f8e45\" data-element_type=\"column\">\n\t\t\t<div class=\"elementor-widget-wrap elementor-element-populated\">\n\t\t\t\t\t\t<div class=\"elementor-element elementor-element-f16ddef elementor-widget elementor-widget-heading\" data-id=\"f16ddef\" data-element_type=\"widget\" data-widget_type=\"heading.default\">\n\t\t\t\t<div class=\"elementor-widget-container\">\n\t\t\t\t\t<h2 class=\"elementor-heading-title elementor-size-default\">Ban c\u1ea7n th\u00eam th\u00f4ng tin? Li\u00ean h\u1ec7 ch\u00fang t\u00f4i ngay!<\/h2>\t\t\t\t<\/div>\n\t\t\t\t<\/div>\n\t\t\t\t\t<\/div>\n\t\t<\/div>\n\t\t\t\t\t<\/div>\n\t\t<\/section>\n\t\t\t\t<\/div>","protected":false},"excerpt":{"rendered":"<p>E-commerceDropshipping Service Talk to us Dropshipping ServiceOptimize Business Cost A new way to do business online conveniently and effectively with Dropshipping service. We provide comprehensive solutions for individuals and businesses who want to start-up online business without needing to manage products, store or transport shipments. How It Works Burnaby-based Warehouse System: Benefit from a spacious [&hellip;]<\/p>","protected":false},"author":48,"featured_media":0,"parent":0,"menu_order":0,"comment_status":"closed","ping_status":"closed","template":"","meta":{"site-sidebar-layout":"default","site-content-layout":"","ast-site-content-layout":"","site-content-style":"default","site-sidebar-style":"default","ast-global-header-display":"","ast-banner-title-visibility":"","ast-main-header-display":"","ast-hfb-above-header-display":"","ast-hfb-below-header-display":"","ast-hfb-mobile-header-display":"","site-post-title":"","ast-breadcrumbs-content":"","ast-featured-img":"","footer-sml-layout":"","theme-transparent-header-meta":"","adv-header-id-meta":"","stick-header-meta":"","header-above-stick-meta":"","header-main-stick-meta":"","header-below-stick-meta":"","astra-migrate-meta-layouts":"default","ast-page-background-enabled":"default","ast-page-background-meta":{"desktop":{"background-color":"var(--ast-global-color-4)","background-image":"","background-repeat":"repeat","background-position":"center center","background-size":"auto","background-attachment":"scroll","background-type":"","background-media":"","overlay-type":"","overlay-color":"","overlay-opacity":"","overlay-gradient":""},"tablet":{"background-color":"","background-image":"","background-repeat":"repeat","background-position":"center center","background-size":"auto","background-attachment":"scroll","background-type":"","background-media":"","overlay-type":"","overlay-color":"","overlay-opacity":"","overlay-gradient":""},"mobile":{"background-color":"","background-image":"","background-repeat":"repeat","background-position":"center center","background-size":"auto","background-attachment":"scroll","background-type":"","background-media":"","overlay-type":"","overlay-color":"","overlay-opacity":"","overlay-gradient":""}},"ast-content-background-meta":{"desktop":{"background-color":"var(--ast-global-color-5)","background-image":"","background-repeat":"repeat","background-position":"center center","background-size":"auto","background-attachment":"scroll","background-type":"","background-media":"","overlay-type":"","overlay-color":"","overlay-opacity":"","overlay-gradient":""},"tablet":{"background-color":"var(--ast-global-color-5)","background-image":"","background-repeat":"repeat","background-position":"center center","background-size":"auto","background-attachment":"scroll","background-type":"","background-media":"","overlay-type":"","overlay-color":"","overlay-opacity":"","overlay-gradient":""},"mobile":{"background-color":"var(--ast-global-color-5)","background-image":"","background-repeat":"repeat","background-position":"center center","background-size":"auto","background-attachment":"scroll","background-type":"","background-media":"","overlay-type":"","overlay-color":"","overlay-opacity":"","overlay-gradient":""}},"footnotes":""},"class_list":["post-2313","page","type-page","status-publish","hentry"],"_links":{"self":[{"href":"https:\/\/kdexpress.ca\/vi\/wp-json\/wp\/v2\/pages\/2313","targetHints":{"allow":["GET"]}}],"collection":[{"href":"https:\/\/kdexpress.ca\/vi\/wp-json\/wp\/v2\/pages"}],"about":[{"href":"https:\/\/kdexpress.ca\/vi\/wp-json\/wp\/v2\/types\/page"}],"author":[{"embeddable":true,"href":"https:\/\/kdexpress.ca\/vi\/wp-json\/wp\/v2\/users\/48"}],"replies":[{"embeddable":true,"href":"https:\/\/kdexpress.ca\/vi\/wp-json\/wp\/v2\/comments?post=2313"}],"version-history":[{"count":0,"href":"https:\/\/kdexpress.ca\/vi\/wp-json\/wp\/v2\/pages\/2313\/revisions"}],"wp:attachment":[{"href":"https:\/\/kdexpress.ca\/vi\/wp-json\/wp\/v2\/media?parent=2313"}],"curies":[{"name":"wp","href":"https:\/\/api.w.org\/{rel}","templated":true}]}}