{"id":2304,"date":"2023-03-28T01:33:57","date_gmt":"2023-03-28T01:33:57","guid":{"rendered":"https:\/\/dev.kdexpress.ca\/?page_id=2304"},"modified":"2023-10-06T14:07:32","modified_gmt":"2023-10-06T21:07:32","slug":"ecommerce-fulfillment","status":"publish","type":"page","link":"https:\/\/kdexpress.ca\/vi\/ecommerce-fulfillment\/","title":{"rendered":"Ecommerce: Fulfillment"},"content":{"rendered":"<div data-elementor-type=\"wp-page\" data-elementor-id=\"2304\" class=\"elementor elementor-2304\">\n\t\t\t\t\t\t<section class=\"elementor-section elementor-top-section elementor-element elementor-element-249d0f4 elementor-section-full_width elementor-section-height-min-height elementor-section-stretched elementor-section-height-default elementor-section-items-middle\" data-id=\"249d0f4\" data-element_type=\"section\" data-settings=\"{&quot;stretch_section&quot;:&quot;section-stretched&quot;,&quot;background_background&quot;:&quot;classic&quot;}\">\n\t\t\t\t\t\t\t<div class=\"elementor-background-overlay\"><\/div>\n\t\t\t\t\t\t\t<div class=\"elementor-container elementor-column-gap-default\">\n\t\t\t\t\t<div class=\"elementor-column elementor-col-100 elementor-top-column elementor-element elementor-element-fed09a6\" data-id=\"fed09a6\" data-element_type=\"column\">\n\t\t\t<div class=\"elementor-widget-wrap elementor-element-populated\">\n\t\t\t\t\t\t<div class=\"elementor-element elementor-element-31cec1d elementor-widget elementor-widget-heading\" data-id=\"31cec1d\" data-element_type=\"widget\" data-widget_type=\"heading.default\">\n\t\t\t\t<div class=\"elementor-widget-container\">\n\t\t\t\t\t<h2 class=\"elementor-heading-title elementor-size-default\">E-commerce<br>D\u1ecbch V\u1ee5 Fulfillment<\/h2>\t\t\t\t<\/div>\n\t\t\t\t<\/div>\n\t\t\t\t<section class=\"elementor-section elementor-inner-section elementor-element elementor-element-ed27f04 elementor-section-boxed elementor-section-height-default elementor-section-height-default\" data-id=\"ed27f04\" data-element_type=\"section\">\n\t\t\t\t\t\t<div class=\"elementor-container elementor-column-gap-default\">\n\t\t\t\t\t<div class=\"elementor-column elementor-col-100 elementor-inner-column elementor-element elementor-element-69d0236\" data-id=\"69d0236\" data-element_type=\"column\">\n\t\t\t<div class=\"elementor-widget-wrap elementor-element-populated\">\n\t\t\t\t\t\t<div class=\"elementor-element elementor-element-1a9c888 elementor-align-center elementor-widget elementor-widget-button\" data-id=\"1a9c888\" data-element_type=\"widget\" data-widget_type=\"button.default\">\n\t\t\t\t<div class=\"elementor-widget-container\">\n\t\t\t\t\t\t\t\t\t<div class=\"elementor-button-wrapper\">\n\t\t\t\t\t<a class=\"elementor-button elementor-button-link elementor-size-md\" href=\"\/vi\/contact-us\/\">\n\t\t\t\t\t\t<span class=\"elementor-button-content-wrapper\">\n\t\t\t\t\t\t<span class=\"elementor-button-icon\">\n\t\t\t\t<i aria-hidden=\"true\" class=\"fas fa-angle-double-right\"><\/i>\t\t\t<\/span>\n\t\t\t\t\t\t\t\t\t<span class=\"elementor-button-text\">Li\u00ean h\u1ec7 ngay<\/span>\n\t\t\t\t\t<\/span>\n\t\t\t\t\t<\/a>\n\t\t\t\t<\/div>\n\t\t\t\t\t\t\t\t<\/div>\n\t\t\t\t<\/div>\n\t\t\t\t\t<\/div>\n\t\t<\/div>\n\t\t\t\t\t<\/div>\n\t\t<\/section>\n\t\t\t\t\t<\/div>\n\t\t<\/div>\n\t\t\t\t\t<\/div>\n\t\t<\/section>\n\t\t\t\t<section class=\"elementor-section elementor-top-section elementor-element elementor-element-a9ce8fc elementor-section-boxed elementor-section-height-default elementor-section-height-default\" data-id=\"a9ce8fc\" data-element_type=\"section\">\n\t\t\t\t\t\t<div class=\"elementor-container elementor-column-gap-default\">\n\t\t\t\t\t<div class=\"elementor-column elementor-col-100 elementor-top-column elementor-element elementor-element-761e5d0\" data-id=\"761e5d0\" data-element_type=\"column\">\n\t\t\t<div class=\"elementor-widget-wrap elementor-element-populated\">\n\t\t\t\t\t\t<div class=\"elementor-element elementor-element-d561e41 elementor-widget elementor-widget-heading\" data-id=\"d561e41\" data-element_type=\"widget\" data-widget_type=\"heading.default\">\n\t\t\t\t<div class=\"elementor-widget-container\">\n\t\t\t\t\t<h2 class=\"elementor-heading-title elementor-size-default\">D\u1ecbch V\u1ee5 Fulfillment<br>Gi\u1ea3i Ph\u00e1p Kinh Doanh Tr\u1ef1c Tuy\u1ebfn<\/h2>\t\t\t\t<\/div>\n\t\t\t\t<\/div>\n\t\t\t\t<div class=\"elementor-element elementor-element-fb4b96b elementor-widget__width-initial elementor-widget elementor-widget-heading\" data-id=\"fb4b96b\" data-element_type=\"widget\" data-widget_type=\"heading.default\">\n\t\t\t\t<div class=\"elementor-widget-container\">\n\t\t\t\t\t<h2 class=\"elementor-heading-title elementor-size-default\">M\u1edf ra l\u1ee3i th\u1ebf c\u1ea1nh tranh cho c\u00e1c doanh nghi\u1ec7p tr\u1ef1c tuy\u1ebfn, d\u1ecbch v\u1ee5 Fulfillment c\u1ee7a ch\u00fang t\u00f4i cung c\u1ea5p nh\u1eefng gi\u1ea3i ph\u00e1p to\u00e0n di\u1ec7n nh\u1eb1m th\u00fac \u0111\u1ea9y s\u1ef1 ph\u00e1t tri\u1ec3n v\u00e0 m\u1edf r\u1ed9ng. T\u1eeb vi\u1ec7c nh\u1eadn h\u00e0ng v\u00e0 qu\u1ea3n l\u00fd kho h\u00e0ng \u0111\u1ebfn \u0111\u00f3ng g\u00f3i v\u00e0 v\u1eadn chuy\u1ec3n h\u00e0ng \u0111\u00fang h\u1eb9n cho kh\u00e1ch h\u00e0ng, ch\u00fang t\u00f4i x\u1eed l\u00fd m\u1ecdi giai \u0111o\u1ea1n ho\u1ea1t \u0111\u1ed9ng v\u1edbi \u0111\u1ed9 ch\u00ednh x\u00e1c cao. <\/h2>\t\t\t\t<\/div>\n\t\t\t\t<\/div>\n\t\t\t\t\t<\/div>\n\t\t<\/div>\n\t\t\t\t\t<\/div>\n\t\t<\/section>\n\t\t\t\t<section class=\"elementor-section elementor-top-section elementor-element elementor-element-57d913a elementor-section-boxed elementor-section-height-default elementor-section-height-default\" data-id=\"57d913a\" data-element_type=\"section\">\n\t\t\t\t\t\t<div class=\"elementor-container elementor-column-gap-default\">\n\t\t\t\t\t<div class=\"elementor-column elementor-col-100 elementor-top-column elementor-element elementor-element-36fcd18\" data-id=\"36fcd18\" data-element_type=\"column\">\n\t\t\t<div class=\"elementor-widget-wrap elementor-element-populated\">\n\t\t\t\t\t\t<div class=\"elementor-element elementor-element-80ed68a elementor-widget elementor-widget-heading\" data-id=\"80ed68a\" data-element_type=\"widget\" data-widget_type=\"heading.default\">\n\t\t\t\t<div class=\"elementor-widget-container\">\n\t\t\t\t\t<h2 class=\"elementor-heading-title elementor-size-default\"><b>\u0110i\u1ec3m N\u1ed5i B\u1eadt<\/b><\/h2>\t\t\t\t<\/div>\n\t\t\t\t<\/div>\n\t\t\t\t<div class=\"elementor-element elementor-element-e949dfc elementor-widget elementor-widget-text-editor\" data-id=\"e949dfc\" data-element_type=\"widget\" data-widget_type=\"text-editor.default\">\n\t\t\t\t<div class=\"elementor-widget-container\">\n\t\t\t\t\t\t\t\t\t<p>H\u1ed7 tr\u1ee3 qu\u1ea3n l\u00fd h\u00e0ng h\u00f3a hi\u1ec7u qu\u1ea3<br \/>X\u1eed l\u00fd v\u00e0 ho\u00e0n th\u00e0nh \u0111\u01a1n h\u00e0ng nhanh ch\u00f3ng v\u00e0 ch\u00ednh x\u00e1c<br \/><span style=\"font-size: 16px;\">Giao h\u00e0ng t\u1eadn n\u01a1i cho kh\u00e1ch h\u00e0ng<br \/><\/span>X\u1eed l\u00fd m\u1ecdi v\u1ea5n \u0111\u1ec1 li\u00ean quan \u0111\u1ebfn \u0111\u01a1n h\u00e0ng<\/p>\t\t\t\t\t\t\t\t<\/div>\n\t\t\t\t<\/div>\n\t\t\t\t<div class=\"elementor-element elementor-element-ec85908 elementor-widget elementor-widget-spacer\" data-id=\"ec85908\" data-element_type=\"widget\" data-widget_type=\"spacer.default\">\n\t\t\t\t<div class=\"elementor-widget-container\">\n\t\t\t\t\t\t\t<div class=\"elementor-spacer\">\n\t\t\t<div class=\"elementor-spacer-inner\"><\/div>\n\t\t<\/div>\n\t\t\t\t\t\t<\/div>\n\t\t\t\t<\/div>\n\t\t\t\t\t<\/div>\n\t\t<\/div>\n\t\t\t\t\t<\/div>\n\t\t<\/section>\n\t\t\t\t<section class=\"elementor-section elementor-top-section elementor-element elementor-element-452a1db elementor-section-boxed elementor-section-height-default elementor-section-height-default\" data-id=\"452a1db\" data-element_type=\"section\">\n\t\t\t\t\t\t<div class=\"elementor-container elementor-column-gap-default\">\n\t\t\t\t\t<div class=\"elementor-column elementor-col-100 elementor-top-column elementor-element elementor-element-f3f4508\" data-id=\"f3f4508\" data-element_type=\"column\">\n\t\t\t<div class=\"elementor-widget-wrap elementor-element-populated\">\n\t\t\t\t\t\t<div class=\"elementor-element elementor-element-65d5528 elementor-widget elementor-widget-heading\" data-id=\"65d5528\" data-element_type=\"widget\" data-widget_type=\"heading.default\">\n\t\t\t\t<div class=\"elementor-widget-container\">\n\t\t\t\t\t<h2 class=\"elementor-heading-title elementor-size-default\"><b>C\u00e1ch V\u1eadn H\u00e0nh<\/b><\/h2>\t\t\t\t<\/div>\n\t\t\t\t<\/div>\n\t\t\t\t<div class=\"elementor-element elementor-element-d6cfad3 elementor-widget elementor-widget-text-editor\" data-id=\"d6cfad3\" data-element_type=\"widget\" data-widget_type=\"text-editor.default\">\n\t\t\t\t<div class=\"elementor-widget-container\">\n\t\t\t\t\t\t\t\t\t<p>Nh\u1eadn h\u00e0ng t\u1eeb ng\u01b0\u1eddi b\u00e1n<br>L\u01b0u tr\u1eef trong kho b\u00e3i<br>X\u1eed l\u00fd \u0111\u01a1n h\u00e0ng khi nh\u1eadn \u0111\u01b0\u1ee3c<br>Giao h\u00e0ng<br>Thu ti\u1ec1n n\u1ebfu \u0111\u01b0\u1ee3c y\u00eau c\u1ea7u<br>X\u1eed l\u00fd y\u00eau c\u1ea7u sau b\u00e1n h\u00e0ng (nh\u01b0 \u0111\u1ed5i tr\u1ea3 v\u00e0 trao \u0111\u1ed5i)<\/p>\t\t\t\t\t\t\t\t<\/div>\n\t\t\t\t<\/div>\n\t\t\t\t<div class=\"elementor-element elementor-element-d7660aa elementor-widget elementor-widget-spacer\" data-id=\"d7660aa\" data-element_type=\"widget\" data-widget_type=\"spacer.default\">\n\t\t\t\t<div class=\"elementor-widget-container\">\n\t\t\t\t\t\t\t<div class=\"elementor-spacer\">\n\t\t\t<div class=\"elementor-spacer-inner\"><\/div>\n\t\t<\/div>\n\t\t\t\t\t\t<\/div>\n\t\t\t\t<\/div>\n\t\t\t\t\t<\/div>\n\t\t<\/div>\n\t\t\t\t\t<\/div>\n\t\t<\/section>\n\t\t\t\t<section class=\"elementor-section elementor-top-section elementor-element elementor-element-3498efc elementor-section-boxed elementor-section-height-default elementor-section-height-default\" data-id=\"3498efc\" data-element_type=\"section\">\n\t\t\t\t\t\t<div class=\"elementor-container elementor-column-gap-default\">\n\t\t\t\t\t<div class=\"elementor-column elementor-col-100 elementor-top-column elementor-element elementor-element-d569680\" data-id=\"d569680\" data-element_type=\"column\">\n\t\t\t<div class=\"elementor-widget-wrap elementor-element-populated\">\n\t\t\t\t\t\t<div class=\"elementor-element elementor-element-cb98da5 elementor-widget elementor-widget-heading\" data-id=\"cb98da5\" data-element_type=\"widget\" data-widget_type=\"heading.default\">\n\t\t\t\t<div class=\"elementor-widget-container\">\n\t\t\t\t\t<h2 class=\"elementor-heading-title elementor-size-default\">T\u1ea1i Sao Ch\u1ecdn Ch\u00fang t\u00f4i?<\/h2>\t\t\t\t<\/div>\n\t\t\t\t<\/div>\n\t\t\t\t<section class=\"elementor-section elementor-inner-section elementor-element elementor-element-9df2450 elementor-section-boxed elementor-section-height-default elementor-section-height-default\" data-id=\"9df2450\" data-element_type=\"section\">\n\t\t\t\t\t\t<div class=\"elementor-container elementor-column-gap-default\">\n\t\t\t\t\t<div class=\"elementor-column elementor-col-33 elementor-inner-column elementor-element elementor-element-9ef6f99\" data-id=\"9ef6f99\" data-element_type=\"column\">\n\t\t\t<div class=\"elementor-widget-wrap elementor-element-populated\">\n\t\t\t\t\t\t<div class=\"elementor-element elementor-element-b87e5b7 elementor-widget elementor-widget-heading\" data-id=\"b87e5b7\" data-element_type=\"widget\" data-widget_type=\"heading.default\">\n\t\t\t\t<div class=\"elementor-widget-container\">\n\t\t\t\t\t<h2 class=\"elementor-heading-title elementor-size-default\">H\u1ed7 tr\u1ee3 24\/7<\/h2>\t\t\t\t<\/div>\n\t\t\t\t<\/div>\n\t\t\t\t<div class=\"elementor-element elementor-element-2c93321 elementor-widget elementor-widget-text-editor\" data-id=\"2c93321\" data-element_type=\"widget\" data-widget_type=\"text-editor.default\">\n\t\t\t\t<div class=\"elementor-widget-container\">\n\t\t\t\t\t\t\t\t\t<p><span style=\"font-weight: 400;\">KDExpress h\u1ed7 tr\u1ee3 kh\u00e1ch h\u00e0ng 24\/7 nh\u1eb1m n\u00e2ng cao hi\u1ec7u qu\u1ea3 kinh doanh v\u00e0 t\u1ed1i \u01b0u h\u00f3a l\u1ee3i nhu\u1eadn.<\/span><\/p>\t\t\t\t\t\t\t\t<\/div>\n\t\t\t\t<\/div>\n\t\t\t\t<div class=\"elementor-element elementor-element-3a2ee75 elementor-widget elementor-widget-heading\" data-id=\"3a2ee75\" data-element_type=\"widget\" data-widget_type=\"heading.default\">\n\t\t\t\t<div class=\"elementor-widget-container\">\n\t\t\t\t\t<h2 class=\"elementor-heading-title elementor-size-default\">\u0110\u1ed9i ng\u0169 chuy\u00ean nghi\u1ec7p<\/h2>\t\t\t\t<\/div>\n\t\t\t\t<\/div>\n\t\t\t\t<div class=\"elementor-element elementor-element-b8ae435 elementor-widget elementor-widget-text-editor\" data-id=\"b8ae435\" data-element_type=\"widget\" data-widget_type=\"text-editor.default\">\n\t\t\t\t<div class=\"elementor-widget-container\">\n\t\t\t\t\t\t\t\t\t<p><span style=\"font-weight: 400;\">KDExpress cung c\u1ea5p c\u00e1c d\u1ecbch v\u1ee5 v\u1eadn chuy\u1ec3n t\u1eadn n\u01a1i \u0111\u00e1ng tin c\u1eady v\u00e0 hi\u1ec7u qu\u1ea3 \u0111\u01b0\u1ee3c h\u1ed7 tr\u1ee3 b\u1edfi \u0111\u1ed9i ng\u0169 chuy\u00ean gia uy t\u00edn, gi\u00e0u kinh nghi\u1ec7m v\u00e0 hi\u1ec3u bi\u1ebft.<\/span><\/p>\t\t\t\t\t\t\t\t<\/div>\n\t\t\t\t<\/div>\n\t\t\t\t<div class=\"elementor-element elementor-element-7c0d6ff elementor-widget elementor-widget-heading\" data-id=\"7c0d6ff\" data-element_type=\"widget\" data-widget_type=\"heading.default\">\n\t\t\t\t<div class=\"elementor-widget-container\">\n\t\t\t\t\t<h2 class=\"elementor-heading-title elementor-size-default\">Gi\u00e1 c\u1ea1nh tranh<\/h2>\t\t\t\t<\/div>\n\t\t\t\t<\/div>\n\t\t\t\t<div class=\"elementor-element elementor-element-54364f2 elementor-widget elementor-widget-text-editor\" data-id=\"54364f2\" data-element_type=\"widget\" data-widget_type=\"text-editor.default\">\n\t\t\t\t<div class=\"elementor-widget-container\">\n\t\t\t\t\t\t\t\t\t<p><span style=\"font-weight: 400;\">KDExpress kh\u00f4ng ng\u1eebng t\u00ecm ki\u1ebfm c\u00e1c gi\u1ea3i ph\u00e1p nh\u1eb1m t\u1ed1i \u01b0u h\u00f3a chi ph\u00ed cho c\u1ea3 kh\u00e1ch h\u00e0ng v\u00e0 doanh nghi\u1ec7p.<\/span><\/p>\t\t\t\t\t\t\t\t<\/div>\n\t\t\t\t<\/div>\n\t\t\t\t\t<\/div>\n\t\t<\/div>\n\t\t\t\t<div class=\"elementor-column elementor-col-33 elementor-inner-column elementor-element elementor-element-8a8f434\" data-id=\"8a8f434\" data-element_type=\"column\">\n\t\t\t<div class=\"elementor-widget-wrap elementor-element-populated\">\n\t\t\t\t\t\t<div class=\"elementor-element elementor-element-026fbbb elementor-widget elementor-widget-image\" data-id=\"026fbbb\" data-element_type=\"widget\" data-widget_type=\"image.default\">\n\t\t\t\t<div class=\"elementor-widget-container\">\n\t\t\t\t\t\t\t\t\t\t\t\t\t\t\t<img fetchpriority=\"high\" decoding=\"async\" width=\"708\" height=\"708\" src=\"https:\/\/kdexpress.ca\/wp-content\/uploads\/2023\/09\/KDLogo.png\" class=\"attachment-large size-large wp-image-158036\" alt=\"\" srcset=\"https:\/\/kdexpress.ca\/wp-content\/uploads\/2023\/09\/KDLogo.png 708w, https:\/\/kdexpress.ca\/wp-content\/uploads\/2023\/09\/KDLogo-300x300.png 300w, https:\/\/kdexpress.ca\/wp-content\/uploads\/2023\/09\/KDLogo-150x150.png 150w, https:\/\/kdexpress.ca\/wp-content\/uploads\/2023\/09\/KDLogo-12x12.png 12w, https:\/\/kdexpress.ca\/wp-content\/uploads\/2023\/09\/KDLogo-600x600.png 600w, https:\/\/kdexpress.ca\/wp-content\/uploads\/2023\/09\/KDLogo-100x100.png 100w\" sizes=\"(max-width: 708px) 100vw, 708px\" \/>\t\t\t\t\t\t\t\t\t\t\t\t\t\t\t<\/div>\n\t\t\t\t<\/div>\n\t\t\t\t\t<\/div>\n\t\t<\/div>\n\t\t\t\t<div class=\"elementor-column elementor-col-33 elementor-inner-column elementor-element elementor-element-6c7d47c\" data-id=\"6c7d47c\" data-element_type=\"column\">\n\t\t\t<div class=\"elementor-widget-wrap elementor-element-populated\">\n\t\t\t\t\t\t<div class=\"elementor-element elementor-element-0d00d8c elementor-widget elementor-widget-heading\" data-id=\"0d00d8c\" data-element_type=\"widget\" data-widget_type=\"heading.default\">\n\t\t\t\t<div class=\"elementor-widget-container\">\n\t\t\t\t\t<h2 class=\"elementor-heading-title elementor-size-default\">H\u1ec7 th\u1ed1ng chi nh\u00e1nh r\u1ed9ng kh\u1eafp<\/h2>\t\t\t\t<\/div>\n\t\t\t\t<\/div>\n\t\t\t\t<div class=\"elementor-element elementor-element-15a5f0e elementor-widget elementor-widget-text-editor\" data-id=\"15a5f0e\" data-element_type=\"widget\" data-widget_type=\"text-editor.default\">\n\t\t\t\t<div class=\"elementor-widget-container\">\n\t\t\t\t\t\t\t\t\t<p><span style=\"font-weight: 400;\">Tr\u1ea3i nghi\u1ec7m s\u1ef1 an t\u00e2m tuy\u1ec7t \u0111\u1ed1i khi s\u1eed d\u1ee5ng c\u00e1c gi\u1ea3i ph\u00e1p Logistic v\u00e0 th\u01b0\u01a1ng m\u1ea1i \u0111i\u1ec7n t\u1eed c\u1ee7a ch\u00fang t\u00f4i, c\u00f3 s\u1eb5n tr\u00ean m\u1ea1ng l\u01b0\u1edbi r\u1ed9ng kh\u1eafp h\u01a1n 50 \u0111\u1ecba \u0111i\u1ec3m c\u1ee7a ch\u00fang t\u00f4i.<\/span><\/p>\t\t\t\t\t\t\t\t<\/div>\n\t\t\t\t<\/div>\n\t\t\t\t<div class=\"elementor-element elementor-element-580ac88 elementor-widget elementor-widget-heading\" data-id=\"580ac88\" data-element_type=\"widget\" data-widget_type=\"heading.default\">\n\t\t\t\t<div class=\"elementor-widget-container\">\n\t\t\t\t\t<h2 class=\"elementor-heading-title elementor-size-default\">H\u1ec7 th\u1ed1ng theo d\u00f5i<\/h2>\t\t\t\t<\/div>\n\t\t\t\t<\/div>\n\t\t\t\t<div class=\"elementor-element elementor-element-6c5fde4 elementor-widget elementor-widget-text-editor\" data-id=\"6c5fde4\" data-element_type=\"widget\" data-widget_type=\"text-editor.default\">\n\t\t\t\t<div class=\"elementor-widget-container\">\n\t\t\t\t\t\t\t\t\t<p><span style=\"font-weight: 400;\">H\u1ec7 th\u1ed1ng Theo d\u00f5i tr\u00ean trang web c\u1ee7a ch\u00fang t\u00f4i t\u00edch h\u1ee3p li\u1ec1n m\u1ea1ch \u0111\u1ec3 cho ph\u00e9p kh\u00e1ch h\u00e0ng theo d\u00f5i v\u00e0 truy c\u1eadp th\u00f4ng tin chi ti\u1ebft v\u1ec1 c\u00e1c \u0111\u01a1n h\u00e0ng c\u1ee7a h\u1ecd.<\/span><\/p>\t\t\t\t\t\t\t\t<\/div>\n\t\t\t\t<\/div>\n\t\t\t\t<div class=\"elementor-element elementor-element-c5dfa7e elementor-widget elementor-widget-heading\" data-id=\"c5dfa7e\" data-element_type=\"widget\" data-widget_type=\"heading.default\">\n\t\t\t\t<div class=\"elementor-widget-container\">\n\t\t\t\t\t<h2 class=\"elementor-heading-title elementor-size-default\">Th\u1ee7 t\u1ee5c \u0111\u01a1n gi\u1ea3n<\/h2>\t\t\t\t<\/div>\n\t\t\t\t<\/div>\n\t\t\t\t<div class=\"elementor-element elementor-element-b095a63 elementor-widget elementor-widget-text-editor\" data-id=\"b095a63\" data-element_type=\"widget\" data-widget_type=\"text-editor.default\">\n\t\t\t\t<div class=\"elementor-widget-container\">\n\t\t\t\t\t\t\t\t\t<p><span style=\"font-weight: 400;\">Th\u1ee7 t\u1ee5c v\u1eadn chuy\u1ec3n \u0111\u01b0\u1ee3c qu\u1ea3n l\u00fd hi\u1ec7u qu\u1ea3, \u0111\u1ea3m b\u1ea3o x\u1eed l\u00fd nhanh ch\u00f3ng v\u00e0 h\u1ed7 tr\u1ee3 doanh nghi\u1ec7p gi\u1ea3m thi\u1ec3u c\u00e1c chi ph\u00ed kh\u00f4ng c\u1ea7n thi\u1ebft li\u00ean quan \u0111\u1ebfn nh\u1eadp kh\u1ea9u, xu\u1ea5t kh\u1ea9u v\u00e0 v\u1eadn chuy\u1ec3n.<\/span><\/p>\t\t\t\t\t\t\t\t<\/div>\n\t\t\t\t<\/div>\n\t\t\t\t\t<\/div>\n\t\t<\/div>\n\t\t\t\t\t<\/div>\n\t\t<\/section>\n\t\t\t\t\t<\/div>\n\t\t<\/div>\n\t\t\t\t\t<\/div>\n\t\t<\/section>\n\t\t\t\t<section class=\"elementor-section elementor-top-section elementor-element elementor-element-8aa5966 elementor-section-boxed elementor-section-height-default elementor-section-height-default\" data-id=\"8aa5966\" data-element_type=\"section\">\n\t\t\t\t\t\t<div class=\"elementor-container elementor-column-gap-default\">\n\t\t\t\t\t<div class=\"elementor-column elementor-col-100 elementor-top-column elementor-element elementor-element-34cbfe6\" data-id=\"34cbfe6\" data-element_type=\"column\">\n\t\t\t<div class=\"elementor-widget-wrap elementor-element-populated\">\n\t\t\t\t\t\t<div class=\"elementor-element elementor-element-6044fdb elementor-widget elementor-widget-heading\" data-id=\"6044fdb\" data-element_type=\"widget\" data-widget_type=\"heading.default\">\n\t\t\t\t<div class=\"elementor-widget-container\">\n\t\t\t\t\t<h2 class=\"elementor-heading-title elementor-size-default\">Ban c\u1ea7n th\u00eam th\u00f4ng tin? Li\u00ean h\u1ec7 ch\u00fang t\u00f4i ngay!<\/h2>\t\t\t\t<\/div>\n\t\t\t\t<\/div>\n\t\t\t\t\t<\/div>\n\t\t<\/div>\n\t\t\t\t\t<\/div>\n\t\t<\/section>\n\t\t\t\t<\/div>","protected":false},"excerpt":{"rendered":"<p>E-commerceFulfilment Service Talk to us Fulfilment ServiceOnline Business Solution Unlocking a competitive edge for online businesses, our Fulfillment services offer comprehensive solutions to drive growth and expansion. From receiving goods and inventory management to efficient packaging and timely shipment to customers, we handle every operational stage with precision. Key Feature Support effective goods managementProcessing and [&hellip;]<\/p>","protected":false},"author":48,"featured_media":0,"parent":0,"menu_order":0,"comment_status":"closed","ping_status":"closed","template":"","meta":{"site-sidebar-layout":"default","site-content-layout":"","ast-site-content-layout":"","site-content-style":"default","site-sidebar-style":"default","ast-global-header-display":"","ast-banner-title-visibility":"","ast-main-header-display":"","ast-hfb-above-header-display":"","ast-hfb-below-header-display":"","ast-hfb-mobile-header-display":"","site-post-title":"","ast-breadcrumbs-content":"","ast-featured-img":"","footer-sml-layout":"","theme-transparent-header-meta":"","adv-header-id-meta":"","stick-header-meta":"","header-above-stick-meta":"","header-main-stick-meta":"","header-below-stick-meta":"","astra-migrate-meta-layouts":"default","ast-page-background-enabled":"default","ast-page-background-meta":{"desktop":{"background-color":"var(--ast-global-color-4)","background-image":"","background-repeat":"repeat","background-position":"center center","background-size":"auto","background-attachment":"scroll","background-type":"","background-media":"","overlay-type":"","overlay-color":"","overlay-opacity":"","overlay-gradient":""},"tablet":{"background-color":"","background-image":"","background-repeat":"repeat","background-position":"center center","background-size":"auto","background-attachment":"scroll","background-type":"","background-media":"","overlay-type":"","overlay-color":"","overlay-opacity":"","overlay-gradient":""},"mobile":{"background-color":"","background-image":"","background-repeat":"repeat","background-position":"center center","background-size":"auto","background-attachment":"scroll","background-type":"","background-media":"","overlay-type":"","overlay-color":"","overlay-opacity":"","overlay-gradient":""}},"ast-content-background-meta":{"desktop":{"background-color":"var(--ast-global-color-5)","background-image":"","background-repeat":"repeat","background-position":"center center","background-size":"auto","background-attachment":"scroll","background-type":"","background-media":"","overlay-type":"","overlay-color":"","overlay-opacity":"","overlay-gradient":""},"tablet":{"background-color":"var(--ast-global-color-5)","background-image":"","background-repeat":"repeat","background-position":"center center","background-size":"auto","background-attachment":"scroll","background-type":"","background-media":"","overlay-type":"","overlay-color":"","overlay-opacity":"","overlay-gradient":""},"mobile":{"background-color":"var(--ast-global-color-5)","background-image":"","background-repeat":"repeat","background-position":"center center","background-size":"auto","background-attachment":"scroll","background-type":"","background-media":"","overlay-type":"","overlay-color":"","overlay-opacity":"","overlay-gradient":""}},"footnotes":""},"class_list":["post-2304","page","type-page","status-publish","hentry"],"_links":{"self":[{"href":"https:\/\/kdexpress.ca\/vi\/wp-json\/wp\/v2\/pages\/2304","targetHints":{"allow":["GET"]}}],"collection":[{"href":"https:\/\/kdexpress.ca\/vi\/wp-json\/wp\/v2\/pages"}],"about":[{"href":"https:\/\/kdexpress.ca\/vi\/wp-json\/wp\/v2\/types\/page"}],"author":[{"embeddable":true,"href":"https:\/\/kdexpress.ca\/vi\/wp-json\/wp\/v2\/users\/48"}],"replies":[{"embeddable":true,"href":"https:\/\/kdexpress.ca\/vi\/wp-json\/wp\/v2\/comments?post=2304"}],"version-history":[{"count":0,"href":"https:\/\/kdexpress.ca\/vi\/wp-json\/wp\/v2\/pages\/2304\/revisions"}],"wp:attachment":[{"href":"https:\/\/kdexpress.ca\/vi\/wp-json\/wp\/v2\/media?parent=2304"}],"curies":[{"name":"wp","href":"https:\/\/api.w.org\/{rel}","templated":true}]}}