{"id":2267,"date":"2023-03-28T01:09:26","date_gmt":"2023-03-28T01:09:26","guid":{"rendered":"https:\/\/dev.kdexpress.ca\/?page_id=2267"},"modified":"2023-10-05T17:32:52","modified_gmt":"2023-10-06T00:32:52","slug":"ecommerce-check-out","status":"publish","type":"page","link":"https:\/\/kdexpress.ca\/vi\/ecommerce-check-out\/","title":{"rendered":"Ecommerce: Check Out"},"content":{"rendered":"<div data-elementor-type=\"wp-page\" data-elementor-id=\"2267\" class=\"elementor elementor-2267\">\n\t\t\t\t\t\t<section class=\"elementor-section elementor-top-section elementor-element elementor-element-5d60c01 elementor-section-full_width elementor-section-height-min-height elementor-section-stretched elementor-section-height-default elementor-section-items-middle\" data-id=\"5d60c01\" data-element_type=\"section\" data-settings=\"{&quot;stretch_section&quot;:&quot;section-stretched&quot;,&quot;background_background&quot;:&quot;classic&quot;}\">\n\t\t\t\t\t\t\t<div class=\"elementor-background-overlay\"><\/div>\n\t\t\t\t\t\t\t<div class=\"elementor-container elementor-column-gap-default\">\n\t\t\t\t\t<div class=\"elementor-column elementor-col-100 elementor-top-column elementor-element elementor-element-67e5f75\" data-id=\"67e5f75\" data-element_type=\"column\">\n\t\t\t<div class=\"elementor-widget-wrap elementor-element-populated\">\n\t\t\t\t\t\t<div class=\"elementor-element elementor-element-dd2419c elementor-widget elementor-widget-heading\" data-id=\"dd2419c\" data-element_type=\"widget\" data-widget_type=\"heading.default\">\n\t\t\t\t<div class=\"elementor-widget-container\">\n\t\t\t\t\t<h2 class=\"elementor-heading-title elementor-size-default\">E-commerce<br>D\u1ecbch V\u1ee5 Check Out<\/h2>\t\t\t\t<\/div>\n\t\t\t\t<\/div>\n\t\t\t\t<section class=\"elementor-section elementor-inner-section elementor-element elementor-element-36b5611 elementor-section-boxed elementor-section-height-default elementor-section-height-default\" data-id=\"36b5611\" data-element_type=\"section\">\n\t\t\t\t\t\t<div class=\"elementor-container elementor-column-gap-default\">\n\t\t\t\t\t<div class=\"elementor-column elementor-col-100 elementor-inner-column elementor-element elementor-element-c80e4cd\" data-id=\"c80e4cd\" data-element_type=\"column\">\n\t\t\t<div class=\"elementor-widget-wrap elementor-element-populated\">\n\t\t\t\t\t\t<div class=\"elementor-element elementor-element-f6e5274 elementor-align-center elementor-widget elementor-widget-button\" data-id=\"f6e5274\" data-element_type=\"widget\" data-widget_type=\"button.default\">\n\t\t\t\t<div class=\"elementor-widget-container\">\n\t\t\t\t\t\t\t\t\t<div class=\"elementor-button-wrapper\">\n\t\t\t\t\t<a class=\"elementor-button elementor-button-link elementor-size-md\" href=\"\/vi\/contact-us\/\">\n\t\t\t\t\t\t<span class=\"elementor-button-content-wrapper\">\n\t\t\t\t\t\t<span class=\"elementor-button-icon\">\n\t\t\t\t<i aria-hidden=\"true\" class=\"fas fa-angle-double-right\"><\/i>\t\t\t<\/span>\n\t\t\t\t\t\t\t\t\t<span class=\"elementor-button-text\">Li\u00ean h\u1ec7 ngay<\/span>\n\t\t\t\t\t<\/span>\n\t\t\t\t\t<\/a>\n\t\t\t\t<\/div>\n\t\t\t\t\t\t\t\t<\/div>\n\t\t\t\t<\/div>\n\t\t\t\t\t<\/div>\n\t\t<\/div>\n\t\t\t\t\t<\/div>\n\t\t<\/section>\n\t\t\t\t\t<\/div>\n\t\t<\/div>\n\t\t\t\t\t<\/div>\n\t\t<\/section>\n\t\t\t\t<section class=\"elementor-section elementor-top-section elementor-element elementor-element-ae319ec elementor-section-boxed elementor-section-height-default elementor-section-height-default\" data-id=\"ae319ec\" data-element_type=\"section\">\n\t\t\t\t\t\t<div class=\"elementor-container elementor-column-gap-default\">\n\t\t\t\t\t<div class=\"elementor-column elementor-col-100 elementor-top-column elementor-element elementor-element-1647ee4\" data-id=\"1647ee4\" data-element_type=\"column\">\n\t\t\t<div class=\"elementor-widget-wrap elementor-element-populated\">\n\t\t\t\t\t\t<div class=\"elementor-element elementor-element-425269f elementor-widget elementor-widget-heading\" data-id=\"425269f\" data-element_type=\"widget\" data-widget_type=\"heading.default\">\n\t\t\t\t<div class=\"elementor-widget-container\">\n\t\t\t\t\t<h2 class=\"elementor-heading-title elementor-size-default\">D\u1ecbch V\u1ee5 Check Out<br>T\u1eeb A \u0111\u1ebfn Z<\/h2>\t\t\t\t<\/div>\n\t\t\t\t<\/div>\n\t\t\t\t<div class=\"elementor-element elementor-element-3f0374d elementor-widget elementor-widget-heading\" data-id=\"3f0374d\" data-element_type=\"widget\" data-widget_type=\"heading.default\">\n\t\t\t\t<div class=\"elementor-widget-container\">\n\t\t\t\t\t<h2 class=\"elementor-heading-title elementor-size-default\">Mua s\u1eafm h\u00e0ng qu\u1ed1c t\u1ebf \u0111\u00e3 tr\u1edf n\u00ean \u0111\u01a1n gi\u1ea3n v\u00e0 d\u1ec5 d\u00e0ng h\u01a1n bao gi\u1edd h\u1ebft v\u1edbi d\u1ecbch v\u1ee5 KDExpress Checkout. Th\u1ecfa s\u1ee9c mua s\u1eafm c\u00e1c lo\u1ea1i s\u1ea3n ph\u1ea9m th\u00f4ng qua c\u00e1c trang web \u0111\u00e1ng tin c\u1eady nh\u01b0 Amazon, Sephora, eBay, Costco,... Ch\u00fang t\u00f4i h\u1ed7 tr\u1ee3 mua s\u1eafm, thanh to\u00e1n qu\u1ed1c t\u1ebf v\u00e0 giao h\u00e0ng t\u1eadn n\u01a1i.<\/h2>\t\t\t\t<\/div>\n\t\t\t\t<\/div>\n\t\t\t\t\t<\/div>\n\t\t<\/div>\n\t\t\t\t\t<\/div>\n\t\t<\/section>\n\t\t\t\t<section class=\"elementor-section elementor-top-section elementor-element elementor-element-dac8d9d elementor-section-boxed elementor-section-height-default elementor-section-height-default\" data-id=\"dac8d9d\" data-element_type=\"section\">\n\t\t\t\t\t\t<div class=\"elementor-container elementor-column-gap-default\">\n\t\t\t\t\t<div class=\"elementor-column elementor-col-100 elementor-top-column elementor-element elementor-element-a476e8e\" data-id=\"a476e8e\" data-element_type=\"column\">\n\t\t\t<div class=\"elementor-widget-wrap elementor-element-populated\">\n\t\t\t\t\t\t<div class=\"elementor-element elementor-element-952c600 elementor-widget elementor-widget-heading\" data-id=\"952c600\" data-element_type=\"widget\" data-widget_type=\"heading.default\">\n\t\t\t\t<div class=\"elementor-widget-container\">\n\t\t\t\t\t<h2 class=\"elementor-heading-title elementor-size-default\"><b>C\u00e1ch V\u1eadn H\u00e0nh<\/b><\/h2>\t\t\t\t<\/div>\n\t\t\t\t<\/div>\n\t\t\t\t<div class=\"elementor-element elementor-element-f03459a elementor-widget elementor-widget-text-editor\" data-id=\"f03459a\" data-element_type=\"widget\" data-widget_type=\"text-editor.default\">\n\t\t\t\t<div class=\"elementor-widget-container\">\n\t\t\t\t\t\t\t\t\t<p>Cung c\u1ea5p link s\u1ea3n ph\u1ea9m<br><span style=\"font-style: inherit; font-weight: inherit; color: var( --e-global-color-secondary ); font-family: var( --e-global-typography-5928c8a-font-family ), Sans-serif; letter-spacing: var( --e-global-typography-5928c8a-letter-spacing ); word-spacing: var( --e-global-typography-5928c8a-word-spacing ); background-color: var(--ast-global-color-5);\">Nh\u1eadn b\u00e1o gi\u00e1 t\u1eeb KDexpress.<br><\/span><span style=\"font-style: inherit; font-weight: inherit; color: var( --e-global-color-secondary ); font-family: var( --e-global-typography-5928c8a-font-family ), Sans-serif; letter-spacing: var( --e-global-typography-5928c8a-letter-spacing ); word-spacing: var( --e-global-typography-5928c8a-word-spacing ); background-color: var(--ast-global-color-5);\">X\u00e1c nh\u1eadn \u0111\u01a1n h\u00e0ng v\u00e0 \u0111\u1eb7t \u0111\u1ecdc.<br><\/span><span style=\"font-style: inherit; font-weight: inherit; color: var( --e-global-color-secondary ); font-family: var( --e-global-typography-5928c8a-font-family ), Sans-serif; letter-spacing: var( --e-global-typography-5928c8a-letter-spacing ); word-spacing: var( --e-global-typography-5928c8a-word-spacing ); background-color: var(--ast-global-color-5);\">KDExpress th\u1ef1c hi\u1ec7n mua h\u00e0ng v\u00e0 thanh to\u00e1n.<br><\/span><span style=\"font-style: inherit; font-weight: inherit; color: var( --e-global-color-secondary ); font-family: var( --e-global-typography-5928c8a-font-family ), Sans-serif; letter-spacing: var( --e-global-typography-5928c8a-letter-spacing ); word-spacing: var( --e-global-typography-5928c8a-word-spacing ); background-color: var(--ast-global-color-5);\">Giao h\u00e0ng t\u1eadn nh\u00e0.<br><\/span><span style=\"font-style: inherit; font-weight: inherit; color: var( --e-global-color-secondary ); font-family: var( --e-global-typography-5928c8a-font-family ), Sans-serif; letter-spacing: var( --e-global-typography-5928c8a-letter-spacing ); word-spacing: var( --e-global-typography-5928c8a-word-spacing ); background-color: var(--ast-global-color-5);\">Nh\u1eadn h\u00e0ng, ki\u1ec3m tra v\u00e0 thanh to\u00e1n chi ph\u00ed c\u00f2n l\u1ea1i.<\/span><\/p>\t\t\t\t\t\t\t\t<\/div>\n\t\t\t\t<\/div>\n\t\t\t\t<div class=\"elementor-element elementor-element-9e97c03 elementor-widget elementor-widget-spacer\" data-id=\"9e97c03\" data-element_type=\"widget\" data-widget_type=\"spacer.default\">\n\t\t\t\t<div class=\"elementor-widget-container\">\n\t\t\t\t\t\t\t<div class=\"elementor-spacer\">\n\t\t\t<div class=\"elementor-spacer-inner\"><\/div>\n\t\t<\/div>\n\t\t\t\t\t\t<\/div>\n\t\t\t\t<\/div>\n\t\t\t\t\t<\/div>\n\t\t<\/div>\n\t\t\t\t\t<\/div>\n\t\t<\/section>\n\t\t\t\t<section class=\"elementor-section elementor-top-section elementor-element elementor-element-7e7a7ef elementor-section-boxed elementor-section-height-default elementor-section-height-default\" data-id=\"7e7a7ef\" data-element_type=\"section\">\n\t\t\t\t\t\t<div class=\"elementor-container elementor-column-gap-default\">\n\t\t\t\t\t<div class=\"elementor-column elementor-col-100 elementor-top-column elementor-element elementor-element-f3ef789\" data-id=\"f3ef789\" data-element_type=\"column\">\n\t\t\t<div class=\"elementor-widget-wrap elementor-element-populated\">\n\t\t\t\t\t\t<div class=\"elementor-element elementor-element-fdbeb58 elementor-widget elementor-widget-heading\" data-id=\"fdbeb58\" data-element_type=\"widget\" data-widget_type=\"heading.default\">\n\t\t\t\t<div class=\"elementor-widget-container\">\n\t\t\t\t\t<h2 class=\"elementor-heading-title elementor-size-default\">T\u1ea1i Sao Ch\u1ecdn Ch\u00fang t\u00f4i?<\/h2>\t\t\t\t<\/div>\n\t\t\t\t<\/div>\n\t\t\t\t<section class=\"elementor-section elementor-inner-section elementor-element elementor-element-68e865e elementor-section-boxed elementor-section-height-default elementor-section-height-default\" data-id=\"68e865e\" data-element_type=\"section\">\n\t\t\t\t\t\t<div class=\"elementor-container elementor-column-gap-default\">\n\t\t\t\t\t<div class=\"elementor-column elementor-col-33 elementor-inner-column elementor-element elementor-element-80b7e42\" data-id=\"80b7e42\" data-element_type=\"column\">\n\t\t\t<div class=\"elementor-widget-wrap elementor-element-populated\">\n\t\t\t\t\t\t<div class=\"elementor-element elementor-element-c685f85 elementor-widget elementor-widget-heading\" data-id=\"c685f85\" data-element_type=\"widget\" data-widget_type=\"heading.default\">\n\t\t\t\t<div class=\"elementor-widget-container\">\n\t\t\t\t\t<h2 class=\"elementor-heading-title elementor-size-default\">H\u1ed7 tr\u1ee3 24\/7<\/h2>\t\t\t\t<\/div>\n\t\t\t\t<\/div>\n\t\t\t\t<div class=\"elementor-element elementor-element-0041648 elementor-widget elementor-widget-text-editor\" data-id=\"0041648\" data-element_type=\"widget\" data-widget_type=\"text-editor.default\">\n\t\t\t\t<div class=\"elementor-widget-container\">\n\t\t\t\t\t\t\t\t\t<p><span style=\"font-weight: 400;\">KDExpress h\u1ed7 tr\u1ee3 kh\u00e1ch h\u00e0ng 24\/7 nh\u1eb1m n\u00e2ng cao hi\u1ec7u qu\u1ea3 kinh doanh v\u00e0 t\u1ed1i \u01b0u h\u00f3a l\u1ee3i nhu\u1eadn.<\/span><\/p>\t\t\t\t\t\t\t\t<\/div>\n\t\t\t\t<\/div>\n\t\t\t\t<div class=\"elementor-element elementor-element-1556a9a elementor-widget elementor-widget-heading\" data-id=\"1556a9a\" data-element_type=\"widget\" data-widget_type=\"heading.default\">\n\t\t\t\t<div class=\"elementor-widget-container\">\n\t\t\t\t\t<h2 class=\"elementor-heading-title elementor-size-default\">\u0110\u1ed9i ng\u0169 chuy\u00ean nghi\u1ec7p<\/h2>\t\t\t\t<\/div>\n\t\t\t\t<\/div>\n\t\t\t\t<div class=\"elementor-element elementor-element-1048760 elementor-widget elementor-widget-text-editor\" data-id=\"1048760\" data-element_type=\"widget\" data-widget_type=\"text-editor.default\">\n\t\t\t\t<div class=\"elementor-widget-container\">\n\t\t\t\t\t\t\t\t\t<p><span style=\"font-weight: 400;\">KDExpress cung c\u1ea5p c\u00e1c d\u1ecbch v\u1ee5 v\u1eadn chuy\u1ec3n t\u1eadn n\u01a1i \u0111\u00e1ng tin c\u1eady v\u00e0 hi\u1ec7u qu\u1ea3 \u0111\u01b0\u1ee3c h\u1ed7 tr\u1ee3 b\u1edfi \u0111\u1ed9i ng\u0169 chuy\u00ean gia uy t\u00edn, gi\u00e0u kinh nghi\u1ec7m v\u00e0 hi\u1ec3u bi\u1ebft.<\/span><\/p>\t\t\t\t\t\t\t\t<\/div>\n\t\t\t\t<\/div>\n\t\t\t\t<div class=\"elementor-element elementor-element-f7c7fde elementor-widget elementor-widget-heading\" data-id=\"f7c7fde\" data-element_type=\"widget\" data-widget_type=\"heading.default\">\n\t\t\t\t<div class=\"elementor-widget-container\">\n\t\t\t\t\t<h2 class=\"elementor-heading-title elementor-size-default\">Gi\u00e1 c\u1ea1nh tranh<\/h2>\t\t\t\t<\/div>\n\t\t\t\t<\/div>\n\t\t\t\t<div class=\"elementor-element elementor-element-2501538 elementor-widget elementor-widget-text-editor\" data-id=\"2501538\" data-element_type=\"widget\" data-widget_type=\"text-editor.default\">\n\t\t\t\t<div class=\"elementor-widget-container\">\n\t\t\t\t\t\t\t\t\t<p><span style=\"font-weight: 400;\">KDExpress kh\u00f4ng ng\u1eebng t\u00ecm ki\u1ebfm c\u00e1c gi\u1ea3i ph\u00e1p nh\u1eb1m t\u1ed1i \u01b0u h\u00f3a chi ph\u00ed cho c\u1ea3 kh\u00e1ch h\u00e0ng v\u00e0 doanh nghi\u1ec7p.<\/span><\/p>\t\t\t\t\t\t\t\t<\/div>\n\t\t\t\t<\/div>\n\t\t\t\t\t<\/div>\n\t\t<\/div>\n\t\t\t\t<div class=\"elementor-column elementor-col-33 elementor-inner-column elementor-element elementor-element-97ede48\" data-id=\"97ede48\" data-element_type=\"column\">\n\t\t\t<div class=\"elementor-widget-wrap elementor-element-populated\">\n\t\t\t\t\t\t<div class=\"elementor-element elementor-element-44a14de elementor-widget elementor-widget-image\" data-id=\"44a14de\" data-element_type=\"widget\" data-widget_type=\"image.default\">\n\t\t\t\t<div class=\"elementor-widget-container\">\n\t\t\t\t\t\t\t\t\t\t\t\t\t\t\t<img fetchpriority=\"high\" decoding=\"async\" width=\"708\" height=\"708\" src=\"https:\/\/kdexpress.ca\/wp-content\/uploads\/2023\/09\/KDLogo.png\" class=\"attachment-large size-large wp-image-158036\" alt=\"\" srcset=\"https:\/\/kdexpress.ca\/wp-content\/uploads\/2023\/09\/KDLogo.png 708w, https:\/\/kdexpress.ca\/wp-content\/uploads\/2023\/09\/KDLogo-300x300.png 300w, https:\/\/kdexpress.ca\/wp-content\/uploads\/2023\/09\/KDLogo-150x150.png 150w, https:\/\/kdexpress.ca\/wp-content\/uploads\/2023\/09\/KDLogo-12x12.png 12w, https:\/\/kdexpress.ca\/wp-content\/uploads\/2023\/09\/KDLogo-600x600.png 600w, https:\/\/kdexpress.ca\/wp-content\/uploads\/2023\/09\/KDLogo-100x100.png 100w\" sizes=\"(max-width: 708px) 100vw, 708px\" \/>\t\t\t\t\t\t\t\t\t\t\t\t\t\t\t<\/div>\n\t\t\t\t<\/div>\n\t\t\t\t\t<\/div>\n\t\t<\/div>\n\t\t\t\t<div class=\"elementor-column elementor-col-33 elementor-inner-column elementor-element elementor-element-4da3dd3\" data-id=\"4da3dd3\" data-element_type=\"column\">\n\t\t\t<div class=\"elementor-widget-wrap elementor-element-populated\">\n\t\t\t\t\t\t<div class=\"elementor-element elementor-element-b99a416 elementor-widget elementor-widget-heading\" data-id=\"b99a416\" data-element_type=\"widget\" data-widget_type=\"heading.default\">\n\t\t\t\t<div class=\"elementor-widget-container\">\n\t\t\t\t\t<h2 class=\"elementor-heading-title elementor-size-default\">H\u1ec7 th\u1ed1ng chi nh\u00e1nh r\u1ed9ng kh\u1eafp<\/h2>\t\t\t\t<\/div>\n\t\t\t\t<\/div>\n\t\t\t\t<div class=\"elementor-element elementor-element-7d57bd1 elementor-widget elementor-widget-text-editor\" data-id=\"7d57bd1\" data-element_type=\"widget\" data-widget_type=\"text-editor.default\">\n\t\t\t\t<div class=\"elementor-widget-container\">\n\t\t\t\t\t\t\t\t\t<p><span style=\"font-weight: 400;\">Tr\u1ea3i nghi\u1ec7m s\u1ef1 an t\u00e2m tuy\u1ec7t \u0111\u1ed1i khi s\u1eed d\u1ee5ng c\u00e1c gi\u1ea3i ph\u00e1p Logistic v\u00e0 th\u01b0\u01a1ng m\u1ea1i \u0111i\u1ec7n t\u1eed c\u1ee7a ch\u00fang t\u00f4i, c\u00f3 s\u1eb5n tr\u00ean m\u1ea1ng l\u01b0\u1edbi r\u1ed9ng kh\u1eafp h\u01a1n 50 \u0111\u1ecba \u0111i\u1ec3m c\u1ee7a ch\u00fang t\u00f4i.<\/span><\/p>\t\t\t\t\t\t\t\t<\/div>\n\t\t\t\t<\/div>\n\t\t\t\t<div class=\"elementor-element elementor-element-715d256 elementor-widget elementor-widget-heading\" data-id=\"715d256\" data-element_type=\"widget\" data-widget_type=\"heading.default\">\n\t\t\t\t<div class=\"elementor-widget-container\">\n\t\t\t\t\t<h2 class=\"elementor-heading-title elementor-size-default\">H\u1ec7 th\u1ed1ng theo d\u00f5i<\/h2>\t\t\t\t<\/div>\n\t\t\t\t<\/div>\n\t\t\t\t<div class=\"elementor-element elementor-element-788542e elementor-widget elementor-widget-text-editor\" data-id=\"788542e\" data-element_type=\"widget\" data-widget_type=\"text-editor.default\">\n\t\t\t\t<div class=\"elementor-widget-container\">\n\t\t\t\t\t\t\t\t\t<p><span style=\"font-weight: 400;\">H\u1ec7 th\u1ed1ng Theo d\u00f5i tr\u00ean trang web c\u1ee7a ch\u00fang t\u00f4i t\u00edch h\u1ee3p li\u1ec1n m\u1ea1ch \u0111\u1ec3 cho ph\u00e9p kh\u00e1ch h\u00e0ng theo d\u00f5i v\u00e0 truy c\u1eadp th\u00f4ng tin chi ti\u1ebft v\u1ec1 c\u00e1c \u0111\u01a1n h\u00e0ng c\u1ee7a h\u1ecd.<\/span><\/p>\t\t\t\t\t\t\t\t<\/div>\n\t\t\t\t<\/div>\n\t\t\t\t<div class=\"elementor-element elementor-element-6ecc30c elementor-widget elementor-widget-heading\" data-id=\"6ecc30c\" data-element_type=\"widget\" data-widget_type=\"heading.default\">\n\t\t\t\t<div class=\"elementor-widget-container\">\n\t\t\t\t\t<h2 class=\"elementor-heading-title elementor-size-default\">Th\u1ee7 t\u1ee5c \u0111\u01a1n gi\u1ea3n<\/h2>\t\t\t\t<\/div>\n\t\t\t\t<\/div>\n\t\t\t\t<div class=\"elementor-element elementor-element-0a5a363 elementor-widget elementor-widget-text-editor\" data-id=\"0a5a363\" data-element_type=\"widget\" data-widget_type=\"text-editor.default\">\n\t\t\t\t<div class=\"elementor-widget-container\">\n\t\t\t\t\t\t\t\t\t<p><span style=\"font-weight: 400;\">Th\u1ee7 t\u1ee5c v\u1eadn chuy\u1ec3n \u0111\u01b0\u1ee3c qu\u1ea3n l\u00fd hi\u1ec7u qu\u1ea3, \u0111\u1ea3m b\u1ea3o x\u1eed l\u00fd nhanh ch\u00f3ng v\u00e0 h\u1ed7 tr\u1ee3 doanh nghi\u1ec7p gi\u1ea3m thi\u1ec3u c\u00e1c chi ph\u00ed kh\u00f4ng c\u1ea7n thi\u1ebft li\u00ean quan \u0111\u1ebfn nh\u1eadp kh\u1ea9u, xu\u1ea5t kh\u1ea9u v\u00e0 v\u1eadn chuy\u1ec3n.<\/span><\/p>\t\t\t\t\t\t\t\t<\/div>\n\t\t\t\t<\/div>\n\t\t\t\t\t<\/div>\n\t\t<\/div>\n\t\t\t\t\t<\/div>\n\t\t<\/section>\n\t\t\t\t\t<\/div>\n\t\t<\/div>\n\t\t\t\t\t<\/div>\n\t\t<\/section>\n\t\t\t\t<section class=\"elementor-section elementor-top-section elementor-element elementor-element-66e5b1b elementor-section-boxed elementor-section-height-default elementor-section-height-default\" data-id=\"66e5b1b\" data-element_type=\"section\">\n\t\t\t\t\t\t<div class=\"elementor-container elementor-column-gap-default\">\n\t\t\t\t\t<div class=\"elementor-column elementor-col-100 elementor-top-column elementor-element elementor-element-422819c\" data-id=\"422819c\" data-element_type=\"column\">\n\t\t\t<div class=\"elementor-widget-wrap elementor-element-populated\">\n\t\t\t\t\t\t<div class=\"elementor-element elementor-element-6eb6629 elementor-widget elementor-widget-heading\" data-id=\"6eb6629\" data-element_type=\"widget\" data-widget_type=\"heading.default\">\n\t\t\t\t<div class=\"elementor-widget-container\">\n\t\t\t\t\t<h2 class=\"elementor-heading-title elementor-size-default\">Ban c\u1ea7n th\u00eam th\u00f4ng tin? Li\u00ean h\u1ec7 ch\u00fang t\u00f4i ngay!<\/h2>\t\t\t\t<\/div>\n\t\t\t\t<\/div>\n\t\t\t\t\t<\/div>\n\t\t<\/div>\n\t\t\t\t\t<\/div>\n\t\t<\/section>\n\t\t\t\t<\/div>","protected":false},"excerpt":{"rendered":"<p>E-commerceCheck Out Service Talk to us Check Out ServiceFrom A to Z International shopping has become simpler and easier than ever with the KDExpress Checkout service. Enjoy shopping for a variety of products through trusted websites such as Amazon, Sephora, eBay, Costco,&#8230; We support shopping, international payments and door-to-door delivery. How It Works Provide product [&hellip;]<\/p>","protected":false},"author":48,"featured_media":0,"parent":0,"menu_order":0,"comment_status":"closed","ping_status":"closed","template":"","meta":{"site-sidebar-layout":"default","site-content-layout":"","ast-site-content-layout":"","site-content-style":"default","site-sidebar-style":"default","ast-global-header-display":"","ast-banner-title-visibility":"","ast-main-header-display":"","ast-hfb-above-header-display":"","ast-hfb-below-header-display":"","ast-hfb-mobile-header-display":"","site-post-title":"","ast-breadcrumbs-content":"","ast-featured-img":"","footer-sml-layout":"","theme-transparent-header-meta":"","adv-header-id-meta":"","stick-header-meta":"","header-above-stick-meta":"","header-main-stick-meta":"","header-below-stick-meta":"","astra-migrate-meta-layouts":"default","ast-page-background-enabled":"default","ast-page-background-meta":{"desktop":{"background-color":"var(--ast-global-color-4)","background-image":"","background-repeat":"repeat","background-position":"center center","background-size":"auto","background-attachment":"scroll","background-type":"","background-media":"","overlay-type":"","overlay-color":"","overlay-opacity":"","overlay-gradient":""},"tablet":{"background-color":"","background-image":"","background-repeat":"repeat","background-position":"center center","background-size":"auto","background-attachment":"scroll","background-type":"","background-media":"","overlay-type":"","overlay-color":"","overlay-opacity":"","overlay-gradient":""},"mobile":{"background-color":"","background-image":"","background-repeat":"repeat","background-position":"center center","background-size":"auto","background-attachment":"scroll","background-type":"","background-media":"","overlay-type":"","overlay-color":"","overlay-opacity":"","overlay-gradient":""}},"ast-content-background-meta":{"desktop":{"background-color":"var(--ast-global-color-5)","background-image":"","background-repeat":"repeat","background-position":"center center","background-size":"auto","background-attachment":"scroll","background-type":"","background-media":"","overlay-type":"","overlay-color":"","overlay-opacity":"","overlay-gradient":""},"tablet":{"background-color":"var(--ast-global-color-5)","background-image":"","background-repeat":"repeat","background-position":"center center","background-size":"auto","background-attachment":"scroll","background-type":"","background-media":"","overlay-type":"","overlay-color":"","overlay-opacity":"","overlay-gradient":""},"mobile":{"background-color":"var(--ast-global-color-5)","background-image":"","background-repeat":"repeat","background-position":"center center","background-size":"auto","background-attachment":"scroll","background-type":"","background-media":"","overlay-type":"","overlay-color":"","overlay-opacity":"","overlay-gradient":""}},"footnotes":""},"class_list":["post-2267","page","type-page","status-publish","hentry"],"_links":{"self":[{"href":"https:\/\/kdexpress.ca\/vi\/wp-json\/wp\/v2\/pages\/2267","targetHints":{"allow":["GET"]}}],"collection":[{"href":"https:\/\/kdexpress.ca\/vi\/wp-json\/wp\/v2\/pages"}],"about":[{"href":"https:\/\/kdexpress.ca\/vi\/wp-json\/wp\/v2\/types\/page"}],"author":[{"embeddable":true,"href":"https:\/\/kdexpress.ca\/vi\/wp-json\/wp\/v2\/users\/48"}],"replies":[{"embeddable":true,"href":"https:\/\/kdexpress.ca\/vi\/wp-json\/wp\/v2\/comments?post=2267"}],"version-history":[{"count":0,"href":"https:\/\/kdexpress.ca\/vi\/wp-json\/wp\/v2\/pages\/2267\/revisions"}],"wp:attachment":[{"href":"https:\/\/kdexpress.ca\/vi\/wp-json\/wp\/v2\/media?parent=2267"}],"curies":[{"name":"wp","href":"https:\/\/api.w.org\/{rel}","templated":true}]}}