{"id":2238,"date":"2023-03-28T00:27:55","date_gmt":"2023-03-28T00:27:55","guid":{"rendered":"https:\/\/dev.kdexpress.ca\/?page_id=2238"},"modified":"2023-10-05T17:29:43","modified_gmt":"2023-10-06T00:29:43","slug":"warehouse-rental","status":"publish","type":"page","link":"https:\/\/kdexpress.ca\/vi\/warehouse-rental\/","title":{"rendered":"D\u1ecbch V\u1ee5 Thu\u00ea Kho"},"content":{"rendered":"<div data-elementor-type=\"wp-page\" data-elementor-id=\"2238\" class=\"elementor elementor-2238\">\n\t\t\t\t\t\t<section class=\"elementor-section elementor-top-section elementor-element elementor-element-e11c967 elementor-section-full_width elementor-section-height-min-height elementor-section-stretched elementor-section-height-default elementor-section-items-middle\" data-id=\"e11c967\" data-element_type=\"section\" data-settings=\"{&quot;stretch_section&quot;:&quot;section-stretched&quot;,&quot;background_background&quot;:&quot;classic&quot;}\">\n\t\t\t\t\t\t\t<div class=\"elementor-background-overlay\"><\/div>\n\t\t\t\t\t\t\t<div class=\"elementor-container elementor-column-gap-default\">\n\t\t\t\t\t<div class=\"elementor-column elementor-col-100 elementor-top-column elementor-element elementor-element-9d28a55\" data-id=\"9d28a55\" data-element_type=\"column\">\n\t\t\t<div class=\"elementor-widget-wrap elementor-element-populated\">\n\t\t\t\t\t\t<div class=\"elementor-element elementor-element-ae5cc9a elementor-widget elementor-widget-heading\" data-id=\"ae5cc9a\" data-element_type=\"widget\" data-widget_type=\"heading.default\">\n\t\t\t\t<div class=\"elementor-widget-container\">\n\t\t\t\t\t<h2 class=\"elementor-heading-title elementor-size-default\">D\u1ecbch V\u1ee5 Cho Thu\u00ea Kho B\u00e3i<\/h2>\t\t\t\t<\/div>\n\t\t\t\t<\/div>\n\t\t\t\t<section class=\"elementor-section elementor-inner-section elementor-element elementor-element-c460f9e elementor-section-boxed elementor-section-height-default elementor-section-height-default\" data-id=\"c460f9e\" data-element_type=\"section\">\n\t\t\t\t\t\t<div class=\"elementor-container elementor-column-gap-default\">\n\t\t\t\t\t<div class=\"elementor-column elementor-col-100 elementor-inner-column elementor-element elementor-element-e4f20b1\" data-id=\"e4f20b1\" data-element_type=\"column\">\n\t\t\t<div class=\"elementor-widget-wrap\">\n\t\t\t\t\t\t\t<\/div>\n\t\t<\/div>\n\t\t\t\t\t<\/div>\n\t\t<\/section>\n\t\t\t\t\t<\/div>\n\t\t<\/div>\n\t\t\t\t\t<\/div>\n\t\t<\/section>\n\t\t\t\t<section class=\"elementor-section elementor-top-section elementor-element elementor-element-b93f4b9 elementor-section-boxed elementor-section-height-default elementor-section-height-default\" data-id=\"b93f4b9\" data-element_type=\"section\">\n\t\t\t\t\t\t<div class=\"elementor-container elementor-column-gap-default\">\n\t\t\t\t\t<div class=\"elementor-column elementor-col-100 elementor-top-column elementor-element elementor-element-f5a1e98\" data-id=\"f5a1e98\" data-element_type=\"column\">\n\t\t\t<div class=\"elementor-widget-wrap elementor-element-populated\">\n\t\t\t\t\t\t<div class=\"elementor-element elementor-element-20f488d elementor-widget elementor-widget-heading\" data-id=\"20f488d\" data-element_type=\"widget\" data-widget_type=\"heading.default\">\n\t\t\t\t<div class=\"elementor-widget-container\">\n\t\t\t\t\t<h2 class=\"elementor-heading-title elementor-size-default\">D\u1ecaCH V\u1ee4 CHO THU\u00ca KHO B\u00c3I<\/h2>\t\t\t\t<\/div>\n\t\t\t\t<\/div>\n\t\t\t\t<div class=\"elementor-element elementor-element-39a157d elementor-widget__width-initial elementor-widget elementor-widget-heading\" data-id=\"39a157d\" data-element_type=\"widget\" data-widget_type=\"heading.default\">\n\t\t\t\t<div class=\"elementor-widget-container\">\n\t\t\t\t\t<h2 class=\"elementor-heading-title elementor-size-default\">T\u1ea1i KD Express, ch\u00fang t\u00f4i cung c\u1ea5p d\u1ecbch v\u1ee5 cho thu\u00ea kho b\u00e3i, lo\u1ea1i b\u1ecf nh\u1eefng lo l\u1eafng v\u00e0 kh\u00f3 kh\u0103n li\u00ean quan \u0111\u1ebfn vi\u1ec7c thu\u00ea m\u1eb7t b\u1eb1ng, c\u01a1 s\u1edf kho b\u00e3i v\u00e0 nh\u00e2n s\u1ef1 logistics. \u0110\u1ed9i ng\u0169 nh\u00e2n vi\u00ean chuy\u00ean nghi\u1ec7p th\u1ef1c hi\u1ec7n m\u1ecdi ho\u1ea1t \u0111\u1ed9ng qu\u1ea3n l\u00fd h\u00e0ng h\u00f3a trong kho b\u00e3i \u0111\u1ea3m b\u1ea3o v\u1eadn chuy\u1ec3n nhanh ch\u00f3ng, hi\u1ec7u qu\u1ea3 \u0111\u00e1p \u1ee9ng m\u1ecdi nhu c\u1ea7u c\u1ee7a kh\u00e1ch h\u00e0ng. <br><br><div><h2 class=\"elementor-heading-title elementor-size-default elementor-inline-editing pen\" data-elementor-setting-key=\"title\" id=\"ep-48fec8a\" data-pen-placeholder=\"Type Here...\" style=\"font-style: normal\"><a class=\"dapat-green\">T\u1eacN T\u00c2M TRONG M\u1eccI \u0110\u01a0N H\u00c0NG<\/a><\/h2><\/div><\/h2>\t\t\t\t<\/div>\n\t\t\t\t<\/div>\n\t\t\t\t\t<\/div>\n\t\t<\/div>\n\t\t\t\t\t<\/div>\n\t\t<\/section>\n\t\t\t\t<section class=\"elementor-section elementor-top-section elementor-element elementor-element-5b7be3d elementor-section-boxed elementor-section-height-default elementor-section-height-default\" data-id=\"5b7be3d\" data-element_type=\"section\">\n\t\t\t\t\t\t<div class=\"elementor-container elementor-column-gap-default\">\n\t\t\t\t\t<div class=\"elementor-column elementor-col-100 elementor-top-column elementor-element elementor-element-6100883\" data-id=\"6100883\" data-element_type=\"column\">\n\t\t\t<div class=\"elementor-widget-wrap elementor-element-populated\">\n\t\t\t\t\t\t<div class=\"elementor-element elementor-element-1230cec elementor-widget elementor-widget-heading\" data-id=\"1230cec\" data-element_type=\"widget\" data-widget_type=\"heading.default\">\n\t\t\t\t<div class=\"elementor-widget-container\">\n\t\t\t\t\t<h2 class=\"elementor-heading-title elementor-size-default\"><b>Ph\u01b0\u01a1ng Ph\u00e1p L\u01b0u Kho<\/b><\/h2>\t\t\t\t<\/div>\n\t\t\t\t<\/div>\n\t\t\t\t<div class=\"elementor-element elementor-element-69f47d5 elementor-widget elementor-widget-text-editor\" data-id=\"69f47d5\" data-element_type=\"widget\" data-widget_type=\"text-editor.default\">\n\t\t\t\t<div class=\"elementor-widget-container\">\n\t\t\t\t\t\t\t\t\t<p>Doanh nghi\u1ec7p mu\u1ed1n ti\u1ebft ki\u1ec7m chi ph\u00ed qu\u1ea3n l\u00fd h\u00e0ng h\u00f3a.<br \/><span style=\"font-style: inherit; color: var( --e-global-color-secondary ); font-family: var( --e-global-typography-5928c8a-font-family ), Sans-serif; letter-spacing: var( --e-global-typography-5928c8a-letter-spacing ); word-spacing: var( --e-global-typography-5928c8a-word-spacing ); background-color: var(--ast-global-color-5);\">C\u00e1c doanh nghi\u1ec7p chuy\u1ec3n \u0111\u1ebfn \u0111\u1ecba \u0111i\u1ec3m m\u1edbi c\u1ea7n l\u01b0u tr\u1eef h\u00e0ng h\u00f3a t\u1ea1m th\u1eddi.<br \/><\/span><span style=\"font-style: inherit; color: var( --e-global-color-secondary ); font-family: var( --e-global-typography-5928c8a-font-family ), Sans-serif; letter-spacing: var( --e-global-typography-5928c8a-letter-spacing ); word-spacing: var( --e-global-typography-5928c8a-word-spacing ); background-color: var(--ast-global-color-5);\">C\u00e1 nh\u00e2n c\u1ea7n n\u01a1i l\u01b0u tr\u1eef t\u1ea1m th\u1eddi \u0111\u1ed3 c\u00e1 nh\u00e2n v\u00e0 v\u1eadt d\u1ee5ng c\u1ed3ng k\u1ec1nh nh\u01b0 n\u1ed9i th\u1ea5t.<\/span><\/p>\t\t\t\t\t\t\t\t<\/div>\n\t\t\t\t<\/div>\n\t\t\t\t\t<\/div>\n\t\t<\/div>\n\t\t\t\t\t<\/div>\n\t\t<\/section>\n\t\t\t\t<section class=\"elementor-section elementor-top-section elementor-element elementor-element-8860656 elementor-section-boxed elementor-section-height-default elementor-section-height-default\" data-id=\"8860656\" data-element_type=\"section\">\n\t\t\t\t\t\t<div class=\"elementor-container elementor-column-gap-default\">\n\t\t\t\t\t<div class=\"elementor-column elementor-col-100 elementor-top-column elementor-element elementor-element-5f2bffe\" data-id=\"5f2bffe\" data-element_type=\"column\">\n\t\t\t<div class=\"elementor-widget-wrap elementor-element-populated\">\n\t\t\t\t\t\t<div class=\"elementor-element elementor-element-23d48be elementor-widget elementor-widget-heading\" data-id=\"23d48be\" data-element_type=\"widget\" data-widget_type=\"heading.default\">\n\t\t\t\t<div class=\"elementor-widget-container\">\n\t\t\t\t\t<h2 class=\"elementor-heading-title elementor-size-default\"><b>\u0110i\u1ec3m N\u1ed5i B\u1eadt<\/b><\/h2>\t\t\t\t<\/div>\n\t\t\t\t<\/div>\n\t\t\t\t<div class=\"elementor-element elementor-element-deb7934 elementor-widget elementor-widget-text-editor\" data-id=\"deb7934\" data-element_type=\"widget\" data-widget_type=\"text-editor.default\">\n\t\t\t\t<div class=\"elementor-widget-container\">\n\t\t\t\t\t\t\t\t\t<p>Gom h\u00e0ng xu\u1ea5t\/nh\u1eadp kh\u1ea9u (CFS)<br><span style=\"font-style: inherit; color: var( --e-global-color-secondary ); font-family: var( --e-global-typography-5928c8a-font-family ), Sans-serif; letter-spacing: var( --e-global-typography-5928c8a-letter-spacing ); word-spacing: var( --e-global-typography-5928c8a-word-spacing ); background-color: var(--ast-global-color-5);\">Cung c\u1ea5p \u0111\u1ecba ch\u1ec9 v\u1eadn chuy\u1ec3n t\u1ea1i Canada cho kh\u00e1ch h\u00e0ng \u0111ang sinh s\u1ed1ng ngo\u00e0i Canada \u0111\u1ec3 mua s\u1eafm tr\u1ef1c tuy\u1ebfn t\u1ea1i Canada.<br><\/span><span style=\"font-style: inherit; color: var( --e-global-color-secondary ); font-family: var( --e-global-typography-5928c8a-font-family ), Sans-serif; letter-spacing: var( --e-global-typography-5928c8a-letter-spacing ); word-spacing: var( --e-global-typography-5928c8a-word-spacing ); background-color: var(--ast-global-color-5);\">Trung t\u00e2m ph\u00e2n ph\u1ed1i h\u00e0ng nh\u1eadp kh\u1ea9u\/h\u00e0ng n\u1ed9i \u0111\u1ecba.<br><\/span><span style=\"font-style: inherit; color: var( --e-global-color-secondary ); font-family: var( --e-global-typography-5928c8a-font-family ), Sans-serif; letter-spacing: var( --e-global-typography-5928c8a-letter-spacing ); word-spacing: var( --e-global-typography-5928c8a-word-spacing ); background-color: var(--ast-global-color-5);\">D\u1ecbch v\u1ee5 \u0111\u00f3ng g\u00f3i l\u1ea1i t\u1ed1i \u01b0u h\u00f3a tr\u1ecdng l\u01b0\u1ee3ng v\u00e0 k\u00edch th\u01b0\u1edbc h\u00e0ng h\u00f3a, gi\u1ea3m thi\u1ec3u chi ph\u00ed v\u1eadn chuy\u1ec3n.<\/span><\/p>\t\t\t\t\t\t\t\t<\/div>\n\t\t\t\t<\/div>\n\t\t\t\t\t<\/div>\n\t\t<\/div>\n\t\t\t\t\t<\/div>\n\t\t<\/section>\n\t\t\t\t<section class=\"elementor-section elementor-top-section elementor-element elementor-element-17d25c9 elementor-section-boxed elementor-section-height-default elementor-section-height-default\" data-id=\"17d25c9\" data-element_type=\"section\">\n\t\t\t\t\t\t<div class=\"elementor-container elementor-column-gap-default\">\n\t\t\t\t\t<div class=\"elementor-column elementor-col-100 elementor-top-column elementor-element elementor-element-7a7746e\" data-id=\"7a7746e\" data-element_type=\"column\">\n\t\t\t<div class=\"elementor-widget-wrap elementor-element-populated\">\n\t\t\t\t\t\t<div class=\"elementor-element elementor-element-b0dbb1b elementor-widget elementor-widget-heading\" data-id=\"b0dbb1b\" data-element_type=\"widget\" data-widget_type=\"heading.default\">\n\t\t\t\t<div class=\"elementor-widget-container\">\n\t\t\t\t\t<h2 class=\"elementor-heading-title elementor-size-default\">T\u1ea1i Sao Ch\u1ecdn KDExpress?<\/h2>\t\t\t\t<\/div>\n\t\t\t\t<\/div>\n\t\t\t\t<section class=\"elementor-section elementor-inner-section elementor-element elementor-element-8e31128 elementor-section-boxed elementor-section-height-default elementor-section-height-default\" data-id=\"8e31128\" data-element_type=\"section\">\n\t\t\t\t\t\t<div class=\"elementor-container elementor-column-gap-default\">\n\t\t\t\t\t<div class=\"elementor-column elementor-col-33 elementor-inner-column elementor-element elementor-element-52f5dad\" data-id=\"52f5dad\" data-element_type=\"column\">\n\t\t\t<div class=\"elementor-widget-wrap elementor-element-populated\">\n\t\t\t\t\t\t<div class=\"elementor-element elementor-element-91f1329 elementor-widget elementor-widget-heading\" data-id=\"91f1329\" data-element_type=\"widget\" data-widget_type=\"heading.default\">\n\t\t\t\t<div class=\"elementor-widget-container\">\n\t\t\t\t\t<h2 class=\"elementor-heading-title elementor-size-default\">Ti\u1ebft Ki\u1ec7m Chi Ph\u00ed<\/h2>\t\t\t\t<\/div>\n\t\t\t\t<\/div>\n\t\t\t\t<div class=\"elementor-element elementor-element-956ae4a elementor-widget elementor-widget-text-editor\" data-id=\"956ae4a\" data-element_type=\"widget\" data-widget_type=\"text-editor.default\">\n\t\t\t\t<div class=\"elementor-widget-container\">\n\t\t\t\t\t\t\t\t\t<p><span style=\"font-weight: 400;\">V\u1edbi kinh nghi\u1ec7m l\u00e2u n\u0103m trong l\u0129nh v\u1ef1c cung c\u1ea5p d\u1ecbch v\u1ee5 kho b\u00e3i, KDExpress mang \u0111\u1ebfn m\u1ee9c gi\u00e1 c\u1ea1nh tranh v\u00e0 ti\u1ebft ki\u1ec7m nh\u1ea5t cho kh\u00e1ch h\u00e0ng.<\/span><\/p>\t\t\t\t\t\t\t\t<\/div>\n\t\t\t\t<\/div>\n\t\t\t\t<div class=\"elementor-element elementor-element-5b21a6b elementor-widget elementor-widget-heading\" data-id=\"5b21a6b\" data-element_type=\"widget\" data-widget_type=\"heading.default\">\n\t\t\t\t<div class=\"elementor-widget-container\">\n\t\t\t\t\t<h2 class=\"elementor-heading-title elementor-size-default\">C\u01a1 S\u1edf V\u1eadt Ch\u1ea5t<\/h2>\t\t\t\t<\/div>\n\t\t\t\t<\/div>\n\t\t\t\t<div class=\"elementor-element elementor-element-ff7cc66 elementor-widget elementor-widget-text-editor\" data-id=\"ff7cc66\" data-element_type=\"widget\" data-widget_type=\"text-editor.default\">\n\t\t\t\t<div class=\"elementor-widget-container\">\n\t\t\t\t\t\t\t\t\t<p><span style=\"font-weight: 400;\">H\u1ec7 th\u1ed1ng kho b\u00e3i \u0111\u01b0\u1ee3c \u0111\u1ea7u t\u01b0 r\u1ed9ng l\u1edbn, trang thi\u1ebft b\u1ecb ti\u1ec7n nghi, d\u1ecbch v\u1ee5 kho b\u00e3i t\u1ed1t nh\u1ea5t v\u00e0 thu\u1eadn l\u1ee3i nh\u1ea5t.<\/span><\/p>\t\t\t\t\t\t\t\t<\/div>\n\t\t\t\t<\/div>\n\t\t\t\t<div class=\"elementor-element elementor-element-fe0c88b elementor-widget elementor-widget-spacer\" data-id=\"fe0c88b\" data-element_type=\"widget\" data-widget_type=\"spacer.default\">\n\t\t\t\t<div class=\"elementor-widget-container\">\n\t\t\t\t\t\t\t<div class=\"elementor-spacer\">\n\t\t\t<div class=\"elementor-spacer-inner\"><\/div>\n\t\t<\/div>\n\t\t\t\t\t\t<\/div>\n\t\t\t\t<\/div>\n\t\t\t\t<div class=\"elementor-element elementor-element-12a8922 elementor-widget elementor-widget-heading\" data-id=\"12a8922\" data-element_type=\"widget\" data-widget_type=\"heading.default\">\n\t\t\t\t<div class=\"elementor-widget-container\">\n\t\t\t\t\t<h2 class=\"elementor-heading-title elementor-size-default\">An To\u00e0n<\/h2>\t\t\t\t<\/div>\n\t\t\t\t<\/div>\n\t\t\t\t<div class=\"elementor-element elementor-element-1adae9e elementor-widget elementor-widget-text-editor\" data-id=\"1adae9e\" data-element_type=\"widget\" data-widget_type=\"text-editor.default\">\n\t\t\t\t<div class=\"elementor-widget-container\">\n\t\t\t\t\t\t\t\t\t<p><span style=\"font-weight: 400;\">100% of goods are insured for safety, with fire prevention systems meeting all technical standards and professional security personnel.<\/span><\/p>\t\t\t\t\t\t\t\t<\/div>\n\t\t\t\t<\/div>\n\t\t\t\t\t<\/div>\n\t\t<\/div>\n\t\t\t\t<div class=\"elementor-column elementor-col-33 elementor-inner-column elementor-element elementor-element-5bb446a\" data-id=\"5bb446a\" data-element_type=\"column\">\n\t\t\t<div class=\"elementor-widget-wrap elementor-element-populated\">\n\t\t\t\t\t\t<div class=\"elementor-element elementor-element-b81501f elementor-widget elementor-widget-image\" data-id=\"b81501f\" data-element_type=\"widget\" data-widget_type=\"image.default\">\n\t\t\t\t<div class=\"elementor-widget-container\">\n\t\t\t\t\t\t\t\t\t\t\t\t\t\t\t<img fetchpriority=\"high\" decoding=\"async\" width=\"708\" height=\"708\" src=\"https:\/\/kdexpress.ca\/wp-content\/uploads\/2023\/09\/KDLogo.png\" class=\"attachment-large size-large wp-image-158036\" alt=\"\" srcset=\"https:\/\/kdexpress.ca\/wp-content\/uploads\/2023\/09\/KDLogo.png 708w, https:\/\/kdexpress.ca\/wp-content\/uploads\/2023\/09\/KDLogo-300x300.png 300w, https:\/\/kdexpress.ca\/wp-content\/uploads\/2023\/09\/KDLogo-150x150.png 150w, https:\/\/kdexpress.ca\/wp-content\/uploads\/2023\/09\/KDLogo-12x12.png 12w, https:\/\/kdexpress.ca\/wp-content\/uploads\/2023\/09\/KDLogo-600x600.png 600w, https:\/\/kdexpress.ca\/wp-content\/uploads\/2023\/09\/KDLogo-100x100.png 100w\" sizes=\"(max-width: 708px) 100vw, 708px\" \/>\t\t\t\t\t\t\t\t\t\t\t\t\t\t\t<\/div>\n\t\t\t\t<\/div>\n\t\t\t\t\t<\/div>\n\t\t<\/div>\n\t\t\t\t<div class=\"elementor-column elementor-col-33 elementor-inner-column elementor-element elementor-element-70610b2\" data-id=\"70610b2\" data-element_type=\"column\">\n\t\t\t<div class=\"elementor-widget-wrap elementor-element-populated\">\n\t\t\t\t\t\t<div class=\"elementor-element elementor-element-a28f00d elementor-widget elementor-widget-heading\" data-id=\"a28f00d\" data-element_type=\"widget\" data-widget_type=\"heading.default\">\n\t\t\t\t<div class=\"elementor-widget-container\">\n\t\t\t\t\t<h2 class=\"elementor-heading-title elementor-size-default\">B\u1ea3o m\u1eadt<\/h2>\t\t\t\t<\/div>\n\t\t\t\t<\/div>\n\t\t\t\t<div class=\"elementor-element elementor-element-a5aa982 elementor-widget elementor-widget-text-editor\" data-id=\"a5aa982\" data-element_type=\"widget\" data-widget_type=\"text-editor.default\">\n\t\t\t\t<div class=\"elementor-widget-container\">\n\t\t\t\t\t\t\t\t\t<p><span style=\"font-weight: 400;\">Kho b\u00e3i \u0111\u01b0\u1ee3c \u0111\u1ea7u t\u01b0 h\u1ec7 th\u1ed1ng an ninh nghi\u00eam ng\u1eb7t, v\u00e0 l\u1eafp \u0111\u1eb7t h\u1ec7 th\u1ed1ng camera gi\u00e1m s\u00e1t 24\/24 nh\u1eb1m gi\u1eef an to\u00e0n tuy\u1ec7t \u0111\u1ed1i cho h\u00e0ng h\u00f3a c\u1ee7a kh\u00e1ch h\u00e0ng.<\/span><\/p>\t\t\t\t\t\t\t\t<\/div>\n\t\t\t\t<\/div>\n\t\t\t\t<div class=\"elementor-element elementor-element-0ce2357 elementor-widget elementor-widget-heading\" data-id=\"0ce2357\" data-element_type=\"widget\" data-widget_type=\"heading.default\">\n\t\t\t\t<div class=\"elementor-widget-container\">\n\t\t\t\t\t<h2 class=\"elementor-heading-title elementor-size-default\">Ch\u1ea5t l\u01b0\u1ee3ng cao<\/h2>\t\t\t\t<\/div>\n\t\t\t\t<\/div>\n\t\t\t\t<div class=\"elementor-element elementor-element-36dba53 elementor-widget elementor-widget-text-editor\" data-id=\"36dba53\" data-element_type=\"widget\" data-widget_type=\"text-editor.default\">\n\t\t\t\t<div class=\"elementor-widget-container\">\n\t\t\t\t\t\t\t\t\t<p><span style=\"font-weight: 400;\">\u0110\u1ea3m b\u1ea3o h\u00e0ng h\u00f3a \u0111\u1ee7 s\u1ed1 l\u01b0\u1ee3ng, v\u00e0 theo nguy\u00ean t\u1eafc \u201cnguy\u00ean c\u00f4ng, nguy\u00ean \u0111ai, nguy\u00ean ki\u1ec7n\u201d.<\/span><\/p>\t\t\t\t\t\t\t\t<\/div>\n\t\t\t\t<\/div>\n\t\t\t\t<div class=\"elementor-element elementor-element-58be72c elementor-widget elementor-widget-heading\" data-id=\"58be72c\" data-element_type=\"widget\" data-widget_type=\"heading.default\">\n\t\t\t\t<div class=\"elementor-widget-container\">\n\t\t\t\t\t<h2 class=\"elementor-heading-title elementor-size-default\">Th\u1ee7 t\u1ee5c \u0111\u01a1n gi\u1ea3n<\/h2>\t\t\t\t<\/div>\n\t\t\t\t<\/div>\n\t\t\t\t<div class=\"elementor-element elementor-element-5bc07a6 elementor-widget elementor-widget-text-editor\" data-id=\"5bc07a6\" data-element_type=\"widget\" data-widget_type=\"text-editor.default\">\n\t\t\t\t<div class=\"elementor-widget-container\">\n\t\t\t\t\t\t\t\t\t<p><span style=\"font-weight: 400;\">H\u1ed7 tr\u1ee3 gi\u1ea3i quy\u1ebft v\u1ea5n \u0111\u1ec1 v\u1ec1 c\u00e1c th\u1ee7 t\u1ee5c c\u1ee7a l\u00f4 h\u00e0ng m\u1ed9t c\u00e1ch nhanh ch\u00f3ng. Gi\u00fap c\u00e1c doanh nghi\u1ec7p ti\u1ebft ki\u1ec7m \u0111\u01b0\u1ee3c chi ph\u00ed ph\u00e1t sinh trong qu\u00e1 tr\u00ecnh xu\u1ea5t - nh\u1eadp v\u1edbi s\u1ed1 l\u01b0\u1ee3ng nh\u1ecf, v\u1eeba v\u00e0 l\u1edbn. Kh\u1ea3 n\u0103ng x\u1eed l\u00fd v\u00e0 kinh nghi\u1ec7m logistics chuy\u00ean nghi\u1ec7p c\u0169ng nh\u01b0 n\u0103ng l\u1ef1c \u0111\u1ed3ng b\u1ed9.<\/span><\/p>\t\t\t\t\t\t\t\t<\/div>\n\t\t\t\t<\/div>\n\t\t\t\t\t<\/div>\n\t\t<\/div>\n\t\t\t\t\t<\/div>\n\t\t<\/section>\n\t\t\t\t\t<\/div>\n\t\t<\/div>\n\t\t\t\t\t<\/div>\n\t\t<\/section>\n\t\t\t\t<section class=\"elementor-section elementor-top-section elementor-element elementor-element-8649155 elementor-section-boxed elementor-section-height-default elementor-section-height-default\" data-id=\"8649155\" data-element_type=\"section\">\n\t\t\t\t\t\t<div class=\"elementor-container elementor-column-gap-default\">\n\t\t\t\t\t<div class=\"elementor-column elementor-col-100 elementor-top-column elementor-element elementor-element-0e7fa9b\" data-id=\"0e7fa9b\" data-element_type=\"column\">\n\t\t\t<div class=\"elementor-widget-wrap elementor-element-populated\">\n\t\t\t\t\t\t<div class=\"elementor-element elementor-element-a5f4b65 elementor-widget elementor-widget-heading\" data-id=\"a5f4b65\" data-element_type=\"widget\" data-widget_type=\"heading.default\">\n\t\t\t\t<div class=\"elementor-widget-container\">\n\t\t\t\t\t<h2 class=\"elementor-heading-title elementor-size-default\">Ban c\u1ea7n th\u00eam th\u00f4ng tin? Li\u00ean h\u1ec7 ch\u00fang t\u00f4i ngay!<\/h2>\t\t\t\t<\/div>\n\t\t\t\t<\/div>\n\t\t\t\t\t<\/div>\n\t\t<\/div>\n\t\t\t\t\t<\/div>\n\t\t<\/section>\n\t\t\t\t<\/div>","protected":false},"excerpt":{"rendered":"<p>Warehouse Rental Service Get a quote Ship Now WAREHOUSE RENTAL SERIVCES At KD Express, we offer hassle-free warehouse rental services, eliminating your concerns and headaches regarding leasing premises, warehouse facilities, and hiring logistics personnel. Our expert team takes charge of managing consigned goods within our warehouses, ensuring swift and efficient delivery tailored to our customer\u2019s [&hellip;]<\/p>","protected":false},"author":145,"featured_media":0,"parent":0,"menu_order":0,"comment_status":"closed","ping_status":"closed","template":"","meta":{"site-sidebar-layout":"default","site-content-layout":"default","ast-site-content-layout":"","site-content-style":"default","site-sidebar-style":"default","ast-global-header-display":"","ast-banner-title-visibility":"","ast-main-header-display":"","ast-hfb-above-header-display":"","ast-hfb-below-header-display":"","ast-hfb-mobile-header-display":"","site-post-title":"","ast-breadcrumbs-content":"","ast-featured-img":"","footer-sml-layout":"","theme-transparent-header-meta":"default","adv-header-id-meta":"","stick-header-meta":"default","header-above-stick-meta":"","header-main-stick-meta":"","header-below-stick-meta":"","astra-migrate-meta-layouts":"default","ast-page-background-enabled":"default","ast-page-background-meta":{"desktop":{"background-color":"var(--ast-global-color-4)","background-image":"","background-repeat":"repeat","background-position":"center center","background-size":"auto","background-attachment":"scroll","background-type":"","background-media":"","overlay-type":"","overlay-color":"","overlay-opacity":"","overlay-gradient":""},"tablet":{"background-color":"","background-image":"","background-repeat":"repeat","background-position":"center center","background-size":"auto","background-attachment":"scroll","background-type":"","background-media":"","overlay-type":"","overlay-color":"","overlay-opacity":"","overlay-gradient":""},"mobile":{"background-color":"","background-image":"","background-repeat":"repeat","background-position":"center center","background-size":"auto","background-attachment":"scroll","background-type":"","background-media":"","overlay-type":"","overlay-color":"","overlay-opacity":"","overlay-gradient":""}},"ast-content-background-meta":{"desktop":{"background-color":"var(--ast-global-color-5)","background-image":"","background-repeat":"repeat","background-position":"center center","background-size":"auto","background-attachment":"scroll","background-type":"","background-media":"","overlay-type":"","overlay-color":"","overlay-opacity":"","overlay-gradient":""},"tablet":{"background-color":"var(--ast-global-color-5)","background-image":"","background-repeat":"repeat","background-position":"center center","background-size":"auto","background-attachment":"scroll","background-type":"","background-media":"","overlay-type":"","overlay-color":"","overlay-opacity":"","overlay-gradient":""},"mobile":{"background-color":"var(--ast-global-color-5)","background-image":"","background-repeat":"repeat","background-position":"center center","background-size":"auto","background-attachment":"scroll","background-type":"","background-media":"","overlay-type":"","overlay-color":"","overlay-opacity":"","overlay-gradient":""}},"footnotes":""},"class_list":["post-2238","page","type-page","status-publish","hentry"],"_links":{"self":[{"href":"https:\/\/kdexpress.ca\/vi\/wp-json\/wp\/v2\/pages\/2238","targetHints":{"allow":["GET"]}}],"collection":[{"href":"https:\/\/kdexpress.ca\/vi\/wp-json\/wp\/v2\/pages"}],"about":[{"href":"https:\/\/kdexpress.ca\/vi\/wp-json\/wp\/v2\/types\/page"}],"author":[{"embeddable":true,"href":"https:\/\/kdexpress.ca\/vi\/wp-json\/wp\/v2\/users\/145"}],"replies":[{"embeddable":true,"href":"https:\/\/kdexpress.ca\/vi\/wp-json\/wp\/v2\/comments?post=2238"}],"version-history":[{"count":0,"href":"https:\/\/kdexpress.ca\/vi\/wp-json\/wp\/v2\/pages\/2238\/revisions"}],"wp:attachment":[{"href":"https:\/\/kdexpress.ca\/vi\/wp-json\/wp\/v2\/media?parent=2238"}],"curies":[{"name":"wp","href":"https:\/\/api.w.org\/{rel}","templated":true}]}}