{"id":157967,"date":"2023-09-21T13:46:01","date_gmt":"2023-09-21T20:46:01","guid":{"rendered":"https:\/\/kdexpress.ca\/?page_id=157967"},"modified":"2023-10-05T17:31:23","modified_gmt":"2023-10-06T00:31:23","slug":"storage-rental","status":"publish","type":"page","link":"https:\/\/kdexpress.ca\/vi\/storage-rental\/","title":{"rendered":"D\u1ecbch V\u1ee5 L\u01b0u Kho"},"content":{"rendered":"<div data-elementor-type=\"wp-page\" data-elementor-id=\"157967\" class=\"elementor elementor-157967\">\n\t\t\t\t\t\t<section class=\"elementor-section elementor-top-section elementor-element elementor-element-d9f8dce elementor-section-full_width elementor-section-height-min-height elementor-section-stretched elementor-section-height-default elementor-section-items-middle\" data-id=\"d9f8dce\" data-element_type=\"section\" data-settings=\"{&quot;stretch_section&quot;:&quot;section-stretched&quot;,&quot;background_background&quot;:&quot;classic&quot;}\">\n\t\t\t\t\t\t\t<div class=\"elementor-background-overlay\"><\/div>\n\t\t\t\t\t\t\t<div class=\"elementor-container elementor-column-gap-default\">\n\t\t\t\t\t<div class=\"elementor-column elementor-col-100 elementor-top-column elementor-element elementor-element-7cab7e9\" data-id=\"7cab7e9\" data-element_type=\"column\">\n\t\t\t<div class=\"elementor-widget-wrap elementor-element-populated\">\n\t\t\t\t\t\t<div class=\"elementor-element elementor-element-35527f2 elementor-widget elementor-widget-heading\" data-id=\"35527f2\" data-element_type=\"widget\" data-widget_type=\"heading.default\">\n\t\t\t\t<div class=\"elementor-widget-container\">\n\t\t\t\t\t<h2 class=\"elementor-heading-title elementor-size-default\">D\u1ecbch V\u1ee5 L\u01b0u Kho<\/h2>\t\t\t\t<\/div>\n\t\t\t\t<\/div>\n\t\t\t\t<section class=\"elementor-section elementor-inner-section elementor-element elementor-element-b7b68bf elementor-section-boxed elementor-section-height-default elementor-section-height-default\" data-id=\"b7b68bf\" data-element_type=\"section\">\n\t\t\t\t\t\t<div class=\"elementor-container elementor-column-gap-default\">\n\t\t\t\t\t<div class=\"elementor-column elementor-col-100 elementor-inner-column elementor-element elementor-element-32e8e56\" data-id=\"32e8e56\" data-element_type=\"column\">\n\t\t\t<div class=\"elementor-widget-wrap\">\n\t\t\t\t\t\t\t<\/div>\n\t\t<\/div>\n\t\t\t\t\t<\/div>\n\t\t<\/section>\n\t\t\t\t\t<\/div>\n\t\t<\/div>\n\t\t\t\t\t<\/div>\n\t\t<\/section>\n\t\t\t\t<section class=\"elementor-section elementor-top-section elementor-element elementor-element-e9d8e49 elementor-section-boxed elementor-section-height-default elementor-section-height-default\" data-id=\"e9d8e49\" data-element_type=\"section\">\n\t\t\t\t\t\t<div class=\"elementor-container elementor-column-gap-default\">\n\t\t\t\t\t<div class=\"elementor-column elementor-col-100 elementor-top-column elementor-element elementor-element-aabfbdc\" data-id=\"aabfbdc\" data-element_type=\"column\">\n\t\t\t<div class=\"elementor-widget-wrap elementor-element-populated\">\n\t\t\t\t\t\t<div class=\"elementor-element elementor-element-6aacf45 elementor-widget elementor-widget-heading\" data-id=\"6aacf45\" data-element_type=\"widget\" data-widget_type=\"heading.default\">\n\t\t\t\t<div class=\"elementor-widget-container\">\n\t\t\t\t\t<h2 class=\"elementor-heading-title elementor-size-default\">D\u1ecaCH V\u1ee4 L\u01afU KHO<\/h2>\t\t\t\t<\/div>\n\t\t\t\t<\/div>\n\t\t\t\t<div class=\"elementor-element elementor-element-947930a elementor-widget elementor-widget-heading\" data-id=\"947930a\" data-element_type=\"widget\" data-widget_type=\"heading.default\">\n\t\t\t\t<div class=\"elementor-widget-container\">\n\t\t\t\t\t<h2 class=\"elementor-heading-title elementor-size-default\">T\u1ea1i KDExpress, ch\u00fang t\u00f4i chuy\u00ean v\u1ec1 cung c\u1ea5p d\u1ecbch v\u1ee5 l\u01b0u kho h\u00e0ng h\u00f3a hi\u1ec7u qu\u1ea3, an to\u00e0n v\u00e0 ti\u1ec7n l\u1ee3i. H\u1ec7 th\u1ed1ng kho b\u00e3i ti\u00ean ti\u1ebfn c\u1ee7a ch\u00fang t\u00f4i \u0111\u1ea3m b\u1ea3o cung c\u1ea5p c\u00e1c gi\u1ea3i ph\u00e1p l\u01b0u tr\u1eef linh ho\u1ea1t v\u00e0 \u0111\u00e1ng tin c\u1eady \u0111\u1ec3 \u0111\u00e1p \u1ee9ng nhu c\u1ea7u c\u1ee7a kh\u00e1ch h\u00e0ng qu\u00fd gi\u00e1 c\u1ee7a ch\u00fang t\u00f4i.<\/h2>\t\t\t\t<\/div>\n\t\t\t\t<\/div>\n\t\t\t\t\t<\/div>\n\t\t<\/div>\n\t\t\t\t\t<\/div>\n\t\t<\/section>\n\t\t\t\t<section class=\"elementor-section elementor-top-section elementor-element elementor-element-5dcd535 elementor-section-boxed elementor-section-height-default elementor-section-height-default\" data-id=\"5dcd535\" data-element_type=\"section\">\n\t\t\t\t\t\t<div class=\"elementor-container elementor-column-gap-default\">\n\t\t\t\t\t<div class=\"elementor-column elementor-col-100 elementor-top-column elementor-element elementor-element-422b34f\" data-id=\"422b34f\" data-element_type=\"column\">\n\t\t\t<div class=\"elementor-widget-wrap elementor-element-populated\">\n\t\t\t\t\t\t<div class=\"elementor-element elementor-element-d67bfd9 elementor-widget elementor-widget-heading\" data-id=\"d67bfd9\" data-element_type=\"widget\" data-widget_type=\"heading.default\">\n\t\t\t\t<div class=\"elementor-widget-container\">\n\t\t\t\t\t<h2 class=\"elementor-heading-title elementor-size-default\"><b>Ph\u01b0\u01a1ng Ph\u00e1p L\u01b0u Tr\u1eef<\/b><\/h2>\t\t\t\t<\/div>\n\t\t\t\t<\/div>\n\t\t\t\t<div class=\"elementor-element elementor-element-0e99693 elementor-widget elementor-widget-text-editor\" data-id=\"0e99693\" data-element_type=\"widget\" data-widget_type=\"text-editor.default\">\n\t\t\t\t<div class=\"elementor-widget-container\">\n\t\t\t\t\t\t\t\t\t<p>Doanh nghi\u1ec7p mu\u1ed1n ti\u1ebft ki\u1ec7m chi ph\u00ed qu\u1ea3n l\u00fd h\u00e0ng h\u00f3a.<br \/><span style=\"background-color: var(--ast-global-color-5); color: var( --e-global-color-secondary ); font-family: var( --e-global-typography-5928c8a-font-family ), Sans-serif; font-style: inherit; letter-spacing: var( --e-global-typography-5928c8a-letter-spacing ); word-spacing: var( --e-global-typography-5928c8a-word-spacing ); font-weight: inherit;\">C\u00e1c doanh nghi\u1ec7p chuy\u1ec3n \u0111\u1ebfn \u0111\u1ecba \u0111i\u1ec3m m\u1edbi c\u1ea7n l\u01b0u tr\u1eef h\u00e0ng h\u00f3a t\u1ea1m th\u1eddi.<br \/><\/span><span style=\"font-style: inherit; color: var( --e-global-color-secondary ); font-family: var( --e-global-typography-5928c8a-font-family ), Sans-serif; letter-spacing: var( --e-global-typography-5928c8a-letter-spacing ); word-spacing: var( --e-global-typography-5928c8a-word-spacing ); background-color: var(--ast-global-color-5);\">C\u00e1 nh\u00e2n c\u1ea7n n\u01a1i l\u01b0u tr\u1eef t\u1ea1m th\u1eddi \u0111\u1ed3 c\u00e1 nh\u00e2n v\u00e0 v\u1eadt d\u1ee5ng c\u1ed3ng k\u1ec1nh nh\u01b0 n\u1ed9i th\u1ea5t.<\/span><\/p>\t\t\t\t\t\t\t\t<\/div>\n\t\t\t\t<\/div>\n\t\t\t\t\t<\/div>\n\t\t<\/div>\n\t\t\t\t\t<\/div>\n\t\t<\/section>\n\t\t\t\t<section class=\"elementor-section elementor-top-section elementor-element elementor-element-4866e24 elementor-section-boxed elementor-section-height-default elementor-section-height-default\" data-id=\"4866e24\" data-element_type=\"section\">\n\t\t\t\t\t\t<div class=\"elementor-container elementor-column-gap-default\">\n\t\t\t\t\t<div class=\"elementor-column elementor-col-100 elementor-top-column elementor-element elementor-element-e0ba379\" data-id=\"e0ba379\" data-element_type=\"column\">\n\t\t\t<div class=\"elementor-widget-wrap elementor-element-populated\">\n\t\t\t\t\t\t<div class=\"elementor-element elementor-element-b93d982 elementor-widget elementor-widget-heading\" data-id=\"b93d982\" data-element_type=\"widget\" data-widget_type=\"heading.default\">\n\t\t\t\t<div class=\"elementor-widget-container\">\n\t\t\t\t\t<h2 class=\"elementor-heading-title elementor-size-default\"><b>\u0110i\u1ec3m N\u1ed5i B\u1eadt<\/b><\/h2>\t\t\t\t<\/div>\n\t\t\t\t<\/div>\n\t\t\t\t<div class=\"elementor-element elementor-element-186ba08 elementor-widget elementor-widget-text-editor\" data-id=\"186ba08\" data-element_type=\"widget\" data-widget_type=\"text-editor.default\">\n\t\t\t\t<div class=\"elementor-widget-container\">\n\t\t\t\t\t\t\t\t\t<p>Gi\u1ea3i ph\u00e1p cho thu\u00ea ng\u1eafn h\u1ea1n (d\u01b0\u1edbi 30 ng\u00e0y) thu\u1eadn ti\u1ec7n l\u01b0u tr\u1eef.<br \/><span style=\"font-style: inherit; color: var( --e-global-color-secondary ); font-family: var( --e-global-typography-5928c8a-font-family ), Sans-serif; letter-spacing: var( --e-global-typography-5928c8a-letter-spacing ); word-spacing: var( --e-global-typography-5928c8a-word-spacing ); background-color: var(--ast-global-color-5);\">Gi\u1ea3i ph\u00e1p cho thu\u00ea d\u00e0i h\u1ea1n \u0111\u00e1p \u1ee9ng nhu c\u1ea7u l\u01b0u tr\u1eef l\u00e2u d\u00e0i.<br \/><\/span><span style=\"font-style: inherit; color: var( --e-global-color-secondary ); font-family: var( --e-global-typography-5928c8a-font-family ), Sans-serif; letter-spacing: var( --e-global-typography-5928c8a-letter-spacing ); word-spacing: var( --e-global-typography-5928c8a-word-spacing ); background-color: var(--ast-global-color-5);\">H\u1ec7 th\u1ed1ng kho b\u00e3i l\u1edbn t\u1ea1i Burnaby v\u00e0 Mississauga c\u00f9ng c\u00e1c khu v\u1ef1c \u0111\u1ed7 xe thu\u1eadn ti\u1ec7n.<br \/><\/span><span style=\"font-style: inherit; color: var( --e-global-color-secondary ); font-family: var( --e-global-typography-5928c8a-font-family ), Sans-serif; letter-spacing: var( --e-global-typography-5928c8a-letter-spacing ); word-spacing: var( --e-global-typography-5928c8a-word-spacing ); background-color: var(--ast-global-color-5);\">H\u1ed7 tr\u1ee3 qu\u1ea3n l\u00fd v\u00e0 l\u01b0u tr\u1eef h\u00e0ng h\u00f3a.<br \/><\/span><span style=\"font-style: inherit; color: var( --e-global-color-secondary ); font-family: var( --e-global-typography-5928c8a-font-family ), Sans-serif; letter-spacing: var( --e-global-typography-5928c8a-letter-spacing ); word-spacing: var( --e-global-typography-5928c8a-word-spacing ); background-color: var(--ast-global-color-5);\">H\u1ec7 th\u1ed1ng camera an ninh 24\/7.\u00a0<br \/><\/span><span style=\"font-style: inherit; color: var( --e-global-color-secondary ); font-family: var( --e-global-typography-5928c8a-font-family ), Sans-serif; letter-spacing: var( --e-global-typography-5928c8a-letter-spacing ); word-spacing: var( --e-global-typography-5928c8a-word-spacing ); background-color: var(--ast-global-color-5);\">D\u1ecbch v\u1ee5 l\u1ea5y h\u00e0ng t\u1eadn n\u01a1i.\u00a0<br \/><\/span><span style=\"font-style: inherit; color: var( --e-global-color-secondary ); font-family: var( --e-global-typography-5928c8a-font-family ), Sans-serif; letter-spacing: var( --e-global-typography-5928c8a-letter-spacing ); word-spacing: var( --e-global-typography-5928c8a-word-spacing ); background-color: var(--ast-global-color-5);\">B\u00e3i \u0111\u1ed7 v\u00e0 xe \u0111\u1ea9y c\u00f3 s\u1eb5n \u0111\u1ec3 h\u1ed7 tr\u1ee3 v\u1eadn chuy\u1ec3n.<\/span><\/p>\t\t\t\t\t\t\t\t<\/div>\n\t\t\t\t<\/div>\n\t\t\t\t\t<\/div>\n\t\t<\/div>\n\t\t\t\t\t<\/div>\n\t\t<\/section>\n\t\t\t\t<section class=\"elementor-section elementor-top-section elementor-element elementor-element-ed00693 elementor-section-boxed elementor-section-height-default elementor-section-height-default\" data-id=\"ed00693\" data-element_type=\"section\">\n\t\t\t\t\t\t<div class=\"elementor-container elementor-column-gap-default\">\n\t\t\t\t\t<div class=\"elementor-column elementor-col-100 elementor-top-column elementor-element elementor-element-bf6d557\" data-id=\"bf6d557\" data-element_type=\"column\">\n\t\t\t<div class=\"elementor-widget-wrap elementor-element-populated\">\n\t\t\t\t\t\t<div class=\"elementor-element elementor-element-859b8fa elementor-widget elementor-widget-heading\" data-id=\"859b8fa\" data-element_type=\"widget\" data-widget_type=\"heading.default\">\n\t\t\t\t<div class=\"elementor-widget-container\">\n\t\t\t\t\t<h2 class=\"elementor-heading-title elementor-size-default\">T\u1ea1i Sao Ch\u1ecdn KDExpress?<\/h2>\t\t\t\t<\/div>\n\t\t\t\t<\/div>\n\t\t\t\t<section class=\"elementor-section elementor-inner-section elementor-element elementor-element-dda7f5c elementor-section-boxed elementor-section-height-default elementor-section-height-default\" data-id=\"dda7f5c\" data-element_type=\"section\">\n\t\t\t\t\t\t<div class=\"elementor-container elementor-column-gap-default\">\n\t\t\t\t\t<div class=\"elementor-column elementor-col-33 elementor-inner-column elementor-element elementor-element-7bda124\" data-id=\"7bda124\" data-element_type=\"column\">\n\t\t\t<div class=\"elementor-widget-wrap elementor-element-populated\">\n\t\t\t\t\t\t<div class=\"elementor-element elementor-element-dfe52af elementor-widget elementor-widget-heading\" data-id=\"dfe52af\" data-element_type=\"widget\" data-widget_type=\"heading.default\">\n\t\t\t\t<div class=\"elementor-widget-container\">\n\t\t\t\t\t<h2 class=\"elementor-heading-title elementor-size-default\">Ti\u1ebft Ki\u1ec7m Chi Ph\u00ed<\/h2>\t\t\t\t<\/div>\n\t\t\t\t<\/div>\n\t\t\t\t<div class=\"elementor-element elementor-element-f9bbb2b elementor-widget elementor-widget-text-editor\" data-id=\"f9bbb2b\" data-element_type=\"widget\" data-widget_type=\"text-editor.default\">\n\t\t\t\t<div class=\"elementor-widget-container\">\n\t\t\t\t\t\t\t\t\t<p><span style=\"font-weight: 400;\">V\u1edbi kinh nghi\u1ec7m l\u00e2u n\u0103m trong l\u0129nh v\u1ef1c cung c\u1ea5p d\u1ecbch v\u1ee5 kho b\u00e3i, KDExpress mang \u0111\u1ebfn m\u1ee9c gi\u00e1 c\u1ea1nh tranh v\u00e0 ti\u1ebft ki\u1ec7m nh\u1ea5t cho kh\u00e1ch h\u00e0ng.<\/span><\/p>\t\t\t\t\t\t\t\t<\/div>\n\t\t\t\t<\/div>\n\t\t\t\t<div class=\"elementor-element elementor-element-122d1ea elementor-widget elementor-widget-heading\" data-id=\"122d1ea\" data-element_type=\"widget\" data-widget_type=\"heading.default\">\n\t\t\t\t<div class=\"elementor-widget-container\">\n\t\t\t\t\t<h2 class=\"elementor-heading-title elementor-size-default\">C\u01a1 S\u1edf V\u1eadt Ch\u1ea5t<\/h2>\t\t\t\t<\/div>\n\t\t\t\t<\/div>\n\t\t\t\t<div class=\"elementor-element elementor-element-56d11ff elementor-widget elementor-widget-text-editor\" data-id=\"56d11ff\" data-element_type=\"widget\" data-widget_type=\"text-editor.default\">\n\t\t\t\t<div class=\"elementor-widget-container\">\n\t\t\t\t\t\t\t\t\t<p><span style=\"font-weight: 400;\">H\u1ec7 th\u1ed1ng kho b\u00e3i \u0111\u01b0\u1ee3c \u0111\u1ea7u t\u01b0 r\u1ed9ng l\u1edbn, trang thi\u1ebft b\u1ecb ti\u1ec7n nghi, d\u1ecbch v\u1ee5 kho b\u00e3i t\u1ed1t nh\u1ea5t v\u00e0 thu\u1eadn l\u1ee3i nh\u1ea5t.<\/span><\/p>\t\t\t\t\t\t\t\t<\/div>\n\t\t\t\t<\/div>\n\t\t\t\t<div class=\"elementor-element elementor-element-dba6953 elementor-widget elementor-widget-spacer\" data-id=\"dba6953\" data-element_type=\"widget\" data-widget_type=\"spacer.default\">\n\t\t\t\t<div class=\"elementor-widget-container\">\n\t\t\t\t\t\t\t<div class=\"elementor-spacer\">\n\t\t\t<div class=\"elementor-spacer-inner\"><\/div>\n\t\t<\/div>\n\t\t\t\t\t\t<\/div>\n\t\t\t\t<\/div>\n\t\t\t\t<div class=\"elementor-element elementor-element-0e34030 elementor-widget elementor-widget-heading\" data-id=\"0e34030\" data-element_type=\"widget\" data-widget_type=\"heading.default\">\n\t\t\t\t<div class=\"elementor-widget-container\">\n\t\t\t\t\t<h2 class=\"elementor-heading-title elementor-size-default\">An To\u00e0n<\/h2>\t\t\t\t<\/div>\n\t\t\t\t<\/div>\n\t\t\t\t<div class=\"elementor-element elementor-element-62d0b96 elementor-widget elementor-widget-text-editor\" data-id=\"62d0b96\" data-element_type=\"widget\" data-widget_type=\"text-editor.default\">\n\t\t\t\t<div class=\"elementor-widget-container\">\n\t\t\t\t\t\t\t\t\t<p><span style=\"font-weight: 400;\">100% of goods are insured for safety, with fire prevention systems meeting all technical standards and professional security personnel.<\/span><\/p>\t\t\t\t\t\t\t\t<\/div>\n\t\t\t\t<\/div>\n\t\t\t\t\t<\/div>\n\t\t<\/div>\n\t\t\t\t<div class=\"elementor-column elementor-col-33 elementor-inner-column elementor-element elementor-element-c8e8914\" data-id=\"c8e8914\" data-element_type=\"column\">\n\t\t\t<div class=\"elementor-widget-wrap elementor-element-populated\">\n\t\t\t\t\t\t<div class=\"elementor-element elementor-element-42a1f5d elementor-widget elementor-widget-image\" data-id=\"42a1f5d\" data-element_type=\"widget\" data-widget_type=\"image.default\">\n\t\t\t\t<div class=\"elementor-widget-container\">\n\t\t\t\t\t\t\t\t\t\t\t\t\t\t\t<img fetchpriority=\"high\" decoding=\"async\" width=\"708\" height=\"708\" src=\"https:\/\/kdexpress.ca\/wp-content\/uploads\/2023\/09\/KDLogo.png\" class=\"attachment-large size-large wp-image-158036\" alt=\"\" srcset=\"https:\/\/kdexpress.ca\/wp-content\/uploads\/2023\/09\/KDLogo.png 708w, https:\/\/kdexpress.ca\/wp-content\/uploads\/2023\/09\/KDLogo-300x300.png 300w, https:\/\/kdexpress.ca\/wp-content\/uploads\/2023\/09\/KDLogo-150x150.png 150w, https:\/\/kdexpress.ca\/wp-content\/uploads\/2023\/09\/KDLogo-12x12.png 12w, https:\/\/kdexpress.ca\/wp-content\/uploads\/2023\/09\/KDLogo-600x600.png 600w, https:\/\/kdexpress.ca\/wp-content\/uploads\/2023\/09\/KDLogo-100x100.png 100w\" sizes=\"(max-width: 708px) 100vw, 708px\" \/>\t\t\t\t\t\t\t\t\t\t\t\t\t\t\t<\/div>\n\t\t\t\t<\/div>\n\t\t\t\t\t<\/div>\n\t\t<\/div>\n\t\t\t\t<div class=\"elementor-column elementor-col-33 elementor-inner-column elementor-element elementor-element-6a02e1c\" data-id=\"6a02e1c\" data-element_type=\"column\">\n\t\t\t<div class=\"elementor-widget-wrap elementor-element-populated\">\n\t\t\t\t\t\t<div class=\"elementor-element elementor-element-176f427 elementor-widget elementor-widget-heading\" data-id=\"176f427\" data-element_type=\"widget\" data-widget_type=\"heading.default\">\n\t\t\t\t<div class=\"elementor-widget-container\">\n\t\t\t\t\t<h2 class=\"elementor-heading-title elementor-size-default\">B\u1ea3o m\u1eadt<\/h2>\t\t\t\t<\/div>\n\t\t\t\t<\/div>\n\t\t\t\t<div class=\"elementor-element elementor-element-7b8f340 elementor-widget elementor-widget-text-editor\" data-id=\"7b8f340\" data-element_type=\"widget\" data-widget_type=\"text-editor.default\">\n\t\t\t\t<div class=\"elementor-widget-container\">\n\t\t\t\t\t\t\t\t\t<p><span style=\"font-weight: 400;\">Kho b\u00e3i \u0111\u01b0\u1ee3c \u0111\u1ea7u t\u01b0 h\u1ec7 th\u1ed1ng an ninh nghi\u00eam ng\u1eb7t, v\u00e0 l\u1eafp \u0111\u1eb7t h\u1ec7 th\u1ed1ng camera gi\u00e1m s\u00e1t 24\/24 nh\u1eb1m gi\u1eef an to\u00e0n tuy\u1ec7t \u0111\u1ed1i cho h\u00e0ng h\u00f3a c\u1ee7a kh\u00e1ch h\u00e0ng.<\/span><\/p>\t\t\t\t\t\t\t\t<\/div>\n\t\t\t\t<\/div>\n\t\t\t\t<div class=\"elementor-element elementor-element-23c04a9 elementor-widget elementor-widget-heading\" data-id=\"23c04a9\" data-element_type=\"widget\" data-widget_type=\"heading.default\">\n\t\t\t\t<div class=\"elementor-widget-container\">\n\t\t\t\t\t<h2 class=\"elementor-heading-title elementor-size-default\">Ch\u1ea5t l\u01b0\u1ee3ng cao<\/h2>\t\t\t\t<\/div>\n\t\t\t\t<\/div>\n\t\t\t\t<div class=\"elementor-element elementor-element-f5c4975 elementor-widget elementor-widget-text-editor\" data-id=\"f5c4975\" data-element_type=\"widget\" data-widget_type=\"text-editor.default\">\n\t\t\t\t<div class=\"elementor-widget-container\">\n\t\t\t\t\t\t\t\t\t<p><span style=\"font-weight: 400;\">\u0110\u1ea3m b\u1ea3o h\u00e0ng h\u00f3a \u0111\u1ee7 s\u1ed1 l\u01b0\u1ee3ng, v\u00e0 theo nguy\u00ean t\u1eafc \u201cnguy\u00ean c\u00f4ng, nguy\u00ean \u0111ai, nguy\u00ean ki\u1ec7n\u201d.<\/span><\/p>\t\t\t\t\t\t\t\t<\/div>\n\t\t\t\t<\/div>\n\t\t\t\t<div class=\"elementor-element elementor-element-23b915e elementor-widget elementor-widget-heading\" data-id=\"23b915e\" data-element_type=\"widget\" data-widget_type=\"heading.default\">\n\t\t\t\t<div class=\"elementor-widget-container\">\n\t\t\t\t\t<h2 class=\"elementor-heading-title elementor-size-default\">Th\u1ee7 t\u1ee5c \u0111\u01a1n gi\u1ea3n<\/h2>\t\t\t\t<\/div>\n\t\t\t\t<\/div>\n\t\t\t\t<div class=\"elementor-element elementor-element-fe5e8c5 elementor-widget elementor-widget-text-editor\" data-id=\"fe5e8c5\" data-element_type=\"widget\" data-widget_type=\"text-editor.default\">\n\t\t\t\t<div class=\"elementor-widget-container\">\n\t\t\t\t\t\t\t\t\t<p><span style=\"font-weight: 400;\">H\u1ed7 tr\u1ee3 gi\u1ea3i quy\u1ebft v\u1ea5n \u0111\u1ec1 v\u1ec1 c\u00e1c th\u1ee7 t\u1ee5c c\u1ee7a l\u00f4 h\u00e0ng m\u1ed9t c\u00e1ch nhanh ch\u00f3ng. Gi\u00fap c\u00e1c doanh nghi\u1ec7p ti\u1ebft ki\u1ec7m \u0111\u01b0\u1ee3c chi ph\u00ed ph\u00e1t sinh trong qu\u00e1 tr\u00ecnh xu\u1ea5t - nh\u1eadp v\u1edbi s\u1ed1 l\u01b0\u1ee3ng nh\u1ecf, v\u1eeba v\u00e0 l\u1edbn. Kh\u1ea3 n\u0103ng x\u1eed l\u00fd v\u00e0 kinh nghi\u1ec7m logistics chuy\u00ean nghi\u1ec7p c\u0169ng nh\u01b0 n\u0103ng l\u1ef1c \u0111\u1ed3ng b\u1ed9.<\/span><\/p>\t\t\t\t\t\t\t\t<\/div>\n\t\t\t\t<\/div>\n\t\t\t\t\t<\/div>\n\t\t<\/div>\n\t\t\t\t\t<\/div>\n\t\t<\/section>\n\t\t\t\t\t<\/div>\n\t\t<\/div>\n\t\t\t\t\t<\/div>\n\t\t<\/section>\n\t\t\t\t<section class=\"elementor-section elementor-top-section elementor-element elementor-element-8b9d146 elementor-section-boxed elementor-section-height-default elementor-section-height-default\" data-id=\"8b9d146\" data-element_type=\"section\">\n\t\t\t\t\t\t<div class=\"elementor-container elementor-column-gap-default\">\n\t\t\t\t\t<div class=\"elementor-column elementor-col-100 elementor-top-column elementor-element elementor-element-1a5dbc9\" data-id=\"1a5dbc9\" data-element_type=\"column\">\n\t\t\t<div class=\"elementor-widget-wrap elementor-element-populated\">\n\t\t\t\t\t\t<div class=\"elementor-element elementor-element-58e0259 elementor-widget elementor-widget-heading\" data-id=\"58e0259\" data-element_type=\"widget\" data-widget_type=\"heading.default\">\n\t\t\t\t<div class=\"elementor-widget-container\">\n\t\t\t\t\t<h2 class=\"elementor-heading-title elementor-size-default\">Ban c\u1ea7n th\u00eam th\u00f4ng tin? Li\u00ean h\u1ec7 ch\u00fang t\u00f4i ngay!<\/h2>\t\t\t\t<\/div>\n\t\t\t\t<\/div>\n\t\t\t\t\t<\/div>\n\t\t<\/div>\n\t\t\t\t\t<\/div>\n\t\t<\/section>\n\t\t\t\t<\/div>","protected":false},"excerpt":{"rendered":"<p>Storage Rental Services Get a quote Ship Now STORAGE RENTAL SERVICES At KDExpress, we specialize in delivering efficient, secure, and convenient goods storage services. Our state-of-the-art warehouse system ensures that we provide flexible and reliable storage solutions to meet the needs of our valued customers. Our Storage Approach Businesses want to save on goods management [&hellip;]<\/p>","protected":false},"author":148,"featured_media":0,"parent":0,"menu_order":0,"comment_status":"closed","ping_status":"closed","template":"","meta":{"site-sidebar-layout":"no-sidebar","site-content-layout":"page-builder","ast-site-content-layout":"","site-content-style":"default","site-sidebar-style":"default","ast-global-header-display":"","ast-banner-title-visibility":"","ast-main-header-display":"","ast-hfb-above-header-display":"","ast-hfb-below-header-display":"","ast-hfb-mobile-header-display":"","site-post-title":"disabled","ast-breadcrumbs-content":"","ast-featured-img":"disabled","footer-sml-layout":"","theme-transparent-header-meta":"","adv-header-id-meta":"","stick-header-meta":"","header-above-stick-meta":"","header-main-stick-meta":"","header-below-stick-meta":"","astra-migrate-meta-layouts":"default","ast-page-background-enabled":"default","ast-page-background-meta":{"desktop":{"background-color":"var(--ast-global-color-4)","background-image":"","background-repeat":"repeat","background-position":"center center","background-size":"auto","background-attachment":"scroll","background-type":"","background-media":"","overlay-type":"","overlay-color":"","overlay-opacity":"","overlay-gradient":""},"tablet":{"background-color":"","background-image":"","background-repeat":"repeat","background-position":"center center","background-size":"auto","background-attachment":"scroll","background-type":"","background-media":"","overlay-type":"","overlay-color":"","overlay-opacity":"","overlay-gradient":""},"mobile":{"background-color":"","background-image":"","background-repeat":"repeat","background-position":"center center","background-size":"auto","background-attachment":"scroll","background-type":"","background-media":"","overlay-type":"","overlay-color":"","overlay-opacity":"","overlay-gradient":""}},"ast-content-background-meta":{"desktop":{"background-color":"var(--ast-global-color-5)","background-image":"","background-repeat":"repeat","background-position":"center center","background-size":"auto","background-attachment":"scroll","background-type":"","background-media":"","overlay-type":"","overlay-color":"","overlay-opacity":"","overlay-gradient":""},"tablet":{"background-color":"var(--ast-global-color-5)","background-image":"","background-repeat":"repeat","background-position":"center center","background-size":"auto","background-attachment":"scroll","background-type":"","background-media":"","overlay-type":"","overlay-color":"","overlay-opacity":"","overlay-gradient":""},"mobile":{"background-color":"var(--ast-global-color-5)","background-image":"","background-repeat":"repeat","background-position":"center center","background-size":"auto","background-attachment":"scroll","background-type":"","background-media":"","overlay-type":"","overlay-color":"","overlay-opacity":"","overlay-gradient":""}},"footnotes":""},"class_list":["post-157967","page","type-page","status-publish","hentry"],"_links":{"self":[{"href":"https:\/\/kdexpress.ca\/vi\/wp-json\/wp\/v2\/pages\/157967","targetHints":{"allow":["GET"]}}],"collection":[{"href":"https:\/\/kdexpress.ca\/vi\/wp-json\/wp\/v2\/pages"}],"about":[{"href":"https:\/\/kdexpress.ca\/vi\/wp-json\/wp\/v2\/types\/page"}],"author":[{"embeddable":true,"href":"https:\/\/kdexpress.ca\/vi\/wp-json\/wp\/v2\/users\/148"}],"replies":[{"embeddable":true,"href":"https:\/\/kdexpress.ca\/vi\/wp-json\/wp\/v2\/comments?post=157967"}],"version-history":[{"count":0,"href":"https:\/\/kdexpress.ca\/vi\/wp-json\/wp\/v2\/pages\/157967\/revisions"}],"wp:attachment":[{"href":"https:\/\/kdexpress.ca\/vi\/wp-json\/wp\/v2\/media?parent=157967"}],"curies":[{"name":"wp","href":"https:\/\/api.w.org\/{rel}","templated":true}]}}