{"id":152161,"date":"2023-07-06T23:13:56","date_gmt":"2023-07-07T06:13:56","guid":{"rendered":"https:\/\/kdexpress.ca\/?page_id=152161"},"modified":"2023-10-02T00:20:25","modified_gmt":"2023-10-02T07:20:25","slug":"ship-now-local","status":"publish","type":"page","link":"https:\/\/kdexpress.ca\/vi\/ship-now-local\/","title":{"rendered":"Ship Now Local"},"content":{"rendered":"<div data-elementor-type=\"wp-page\" data-elementor-id=\"152161\" class=\"elementor elementor-152161\">\n\t\t\t\t\t\t<section class=\"elementor-section elementor-top-section elementor-element elementor-element-d5f7b7e elementor-section-boxed elementor-section-height-default elementor-section-height-default\" data-id=\"d5f7b7e\" data-element_type=\"section\">\n\t\t\t\t\t\t<div class=\"elementor-container elementor-column-gap-default\">\n\t\t\t\t\t<div class=\"elementor-column elementor-col-100 elementor-top-column elementor-element elementor-element-b1b8948\" data-id=\"b1b8948\" data-element_type=\"column\">\n\t\t\t<div class=\"elementor-widget-wrap elementor-element-populated\">\n\t\t\t\t\t\t<div class=\"elementor-element elementor-element-d186f16 elementor-widget elementor-widget-heading\" data-id=\"d186f16\" data-element_type=\"widget\" data-widget_type=\"heading.default\">\n\t\t\t\t<div class=\"elementor-widget-container\">\n\t\t\t\t\t<h2 class=\"elementor-heading-title elementor-size-default\">G\u1eedi H\u00e0ng Ngay<\/h2>\t\t\t\t<\/div>\n\t\t\t\t<\/div>\n\t\t\t\t<div class=\"elementor-element elementor-element-b53613a elementor-widget elementor-widget-text-editor\" data-id=\"b53613a\" data-element_type=\"widget\" data-widget_type=\"text-editor.default\">\n\t\t\t\t<div class=\"elementor-widget-container\">\n\t\t\t\t\t\t\t\t\t<p>L\u1ef1a ch\u1ecdn d\u1ecbch v\u1ee5 v\u1eadn chuy\u1ec3n<\/p>\t\t\t\t\t\t\t\t<\/div>\n\t\t\t\t<\/div>\n\t\t\t\t\t<\/div>\n\t\t<\/div>\n\t\t\t\t\t<\/div>\n\t\t<\/section>\n\t\t\t\t<section class=\"elementor-section elementor-top-section elementor-element elementor-element-19c0b00 elementor-section-boxed elementor-section-height-default elementor-section-height-default\" data-id=\"19c0b00\" data-element_type=\"section\" data-settings=\"{&quot;background_background&quot;:&quot;gradient&quot;}\">\n\t\t\t\t\t\t<div class=\"elementor-container elementor-column-gap-default\">\n\t\t\t\t\t<div class=\"elementor-column elementor-col-100 elementor-top-column elementor-element elementor-element-771b4e5\" data-id=\"771b4e5\" data-element_type=\"column\">\n\t\t\t<div class=\"elementor-widget-wrap elementor-element-populated\">\n\t\t\t\t\t\t<section class=\"elementor-section elementor-inner-section elementor-element elementor-element-7a2efc2 elementor-section-boxed elementor-section-height-default elementor-section-height-default\" data-id=\"7a2efc2\" data-element_type=\"section\">\n\t\t\t\t\t\t<div class=\"elementor-container elementor-column-gap-default\">\n\t\t\t\t\t<div class=\"elementor-column elementor-col-50 elementor-inner-column elementor-element elementor-element-e9bf597\" data-id=\"e9bf597\" data-element_type=\"column\" data-settings=\"{&quot;background_background&quot;:&quot;classic&quot;}\">\n\t\t\t<div class=\"elementor-widget-wrap elementor-element-populated\">\n\t\t\t\t\t\t<div class=\"elementor-element elementor-element-dc8b814 elementor-widget elementor-widget-heading\" data-id=\"dc8b814\" data-element_type=\"widget\" data-widget_type=\"heading.default\">\n\t\t\t\t<div class=\"elementor-widget-container\">\n\t\t\t\t\t<h2 class=\"elementor-heading-title elementor-size-default\">Canada - Vietnam<\/h2>\t\t\t\t<\/div>\n\t\t\t\t<\/div>\n\t\t\t\t\t<\/div>\n\t\t<\/div>\n\t\t\t\t<div class=\"elementor-column elementor-col-50 elementor-inner-column elementor-element elementor-element-c730af9\" data-id=\"c730af9\" data-element_type=\"column\" data-settings=\"{&quot;background_background&quot;:&quot;classic&quot;}\">\n\t\t\t<div class=\"elementor-widget-wrap elementor-element-populated\">\n\t\t\t\t\t\t<div class=\"elementor-element elementor-element-92ca765 elementor-widget elementor-widget-heading\" data-id=\"92ca765\" data-element_type=\"widget\" data-widget_type=\"heading.default\">\n\t\t\t\t<div class=\"elementor-widget-container\">\n\t\t\t\t\t<h2 class=\"elementor-heading-title elementor-size-default\"><a href=\"http:\/\/kdexpress.ca\/vi\/ship-now\/\">N\u1ed9i \u0111\u1ecba Canada &amp; Qu\u1ed1c t\u1ebf<\/a><\/h2>\t\t\t\t<\/div>\n\t\t\t\t<\/div>\n\t\t\t\t\t<\/div>\n\t\t<\/div>\n\t\t\t\t\t<\/div>\n\t\t<\/section>\n\t\t\t\t<section class=\"elementor-section elementor-inner-section elementor-element elementor-element-eb076db elementor-section-boxed elementor-section-height-default elementor-section-height-default\" data-id=\"eb076db\" data-element_type=\"section\">\n\t\t\t\t\t\t<div class=\"elementor-container elementor-column-gap-default\">\n\t\t\t\t\t<div class=\"elementor-column elementor-col-100 elementor-inner-column elementor-element elementor-element-e8eb65b\" data-id=\"e8eb65b\" data-element_type=\"column\">\n\t\t\t<div class=\"elementor-widget-wrap elementor-element-populated\">\n\t\t\t\t\t\t<div class=\"elementor-element elementor-element-a65dab4 elementor-widget elementor-widget-text-editor\" data-id=\"a65dab4\" data-element_type=\"widget\" data-widget_type=\"text-editor.default\">\n\t\t\t\t<div class=\"elementor-widget-container\">\n\t\t\t\t\t\t\t\t\t<p>\t\t<div id=\"wpcsr-qoute-wrapper\">\n\t\t\t<div class=\"wpcsr-search-box single-search\">\n\t<form id=\"wpcsr-findrate\" class=\"wpcsr-quote-book mb-0\" action=\"#\" method=\"post\" data-trp-original-action=\"#\">\n\t\t<input type=\"hidden\" id=\"quote_request_nonce_field\" name=\"quote_request_nonce_field\" value=\"20e9c33359\" \/><input type=\"hidden\" name=\"_wp_http_referer\" value=\"\/vi\/wp-json\/wp\/v2\/pages\/152161\" \/>\t\t<input type=\"hidden\" name=\"search-type\" value=\"0\">\n\t\t<div id=\"wpcsr-srequest-wrapper\" class=\"wpcargo-container\">\n\t\t\t<div id=\"rate-container\">\n\t\t\t\t<div class=\"location-information-section wpcargo-row\">\n\t\t\t\t\t<div class=\"wpcargo-col-lg-5 search-box\">\n\t\t\t\t\t\t<div class=\"collection-from-section\">\n\t\t\t\t\t\t\t<section class=\"wpcsr-sc-label\">\n\t\t\t\t\t\t\t\t<span class=\"request-label label-from\">Collection from:<\/span>\n\t\t\t\t\t\t\t<\/section>\n\t\t\t\t\t\t\t<section class=\"wpcsr-sc-content\">\n\t\t\t\t\t\t\t\t<div class=\"content-fields\">\n\t\t\t\t\t\t\t\t\t<section class=\"field-section origin-location\">\n\t\t\t\t\t\t\t\t\t\t<select id=\"wpcsr-origin\" class=\"form-control browser-default custom-select\" name=\"shipment-from\" required=\"required\">\n\t\t\t\t\t\t\t\t\t\t\t\t\t\t\t\t\t\t\t\t\t\t\t<option value=\"\"><i>Country<\/i><\/option>\n\t\t\t\t\t\t\t\t\t\t\t\t\t\t\t\t\t\t\t\t\t\t\t\t\t<option value=\"12\" >Abbotsford<\/option>\n\t\t\t\t\t\t\t\t\t\t\t\t\t\t\t\t\t\t\t\t\t\t\t\t\t<option value=\"8\" >H\u00e0 N\u1ed9i<\/option>\n\t\t\t\t\t\t\t\t\t\t\t\t\t\t\t\t\t\t\t\t\t\t\t\t\t<option value=\"9\" >H\u1ea3i Ph\u00f2ng<\/option>\n\t\t\t\t\t\t\t\t\t\t\t\t\t\t\t\t\t\t\t\t\t\t\t\t\t<option value=\"11\" >Regina<\/option>\n\t\t\t\t\t\t\t\t\t\t\t\t\t\t\t\t\t\t\t\t\t\t\t\t\t<option value=\"10\" >TP H\u1ed3 Ch\u00ed Minh<\/option>\n\t\t\t\t\t\t\t\t\t\t\t\t\t\t\t\t\t\t\t\t\t\t\t\t\t<option value=\"5\" >Toronto<\/option>\n\t\t\t\t\t\t\t\t\t\t\t\t\t\t\t\t\t\t\t\t\t\t\t\t\t<option value=\"4\" >Vancouver<\/option>\n\t\t\t\t\t\t\t\t\t\t\t\t\t\t\t\t\t\t\t\t\t\t\t\t\t\t\t\t\t\t\t\t\t<\/select>\n\t\t\t\t\t\t\t\t\t<\/section>\n\t\t\t\t\t\t\t\t\t<section class=\"field-section origin-postcode\">\n\t\t\t\t\t\t\t\t\t\t<input id=\"origin_postcode\" type=\"text\" name=\"origin_postcode\" value=\"\" class=\"form-control\" placeholder=\"Postcode\">\n\t\t\t\t\t\t\t\t\t<\/section>\n\t\t\t\t\t\t\t\t\t<section>\n\t\t\t\t\t\t\t\t\t\t\t\t\t\t\t\t\t\t\t<\/section>\n\t\t\t\t\t\t\t\t<\/div>\n\t\t\t\t\t\t\t<\/section>\n\t\t\t\t\t\t<\/div>\n\t\t\t\t\t<\/div>\n\t\t\t\t\t<div class=\"wpcargo-col-lg-2 text-center\" style=\"margin: auto\">\n\t\t\t\t\t\t<i class=\"fa fa-chevron-circle-right\"><\/i>\n\t\t\t\t\t<\/div>\n\t\t\t\t\t<div class=\"wpcargo-col-lg-5 search-box\">\n\t\t\t\t\t\t<div class=\"deliver-to-section\">\n\t\t\t\t\t\t\t<section class=\"wpcsr-sc-label\">\n\t\t\t\t\t\t\t\t<span class=\"request-label label-to\">Delivery to:<\/span>\n\t\t\t\t\t\t\t<\/section>\n\t\t\t\t\t\t\t<section class=\"wpcsr-sc-content\">\n\t\t\t\t\t\t\t\t<div class=\"content-fields\">\n\t\t\t\t\t\t\t\t\t<section class=\"field-section destination-location\">\n\t\t\t\t\t\t\t\t\t\t<select id=\"wpcsr-destination\" class=\"form-control browser-default custom-select\" name=\"shipment-to\" required=\"required\" disabled=\"disabled\">\n\t\t\t\t\t\t\t\t\t\t\t\t\t\t\t\t\t\t\t\t\t\t\t<option class=\"default\" value=\"\"><i>Country<\/i><\/option>\n\t\t\t\t\t\t\t\t\t\t\t\t\t\t\t\t\t\t\t\t\t<\/select>\n\t\t\t\t\t\t\t\t\t<\/section>\n\t\t\t\t\t\t\t\t\t<section class=\"field-section destination-postcode\">\n\t\t\t\t\t\t\t\t\t\t<input id=\"destination_postcode\" type=\"text\" name=\"destination_postcode\" value=\"\" class=\"form-control\" placeholder=\"Postcode\">\t\n\t\t\t\t\t\t\t\t\t<\/section>\n\t\t\t\t\t\t\t\t\t<section>\n\t\t\t\t\t\t\t\t\t\t\t\t\t\t\t\t\t\t\t<\/section>\n\t\t\t\t\t\t\t\t<\/div>\n\t\t\t\t\t\t\t<\/section>\n\t\t\t\t\t\t<\/div>\n\t\t\t\t\t<\/div>\n\t\t\t\t<\/div>\n\t\t\t\t<div id=\"parcel-dimension\">\n\t\t\t\t\t\t\t\t\t\t<section class=\"wpcsr-sc-label dim-section\">\n\t\t\t\t\t\t<span class=\"request-label\">Package Type<\/span>\n\t\t\t\t\t\t\t\t\t\t\t\t\t\t\t\t\t\t\t\t<label for=\"package-type-Carton\" class=\"package-type-label\">\n\t\t\t\t\t\t\t\t<input type=\"radio\" name=\"wpc-pm-piece-type\" class=\"package-type\" value=\"Carton\" id=\"package-type-Carton\" >\n\t\t\t\t\t\t\t\tCarton\t\t\t\t\t\t\t<\/label>\n\t\t\t\t\t\t\t\t\t\t\t<\/section>\n\t\t\t\t\t<section id=\"surcharge-wrapper\" class=\"dim-section repeater\">\n  <span class=\"request-label\">Surcharges<\/span>\n  <div data-repeater-list=\"wpcsr-surcharges\">\n          <div class=\"col-md-12 mb-2\" data-repeater-item>\n        <div class=\"row\">\n          <div class=\"col-md-3\">\n            <select name=\"wpcssr_surcharge_item\" class=\"form-control browser-default\">\n              <option value=\"\">&#8212; Select Items &#8212;<\/option>\n                              <option value=\"7\" >IPhone 15 v\u00e0 \u0111i\u1ec7n tho\u1ea1i Android kh\u00e1c c\u00f9ng m\u1ee9c gi\u00e1 tr\u1ecb<\/option>\n                              <option value=\"8\" >IPhone 14 v\u00e0 \u0111i\u1ec7n tho\u1ea1i Android kh\u00e1c c\u00f9ng m\u1ee9c gi\u00e1 tr\u1ecb<\/option>\n                              <option value=\"9\" >IPhone 13 v\u00e0 \u0111i\u1ec7n tho\u1ea1i Android kh\u00e1c c\u00f9ng m\u1ee9c gi\u00e1 tr\u1ecb m\u1edbi nguy\u00ean seal<\/option>\n                              <option value=\"10\" >IPhone 13 v\u00e0 \u0111i\u1ec7n tho\u1ea1i Android kh\u00e1c c\u00f9ng m\u1ee9c gi\u00e1 tr\u1ecb \u0111\u00e3 qua s\u1eed d\u1ee5ng<\/option>\n                              <option value=\"28\" >C\u00e1c lo\u1ea1i r\u01b0\u1ee3u v\u00e0 \u0111\u1ed3 u\u1ed1ng c\u00f3 c\u1ed3n<\/option>\n                              <option value=\"29\" >C\u00e1c lo\u1ea1i x\u00ec g\u00e0, thu\u1ed1c l\u00e1<\/option>\n                              <option value=\"30\" >IPhone 16 v\u00e0 \u0111i\u1ec7n tho\u1ea1i Android kh\u00e1c c\u00f9ng m\u1ee9c gi\u00e1 tr\u1ecb<\/option>\n                              <option value=\"31\" >IPhone 15 v\u00e0 \u0111i\u1ec7n tho\u1ea1i Android kh\u00e1c c\u00f9ng m\u1ee9c gi\u00e1 tr\u1ecb \u0111\u00e3 qua s\u1eed d\u1ee5ng\u00a0<\/option>\n                              <option value=\"32\" >B\u1ea3o hi\u1ec3m h\u00e0ng ho\u00e1 \u0111\u1ec3 \u0111\u01b0\u1ee3c \u0111\u1ec1n b\u00f9 100%<\/option>\n                              <option value=\"33\" >\u0110\u00f3ng g\u00f3i\/ Repack<\/option>\n                              <option value=\"34\" >Ki\u1ec7n h\u00e0ng qu\u00e1 kh\u1ed5<\/option>\n                              <option value=\"36\" >Pin (dung l\u01b0\u1ee3ng nh\u1ecf)<\/option>\n                              <option value=\"39\" >Ch\u1ea5t l\u1ecfng (kh\u00f4ng \u0111\u1ed9c h\u1ea1i)<\/option>\n                              <option value=\"44\" >T\u01b0\u1ee3ng &gt; 20 cm<\/option>\n                              <option value=\"49\" >Namecard<\/option>\n                              <option value=\"50\" >N\u01b0\u1edbc hoa<\/option>\n                              <option value=\"52\" >Fake t\u00fai, m\u1eaft k\u00ednh, th\u1eaft l\u01b0ng, c\u00e1c lo\u1ea1i ph\u1ee5 ki\u1ec7n th\u01b0\u01a1ng hi\u1ec7u<\/option>\n                              <option value=\"56\" >\u0110\u1ed3ng h\u1ed3 Fake<\/option>\n                              <option value=\"59\" >H\u00e0ng \u0111\u00f4ng tr\u00f9ng<\/option>\n                              <option value=\"69\" >R\u01b0\u1ee3u (t\u00f9y tr\u1ecb gi\u00e1\/ ki\u1ec7n)<\/option>\n                              <option value=\"75\" >Pin (dung l\u01b0\u1ee3ng l\u1edbn)<\/option>\n                              <option value=\"78\" >M\u00e2y,Tre,G\u1ed7<\/option>\n                              <option value=\"80\" >R\u01b0\u1ee3u (Ki\u1ec7n)<\/option>\n                              <option value=\"81\" >T\u01b0\u1ee3ng (&amp;lt; 20Cm,)<\/option>\n                              <option value=\"82\" >T\u01b0\u1ee3ng (&gt;20cm)<\/option>\n                              <option value=\"83\" >\u0110\u1ed3ng h\u1ed3 th\u01b0\u1eddng ( th\u01b0\u01a1ng hi\u1ec7u )<\/option>\n                              <option value=\"84\" >\u0110\u1ed3ng h\u1ed3 th\u01b0\u1eddng ( fake )<\/option>\n                              <option value=\"98\" >M\u00e1y t\u00ednh b\u1ea3ng tr\u1ecb gi\u00e1 t\u1edbi $1001 ( \u0111\u00e3 s\u1eed d\u1ee5ng )<\/option>\n                              <option value=\"99\" >Laptop\/Desktop\/CPU tr\u1ecb gi\u00e1 t\u1edbi $2000 ( nguy\u00ean seal )<\/option>\n                              <option value=\"100\" >Laptop\/Desktop\/CPU tr\u1ecb gi\u00e1 t\u1edbi $2001 ( \u0111\u00e3 s\u1eed d\u1ee5ng )<\/option>\n                          <\/select>\n          <\/div>\n          <div class=\"col-md-2\">\n            <input type=\"number\" name=\"wpcssr_surcharge_qty\" class=\"form-control wpcssr_surcharge_qty\" placeholder=\"Qty.\" \/>\n          <\/div>\n          <div class=\"col-md-2\">\n            <input type=\"text\" name=\"wpcssr_surcharge_val\" class=\"form-control wpcssr_surcharge_val\" placeholder=\"Value\" \/>\n          <\/div>\n          <div class=\"col-md-2\">\n            <button type=\"button\" data-repeater-delete class=\"btn btn-danger btn-sm\"><i class=\"fa fa-trash\"><\/i><\/button>\n          <\/div>\n        <\/div>\n      <\/div>\n      <\/div>\n  <button type=\"button\" data-repeater-create class=\"btn btn-primary btn-sm\"><i class=\"fa fa-plus\"><\/i><\/button>\n<\/section>\t\t\t\t\t<section id=\"wpcsr-parcels\" class=\"dim-section\">\n\t\t\t\t\t\t<span class=\"request-label\">Please enter your parcel details<\/span>\n\t\t\t\t\t\t<div class=\"table-responsive\">\n\t\t\t\t\t\t\t<table class=\"table wpcargo-table-wrapper wpcsr-parcel-wrapper wpcargo-container\" data-repeater-list=\"wpc-multiple-package\">\n\t\t\t\t\t\t\t\t<thead>\n\t\t\t\t\t\t\t\t\t<tr>\n\t\t\t\t\t\t\t\t\t\t<th>Qty<\/th>\n\t\t\t\t\t\t\t\t\t\t<th>Weight<\/th>\n\t\t\t\t\t\t\t\t\t\t\t\t\t\t\t\t\t\t\t\t\t<th>Length<\/th>\n\t\t\t\t\t\t\t\t\t\t\t<th>Width<\/th>\n\t\t\t\t\t\t\t\t\t\t\t<th>Height<\/th>\n\t\t\t\t\t\t\t\t\t\t\t\t\t\t\t\t\t\t\t\t\t\t\t\t\t\t\t\t\t\t\t<th>Value<\/th>\n\t\t\t\t\t\t\t\t\t\t\t\t\t\t\t\t\t\t\t\t\t\t\t\t\t\t\t\t\t\t\t<th>&nbsp;<\/th>\n\t\t\t\t\t\t\t\t\t\t\t\t\t\t\t\t\t\t\t\t\n\t\t\t\t\t\t\t\t\t<\/tr>\n\t\t\t\t\t\t\t\t<\/thead>\n\t\t\t\t\t\t\t\t<tbody>\n\t\t\t\t\t\t\t\t\t\t\t\t\t\t\t\t\t\t\t<tr data-repeater-item>\n\t\t\t\t\t\t\t\t\t\t\t<td>\n\t\t\t\t\t\t\t\t\t\t\t\t<div class=\"wpcsr-package-input\">\n\t\t\t\t\t\t\t\t\t\t\t\t\t<input type=\"number\" class=\"form-control\" name=\"wpc-pm-qty\" min=\"1\">\n\t\t\t\t\t\t\t\t\t\t\t\t<\/div>\n\t\t\t\t\t\t\t\t\t\t\t\t<div class=\"wpcsr-unit\">\n\t\t\t\t\t\t\t\t\t\t\t\t\t<span>pcs<\/span>\n\t\t\t\t\t\t\t\t\t\t\t\t<\/div>\n\t\t\t\t\t\t\t\t\t\t\t<\/td>\n\t\t\t\t\t\t\t\t\t\t\t<td>\n\t\t\t\t\t\t\t\t\t\t\t\t<div class=\"wpcsr-package-input\">\n\t\t\t\t\t\t\t\t\t\t\t\t\t<input type=\"text\" class=\"form-control\" name=\"wpc-pm-weight\" value=\"\" required=\"required\">\n\t\t\t\t\t\t\t\t\t\t\t\t<\/div>\n\t\t\t\t\t\t\t\t\t\t\t\t<div class=\"wpcsr-unit\">\n\t\t\t\t\t\t\t\t\t\t\t\t\t<span>kg<\/span>\n\t\t\t\t\t\t\t\t\t\t\t\t<\/div>\n\t\t\t\t\t\t\t\t\t\t\t<\/td>\n\t\t\t\t\t\t\t\t\t\t\t\t\t\t\t\t\t\t\t\t\t\t\t<td>\n\t\t\t\t\t\t\t\t\t\t\t\t\t<div class=\"wpcsr-package-input\">\n\t\t\t\t\t\t\t\t\t\t\t\t\t\t<input type=\"number\" class=\"form-control\" name=\"wpc-pm-length\" value=\"\" min=\"1\">\n\t\t\t\t\t\t\t\t\t\t\t\t\t<\/div>\n\t\t\t\t\t\t\t\t\t\t\t\t\t<div class=\"wpcsr-unit\">\n\t\t\t\t\t\t\t\t\t\t\t\t\t\t<span>cm<\/span>\n\t\t\t\t\t\t\t\t\t\t\t\t\t<\/div>\n\t\t\t\t\t\t\t\t\t\t\t\t<\/td>\n\t\t\t\t\t\t\t\t\t\t\t\t<td>\n\t\t\t\t\t\t\t\t\t\t\t\t\t<div class=\"wpcsr-package-input\">\n\t\t\t\t\t\t\t\t\t\t\t\t\t\t<input type=\"number\" class=\"form-control\" name=\"wpc-pm-width\" value=\"\" min=\"1\">\n\t\t\t\t\t\t\t\t\t\t\t\t\t<\/div>\n\t\t\t\t\t\t\t\t\t\t\t\t\t<div class=\"wpcsr-unit\">\n\t\t\t\t\t\t\t\t\t\t\t\t\t\t<span>cm<\/span>\n\t\t\t\t\t\t\t\t\t\t\t\t\t<\/div>\n\t\t\t\t\t\t\t\t\t\t\t\t<\/td>\n\t\t\t\t\t\t\t\t\t\t\t\t<td>\n\t\t\t\t\t\t\t\t\t\t\t\t\t<div class=\"wpcsr-package-input\">\n\t\t\t\t\t\t\t\t\t\t\t\t\t\t<input type=\"number\" class=\"form-control\" name=\"wpc-pm-height\" value=\"\" min=\"1\">\n\t\t\t\t\t\t\t\t\t\t\t\t\t<\/div>\n\t\t\t\t\t\t\t\t\t\t\t\t\t<div class=\"wpcsr-unit\">\n\t\t\t\t\t\t\t\t\t\t\t\t\t\t<span>cm<\/span>\n\t\t\t\t\t\t\t\t\t\t\t\t\t<\/div>\n\t\t\t\t\t\t\t\t\t\t\t\t<\/td>\n\t\t\t\t\t\t\t\t\t\t\t\t\t\t\t\t\t\t\t\t\t\t\t\t\t\t\t\t\t\t\t\t\t\t<td>\n\t\t\t\t\t\t\t\t\t\t\t\t\t<div class=\"wpcsr-package-input\">\n\t\t\t\t\t\t\t\t\t\t\t\t\t\t<input type=\"text\" class=\"form-control\" name=\"wpc-pm-value\" value=\"\" required=\"required\">\n\t\t\t\t\t\t\t\t\t\t\t\t\t<\/div>\n\t\t\t\t\t\t\t\t\t\t\t\t\t<div class=\"wpcsr-unit\">\n\t\t\t\t\t\t\t\t\t\t\t\t\t\t<span>&#36;<\/span>\n\t\t\t\t\t\t\t\t\t\t\t\t\t<\/div>\n\t\t\t\t\t\t\t\t\t\t\t\t<\/td>\n\t\t\t\t\t\t\t\t\t\t\t\t\t\t\t\t\t\t\t\t\t\t\t\t\t\t\t\t\t\t\t\t\t<td>\n\t\t\t\t\t\t\t\t\t\t\t\t<span class=\"dashicons dashicons-plus repeater-add\" alt=\"Add\" data-repeater-create><\/span>\n\t\t\t\t\t\t\t\t\t\t\t\t<span class=\"dashicons dashicons-minus repeater-delete\" alt=\"Delete\" data-repeater-delete><\/span>\n\t\t\t\t\t\t\t\t\t\t\t<\/td>\n\t\t\t\t\t\t\t\t\t\t\t\t\t\t\t\t\t\t\t\t\t<\/tr>\n\t\t\t\t\t\t\t\t\t   \n\t\t\t\t\t\t\t\t<\/tbody>\n\t\t\t\t\t\t\t<\/table>\n\t\t\t\t\t\t<\/div>\n\t\t\t\t\t<\/section>\n\t\t\t\t<\/div>\n\t\t\t\t<div class=\"quote_book_wrap text-center\">\t\t\t\n\t\t\t\t\t<input type=\"submit\" class=\"wpcargo-btn wpcargo-btn-primary quote_book\" value=\"Quote &#038; Book\" \/>\t\n\t\t\t\t<\/div>\n\t\t\t<\/div>\t\n\t\t<\/div>\n\t<input type=\"hidden\" name=\"trp-form-language\" value=\"vi\"\/><\/form>\n<\/div>\t\t<\/div>\n\t\t<\/p>\t\t\t\t\t\t\t\t<\/div>\n\t\t\t\t<\/div>\n\t\t\t\t\t<\/div>\n\t\t<\/div>\n\t\t\t\t\t<\/div>\n\t\t<\/section>\n\t\t\t\t\t<\/div>\n\t\t<\/div>\n\t\t\t\t\t<\/div>\n\t\t<\/section>\n\t\t\t\t<\/div>","protected":false},"excerpt":{"rendered":"<p>SHIP NOW Choose a shipping service Canada &#8211; Vietnam Domestic Canada &#038; International<\/p>","protected":false},"author":76,"featured_media":0,"parent":0,"menu_order":0,"comment_status":"closed","ping_status":"closed","template":"","meta":{"site-sidebar-layout":"no-sidebar","site-content-layout":"page-builder","ast-site-content-layout":"","site-content-style":"default","site-sidebar-style":"default","ast-global-header-display":"","ast-banner-title-visibility":"","ast-main-header-display":"","ast-hfb-above-header-display":"","ast-hfb-below-header-display":"","ast-hfb-mobile-header-display":"","site-post-title":"disabled","ast-breadcrumbs-content":"","ast-featured-img":"disabled","footer-sml-layout":"","theme-transparent-header-meta":"default","adv-header-id-meta":"","stick-header-meta":"default","header-above-stick-meta":"","header-main-stick-meta":"","header-below-stick-meta":"","astra-migrate-meta-layouts":"default","ast-page-background-enabled":"default","ast-page-background-meta":{"desktop":{"background-color":"var(--ast-global-color-4)","background-image":"","background-repeat":"repeat","background-position":"center center","background-size":"auto","background-attachment":"scroll","background-type":"","background-media":"","overlay-type":"","overlay-color":"","overlay-opacity":"","overlay-gradient":""},"tablet":{"background-color":"","background-image":"","background-repeat":"repeat","background-position":"center center","background-size":"auto","background-attachment":"scroll","background-type":"","background-media":"","overlay-type":"","overlay-color":"","overlay-opacity":"","overlay-gradient":""},"mobile":{"background-color":"","background-image":"","background-repeat":"repeat","background-position":"center center","background-size":"auto","background-attachment":"scroll","background-type":"","background-media":"","overlay-type":"","overlay-color":"","overlay-opacity":"","overlay-gradient":""}},"ast-content-background-meta":{"desktop":{"background-color":"var(--ast-global-color-5)","background-image":"","background-repeat":"repeat","background-position":"center center","background-size":"auto","background-attachment":"scroll","background-type":"","background-media":"","overlay-type":"","overlay-color":"","overlay-opacity":"","overlay-gradient":""},"tablet":{"background-color":"var(--ast-global-color-5)","background-image":"","background-repeat":"repeat","background-position":"center center","background-size":"auto","background-attachment":"scroll","background-type":"","background-media":"","overlay-type":"","overlay-color":"","overlay-opacity":"","overlay-gradient":""},"mobile":{"background-color":"var(--ast-global-color-5)","background-image":"","background-repeat":"repeat","background-position":"center center","background-size":"auto","background-attachment":"scroll","background-type":"","background-media":"","overlay-type":"","overlay-color":"","overlay-opacity":"","overlay-gradient":""}},"footnotes":""},"class_list":["post-152161","page","type-page","status-publish","hentry"],"_links":{"self":[{"href":"https:\/\/kdexpress.ca\/vi\/wp-json\/wp\/v2\/pages\/152161","targetHints":{"allow":["GET"]}}],"collection":[{"href":"https:\/\/kdexpress.ca\/vi\/wp-json\/wp\/v2\/pages"}],"about":[{"href":"https:\/\/kdexpress.ca\/vi\/wp-json\/wp\/v2\/types\/page"}],"author":[{"embeddable":true,"href":"https:\/\/kdexpress.ca\/vi\/wp-json\/wp\/v2\/users\/76"}],"replies":[{"embeddable":true,"href":"https:\/\/kdexpress.ca\/vi\/wp-json\/wp\/v2\/comments?post=152161"}],"version-history":[{"count":0,"href":"https:\/\/kdexpress.ca\/vi\/wp-json\/wp\/v2\/pages\/152161\/revisions"}],"wp:attachment":[{"href":"https:\/\/kdexpress.ca\/vi\/wp-json\/wp\/v2\/media?parent=152161"}],"curies":[{"name":"wp","href":"https:\/\/api.w.org\/{rel}","templated":true}]}}